{"id":955,"date":"2021-02-05T12:08:33","date_gmt":"2021-02-05T11:08:33","guid":{"rendered":"https:\/\/www.camping-valkenburg.com\/?page_id=955"},"modified":"2023-08-03T12:01:04","modified_gmt":"2023-08-03T10:01:04","slug":"professionnels","status":"publish","type":"page","link":"https:\/\/www.camping-valkenburg.com\/fr\/professionnels\/","title":{"rendered":"Professionnels"},"content":{"rendered":"<div class=\"wpb-content-wrapper\"><p>[vc_row][vc_column][vc_single_image image=\u00a0\u00bb2312&Prime; img_size=\u00a0\u00bbfull\u00a0\u00bb alignment=\u00a0\u00bbcenter\u00a0\u00bb]<div class=\"wrappedcontent\">[vc_column_text]<\/p>\n<h2 style=\"text-align: center;\">D\u00c9PLACEMENTS PROFESSIONNELS<\/h2>\n<p>[\/vc_column_text][vc_empty_space height=\u00a0\u00bb50px\u00a0\u00bb][vc_column_text]<\/p>\n<p style=\"text-align: center;\"><strong><span style=\"color: #e84e1b;\">La meilleure alternative \u00e0 l\u2019h\u00f4tellerie pour votre s\u00e9jour professionnel !<\/span><\/strong><\/p>\n<p style=\"text-align: center;\">Vous \u00eates en d\u00e9placement professionnel, mission temporaire, formation, vous \u00eates exposant ou visiteur de salons\u2026 \u00e0 Valkenburg ou Maastricht ? D\u00e9couvrez le City Kamp de Valkenburg-Maastricht. A proximit\u00e9 de Valkenburg et \u00e0 environ 15 minutes en train ou voiture de Maastricht, vous \u00eates id\u00e9alement plac\u00e9 pour vous rendre en ville tout en \u00e9tant en pleine nature !<\/p>\n<p>[\/vc_column_text][vc_column_text]<\/p>\n<p style=\"text-align: center;\">Plus \u00e9conomique qu\u2019un h\u00f4tel, ce camping est une alternative nature pour votre s\u00e9jour. Pour une nuit ou plusieurs semaines ? Tout est possible !<\/p>\n<p>[\/vc_column_text][vc_empty_space height=\u00a0\u00bb60px\u00a0\u00bb][vc_column_text]<\/p>\n<h3 style=\"text-align: center;\"><strong><span style=\"color: #e84e1b;\">LE CONFORT EN PLEINE NATURE<\/span><\/strong><\/h3>\n<p>[\/vc_column_text][vc_empty_space height=\u00a0\u00bb30px\u00a0\u00bb][vc_masonry_media_grid gap=\u00a0\u00bb10&Prime; item=\u00a0\u00bb843&Prime; grid_id=\u00a0\u00bbvc_gid:1691056824873-dd131f43-76a1-1&Prime; include=\u00a0\u00bb1029,2891,1041&Prime;][vc_empty_space]<div class=\"text-center btnwrap\"><a class=\"btn btn-huttopia-cta\" href=\"https:\/\/checkout.citykamp.com\/search?sessionID=2\" role=\"button\" target=\"\" onclick=\"dataLayer.push({'event':'clickCity', 'clickText':'R\u00c9SERVEZ VOTRE S\u00c9JOUR'})\">R\u00c9SERVEZ VOTRE S\u00c9JOUR<\/a><\/div>[vc_empty_space height=\u00a0\u00bb60px\u00a0\u00bb][vc_column_text]<\/p>\n<h3 style=\"text-align: center;\"><strong><span style=\"color: #e84e1b;\">TRAVAILLEZ, S\u00c9JOURNEZ&#8230; D\u00c9CONNECTEZ !<\/span><\/strong><\/h3>\n<p>[\/vc_column_text][vc_empty_space height=\u00a0\u00bb30px\u00a0\u00bb][vc_row_inner gap=\u00a0\u00bb30&Prime; css=\u00a0\u00bb.vc_custom_1689929401277{margin-left: -0.5px !important;}\u00a0\u00bb][vc_column_inner width=\u00a0\u00bb1\/3&Prime;][vc_single_image image=\u00a0\u00bb2907&Prime; img_size=\u00a0\u00bb600*400&Prime;][vc_empty_space][vc_column_text]<\/p>\n<p style=\"text-align: center;\"><strong>NOTRE BELLE PISCINE CHAUFF\u00c9E<br \/>\n<\/strong>Rien de mieux pour se d\u00e9lasser en fin de journ\u00e9e.<\/p>\n<p>[\/vc_column_text][\/vc_column_inner][vc_column_inner width=\u00a0\u00bb1\/3&Prime;][vc_single_image image=\u00a0\u00bb2911&Prime; img_size=\u00a0\u00bb600*400&Prime;][vc_empty_space][vc_column_text]<\/p>\n<p style=\"text-align: center;\"><strong>PAINS ET VIENNOISERIES<br \/>\n<\/strong><span style=\"font-size: 12pt;\">Sur commande, pour un vrai petit d\u00e9jeuner ! Un coin \u00e9picerie est \u00e0 disposition avec des produits de d\u00e9pannage.<br \/>\n<\/span><\/p>\n<p>[\/vc_column_text][\/vc_column_inner][vc_column_inner width=\u00a0\u00bb1\/3&Prime;][vc_single_image image=\u00a0\u00bb2928&Prime; img_size=\u00a0\u00bb600*400&Prime;][vc_empty_space][vc_column_text]<\/p>\n<p style=\"text-align: center;\"><strong>WI-FI GRATUIT<\/strong><\/p>\n<p>[\/vc_column_text][\/vc_column_inner][\/vc_row_inner][vc_row_inner gap=\u00a0\u00bb30&Prime; css=\u00a0\u00bb.vc_custom_1689929401277{margin-left: -0.5px !important;}\u00a0\u00bb][vc_column_inner width=\u00a0\u00bb1\/3&Prime;][vc_single_image image=\u00a0\u00bb2919&Prime; img_size=\u00a0\u00bb600*400&Prime;][vc_empty_space][vc_column_text]<\/p>\n<p style=\"text-align: center;\"><strong>BAR<br \/>\n<\/strong>Pour boire un verre entre coll\u00e8gues ou se d\u00e9tendre apr\u00e8s une longue journ\u00e9e de travail. <em>(pendant les jours d\u2019ouverture du restaurant).<br \/>\n<span style=\"font-size: 10pt;\">Ouvert selon les p\u00e9riodes.<\/span><br \/>\n<\/em><\/p>\n<p>[\/vc_column_text][\/vc_column_inner][vc_column_inner width=\u00a0\u00bb1\/3&Prime;][vc_single_image image=\u00a0\u00bb2915&Prime; img_size=\u00a0\u00bb600*400&Prime;][vc_empty_space][vc_column_text]<\/p>\n<p style=\"text-align: center;\"><strong>FOOD TRUCK<br \/>\n<\/strong><span style=\"font-size: 12pt;\">Pour d\u00e9guster une pizza maison&#8230;<br \/>\n<em><span style=\"font-size: 10pt;\">Ouvert selon les p\u00e9riodes.<\/span><\/em><\/span><\/p>\n<p>[\/vc_column_text][\/vc_column_inner][vc_column_inner width=\u00a0\u00bb1\/3&Prime;][vc_single_image image=\u00a0\u00bb1399&Prime; img_size=\u00a0\u00bb600*400&Prime;][vc_empty_space][vc_column_text]<\/p>\n<p style=\"text-align: center;\"><strong>ACTIVIT\u00c9S<br \/>\n<\/strong><span style=\"font-size: 12pt;\">Profitez des \u00e9quipements \u00e0 votre disposition pour vous changer les id\u00e9es : table de ping-pong, terrains de p\u00e9tanque, city stade, baby-foot\u2026<br \/>\n<\/span><\/p>\n<p>[\/vc_column_text][\/vc_column_inner][\/vc_row_inner][vc_empty_space height=\u00a0\u00bb60px\u00a0\u00bb][vc_row_inner gap=\u00a0\u00bb30&Prime; css=\u00a0\u00bb.vc_custom_1691056861136{margin-left: -0.5px !important;background-color: rgba(232,78,27,0.2) !important;*background-color: rgb(232,78,27) !important;}\u00a0\u00bb][vc_column_inner width=\u00a0\u00bb1\/6&Prime;][vc_single_image image=\u00a0\u00bb2937&Prime; img_size=\u00a0\u00bb71*71&Prime; alignment=\u00a0\u00bbcenter\u00a0\u00bb css=\u00a0\u00bb.vc_custom_1689936376042{padding-bottom: 10px !important;}\u00a0\u00bb][vc_column_text]<\/p>\n<p style=\"text-align: center;\"><span style=\"color: #e84e1b;\"><strong>Accueil<br \/>\n7j\/7<\/strong><\/span><\/p>\n<p>[\/vc_column_text][\/vc_column_inner][vc_column_inner width=\u00a0\u00bb1\/6&Prime;][vc_single_image image=\u00a0\u00bb2941&Prime; img_size=\u00a0\u00bb71*71&Prime; alignment=\u00a0\u00bbcenter\u00a0\u00bb css=\u00a0\u00bb.vc_custom_1689936399121{padding-bottom: 10px !important;}\u00a0\u00bb][vc_column_text]<\/p>\n<p style=\"text-align: center;\"><span style=\"color: #e84e1b;\"><strong>Wi-fi<br \/>\ngratuit<\/strong><\/span><\/p>\n<p>[\/vc_column_text][\/vc_column_inner][vc_column_inner width=\u00a0\u00bb1\/6&Prime;][vc_single_image image=\u00a0\u00bb2945&Prime; img_size=\u00a0\u00bb71*71&Prime; alignment=\u00a0\u00bbcenter\u00a0\u00bb css=\u00a0\u00bb.vc_custom_1689936404635{padding-bottom: 10px !important;}\u00a0\u00bb][vc_column_text]<\/p>\n<p style=\"text-align: center;\"><span style=\"color: #e84e1b;\"><strong>Parking<br \/>\ngratuit<\/strong><\/span><\/p>\n<p>[\/vc_column_text][\/vc_column_inner][vc_column_inner width=\u00a0\u00bb1\/6&Prime;][vc_single_image image=\u00a0\u00bb2949&Prime; img_size=\u00a0\u00bb71*71&Prime; alignment=\u00a0\u00bbcenter\u00a0\u00bb css=\u00a0\u00bb.vc_custom_1689936414035{padding-bottom: 10px !important;}\u00a0\u00bb][vc_column_text]<\/p>\n<p style=\"text-align: center;\"><span style=\"color: #e84e1b;\"><strong>Draps et linge<br \/>\nde toilette inclus<\/strong><\/span><\/p>\n<p>[\/vc_column_text][\/vc_column_inner][vc_column_inner width=\u00a0\u00bb1\/6&Prime;][vc_single_image image=\u00a0\u00bb2953&Prime; img_size=\u00a0\u00bb71*71&Prime; alignment=\u00a0\u00bbcenter\u00a0\u00bb css=\u00a0\u00bb.vc_custom_1689936418902{padding-bottom: 10px !important;}\u00a0\u00bb][vc_column_text]<\/p>\n<p style=\"text-align: center;\"><span style=\"color: #e84e1b;\"><strong>Restauration et<br \/>\npetite \u00e9picerie<\/strong><\/span><\/p>\n<p>[\/vc_column_text][\/vc_column_inner][vc_column_inner width=\u00a0\u00bb1\/6&Prime;][vc_single_image image=\u00a0\u00bb2957&Prime; img_size=\u00a0\u00bb71*71&Prime; alignment=\u00a0\u00bbcenter\u00a0\u00bb css=\u00a0\u00bb.vc_custom_1689936423558{padding-bottom: 10px !important;}\u00a0\u00bb][vc_column_text]<\/p>\n<p style=\"text-align: center;\"><span style=\"color: #e84e1b;\"><strong>Petit-d\u00e9jeuner<\/strong><\/span><\/p>\n<p>[\/vc_column_text][\/vc_column_inner][\/vc_row_inner][vc_empty_space height=\u00a0\u00bb60&Prime;][vc_column_text]<\/p>\n<h3 style=\"text-align: center;\"><strong><span style=\"color: #e84e1b;\">UNE SITUATION ID\u00c9ALE<\/span><\/strong><\/h3>\n<p style=\"text-align: center;\">Un coin de nature \u00e0 proximit\u00e9 de Valkenburg et Maastricht<\/p>\n<p>[\/vc_column_text][vc_empty_space height=\u00a0\u00bb30px\u00a0\u00bb][vc_column_text]<\/p>\n<ul>\n<li>\u00c0 2 km de Valkenburg<\/li>\n<li>\u00c0 environ 15 minutes de Maastricht en train et voiture<\/li>\n<\/ul>\n<p>[\/vc_column_text][vc_empty_space height=\u00a0\u00bb50px\u00a0\u00bb][vc_row_inner equal_height=\u00a0\u00bbyes\u00a0\u00bb gap=\u00a0\u00bb15&Prime; css=\u00a0\u00bb.vc_custom_1612523623513{margin-left: -0.5px !important;}\u00a0\u00bb][vc_column_inner width=\u00a0\u00bb1\/3&Prime; css=\u00a0\u00bb.vc_custom_1612523483281{background-color: #e8e8e8 !important;}\u00a0\u00bb][vc_icon icon_fontawesome=\u00a0\u00bbfar fa-map\u00a0\u00bb color=\u00a0\u00bbcustom\u00a0\u00bb size=\u00a0\u00bblg\u00a0\u00bb align=\u00a0\u00bbcenter\u00a0\u00bb custom_color=\u00a0\u00bb#e84e1b\u00a0\u00bb css=\u00a0\u00bb.vc_custom_1676306404170{margin-bottom: -10px !important;padding-top: 15px !important;}\u00a0\u00bb link=\u00a0\u00bburl:https%3A%2F%2Fmedia.huttopia.com%2Fdestinations%2Fvalkenburg-maastricht%2Fplan-citykamp-camping-valkenburg-maastricht.pdf\u00a0\u00bb][vc_column_text css=\u00a0\u00bb.vc_custom_1676306410490{padding-top: 25px !important;padding-right: 15px !important;padding-bottom: 15px !important;padding-left: 15px !important;}\u00a0\u00bb]<\/p>\n<p style=\"text-align: center;\"><a href=\"https:\/\/media.huttopia.com\/destinations\/valkenburg-maastricht\/plan-citykamp-camping-valkenburg-maastricht.pdf\" target=\"_blank\" rel=\"noopener noreferrer\"><strong>Plan du camping<\/strong><\/a><\/p>\n<p>[\/vc_column_text][\/vc_column_inner][vc_column_inner width=\u00a0\u00bb1\/3&Prime; css=\u00a0\u00bb.vc_custom_1612523488415{background-color: #e8e8e8 !important;}\u00a0\u00bb][vc_icon icon_fontawesome=\u00a0\u00bbfar fa-envelope\u00a0\u00bb color=\u00a0\u00bbcustom\u00a0\u00bb size=\u00a0\u00bblg\u00a0\u00bb align=\u00a0\u00bbcenter\u00a0\u00bb custom_color=\u00a0\u00bb#e84e1b\u00a0\u00bb css=\u00a0\u00bb.vc_custom_1613384102636{margin-bottom: -10px !important;padding-top: 15px !important;}\u00a0\u00bb][vc_column_text css=\u00a0\u00bb.vc_custom_1612523349283{padding-top: 25px !important;padding-right: 15px !important;padding-bottom: 15px !important;padding-left: 15px !important;}\u00a0\u00bb]<\/p>\n<p style=\"text-align: center;\"><a href=\"http:\/\/checkout.citykamp.com\/site\/fr\/907\" target=\"_blank\" rel=\"noopener noreferrer\"><strong>R\u00e9servez votre s\u00e9jour<\/strong><\/a><\/p>\n<p>[\/vc_column_text][\/vc_column_inner][vc_column_inner width=\u00a0\u00bb1\/3&Prime; css=\u00a0\u00bb.vc_custom_1612523492977{background-color: #e8e8e8 !important;}\u00a0\u00bb][vc_icon icon_fontawesome=\u00a0\u00bbfas fa-map-marker-alt\u00a0\u00bb color=\u00a0\u00bbcustom\u00a0\u00bb size=\u00a0\u00bblg\u00a0\u00bb align=\u00a0\u00bbcenter\u00a0\u00bb custom_color=\u00a0\u00bb#e84e1b\u00a0\u00bb css=\u00a0\u00bb.vc_custom_1613384107768{margin-bottom: -10px !important;padding-top: 15px !important;}\u00a0\u00bb][vc_column_text css=\u00a0\u00bb.vc_custom_1613122789772{padding-top: 25px !important;padding-right: 15px !important;padding-bottom: 15px !important;padding-left: 15px !important;}\u00a0\u00bb]<\/p>\n<p style=\"text-align: center;\"><a href=\"https:\/\/www.google.com\/maps\/place\/Camping+Valkenburg+-+Maastricht\/@50.8813096,5.8336073,15z\/data=!4m2!3m1!1s0x0:0x474dde9153135d13?sa=X&amp;ved=2ahUKEwiK-9a27M_uAhWl8uAKHXfFBhcQ_BIwC3oECBcQBQ\" target=\"_blank\" rel=\"noopener noreferrer\"><strong>Itin\u00e9raire<\/strong><\/a><\/p>\n<p>[\/vc_column_text][\/vc_column_inner][vc_column_inner][\/vc_column_inner][\/vc_row_inner]<\/div>\n    <div id=\"map94457\" class=\"map\"><\/div>\n    <script type=\"text\/javascript\">\n        let iconType = L.icon({\n            iconUrl: baseDirectory + '\/img\/pin.png',\n            iconSize: [22, 48],\n            iconAnchor: [11, 46],\n            popupAnchor: [0, -46]\n        });\n        let map = L.map('map94457', {\n            center: L.latLng(50.86523, 5.83205),\n            zoom: 10.8,\n            layers: [L.tileLayer('https:\/\/cartodb-basemaps-b.global.ssl.fastly.net\/light_all\/{z}\/{x}\/{y}.png', {\n                attribution: '&copy; <a href=\"https:\/\/www.openstreetmap.org\/copyright\">OpenStreetMap<\/a>'\n            })],\n            zoomSnap: 0.2\n        });\n        setTimeout(map.invalidateSize.bind(map), 100);\n        let contentString = '<div id=\"content\">' +\n            '<div id=\"siteNotice\">' +\n            '<\/div>' +\n            '<h4 id=\"firstHeading\" class=\"firstHeading\">Camping Valkenburg - Maastricht<\/h4>' +\n            '<div id=\"bodyContent\">' +\n            '<p><\/p>' +\n            '<p>Stoepertweg 5 6301 WP Valkenburg<\/p>' +\n            '<\/div>' +\n            '<\/div>';\n        let marker = L.marker([50.86523, 5.83205], {icon: iconType}).addTo(map);\n        marker.bindPopup(contentString).openPopup();\n        let iwOuter = document.querySelector('.leaflet-popup-content-wrapper');\n        let iwArrow = document.querySelector('.leaflet-popup-tip');\n        iwOuter.style.backgroundColor = '#E84E1B';\n        iwArrow.style.backgroundColor = '#E84E1B';\n    <\/script>\n    [\/vc_column][\/vc_row]<\/p>\n<\/div>","protected":false},"excerpt":{"rendered":"<p>[vc_row][vc_column][vc_single_image image=\u00a0\u00bb2312&Prime; img_size=\u00a0\u00bbfull\u00a0\u00bb alignment=\u00a0\u00bbcenter\u00a0\u00bb][\/vc_column][\/vc_row]<\/p>\n","protected":false},"author":16,"featured_media":0,"parent":0,"menu_order":0,"comment_status":"closed","ping_status":"closed","template":"","meta":{"footnotes":""},"class_list":["post-955","page","type-page","status-publish","hentry"],"yoast_head":"<!-- This site is optimized with the Yoast SEO plugin v25.6 - https:\/\/yoast.com\/wordpress\/plugins\/seo\/ -->\n<title>D\u00e9placements professionnels - Camping Valkenburg - Maastricht<\/title>\n<meta name=\"description\" content=\"Vous \u00eates en d\u00e9placement \u00e0 Valkenburg ou Maastricht ? S\u00e9journez dans un camping pour votre s\u00e9jour professionnel : l&#039;alternative nature pour d\u00e9connecter, aux portes de ces deux villes !\" \/>\n<meta name=\"robots\" content=\"index, follow, max-snippet:-1, max-image-preview:large, max-video-preview:-1\" \/>\n<link rel=\"canonical\" href=\"https:\/\/www.camping-valkenburg.com\/fr\/professionnels\/\" \/>\n<meta property=\"og:locale\" content=\"fr_FR\" \/>\n<meta property=\"og:type\" content=\"article\" \/>\n<meta property=\"og:title\" content=\"D\u00e9placements professionnels - Camping Valkenburg - Maastricht\" \/>\n<meta property=\"og:description\" content=\"Vous \u00eates en d\u00e9placement \u00e0 Valkenburg ou Maastricht ? S\u00e9journez dans un camping pour votre s\u00e9jour professionnel : l&#039;alternative nature pour d\u00e9connecter, aux portes de ces deux villes !\" \/>\n<meta property=\"og:url\" content=\"https:\/\/www.camping-valkenburg.com\/fr\/professionnels\/\" \/>\n<meta property=\"og:site_name\" content=\"Camping Valkenburg - Maastricht\" \/>\n<meta property=\"article:modified_time\" content=\"2023-08-03T10:01:04+00:00\" \/>\n<meta name=\"twitter:card\" content=\"summary_large_image\" \/>\n<meta name=\"twitter:label1\" content=\"Est. reading time\" \/>\n\t<meta name=\"twitter:data1\" content=\"3 minutes\" \/>\n<script type=\"application\/ld+json\" class=\"yoast-schema-graph\">{\"@context\":\"https:\/\/schema.org\",\"@graph\":[{\"@type\":\"WebPage\",\"@id\":\"https:\/\/www.camping-valkenburg.com\/fr\/professionnels\/\",\"url\":\"https:\/\/www.camping-valkenburg.com\/fr\/professionnels\/\",\"name\":\"D\u00e9placements professionnels - Camping Valkenburg - Maastricht\",\"isPartOf\":{\"@id\":\"https:\/\/www.camping-valkenburg.com\/fr\/#website\"},\"datePublished\":\"2021-02-05T11:08:33+00:00\",\"dateModified\":\"2023-08-03T10:01:04+00:00\",\"description\":\"Vous \u00eates en d\u00e9placement \u00e0 Valkenburg ou Maastricht ? S\u00e9journez dans un camping pour votre s\u00e9jour professionnel : l'alternative nature pour d\u00e9connecter, aux portes de ces deux villes !\",\"breadcrumb\":{\"@id\":\"https:\/\/www.camping-valkenburg.com\/fr\/professionnels\/#breadcrumb\"},\"inLanguage\":\"fr-FR\",\"potentialAction\":[{\"@type\":\"ReadAction\",\"target\":[\"https:\/\/www.camping-valkenburg.com\/fr\/professionnels\/\"]}]},{\"@type\":\"BreadcrumbList\",\"@id\":\"https:\/\/www.camping-valkenburg.com\/fr\/professionnels\/#breadcrumb\",\"itemListElement\":[{\"@type\":\"ListItem\",\"position\":1,\"name\":\"Accueil\",\"item\":\"https:\/\/www.camping-valkenburg.com\/fr\/\"},{\"@type\":\"ListItem\",\"position\":2,\"name\":\"Professionnels\"}]},{\"@type\":\"WebSite\",\"@id\":\"https:\/\/www.camping-valkenburg.com\/fr\/#website\",\"url\":\"https:\/\/www.camping-valkenburg.com\/fr\/\",\"name\":\"Camping Valkenburg - Maastricht\",\"description\":\"Un site utilisant Citykamp\",\"potentialAction\":[{\"@type\":\"SearchAction\",\"target\":{\"@type\":\"EntryPoint\",\"urlTemplate\":\"https:\/\/www.camping-valkenburg.com\/fr\/?s={search_term_string}\"},\"query-input\":{\"@type\":\"PropertyValueSpecification\",\"valueRequired\":true,\"valueName\":\"search_term_string\"}}],\"inLanguage\":\"fr-FR\"}]}<\/script>\n<!-- \/ Yoast SEO plugin. -->","yoast_head_json":{"title":"D\u00e9placements professionnels - Camping Valkenburg - Maastricht","description":"Vous \u00eates en d\u00e9placement \u00e0 Valkenburg ou Maastricht ? S\u00e9journez dans un camping pour votre s\u00e9jour professionnel : l'alternative nature pour d\u00e9connecter, aux portes de ces deux villes !","robots":{"index":"index","follow":"follow","max-snippet":"max-snippet:-1","max-image-preview":"max-image-preview:large","max-video-preview":"max-video-preview:-1"},"canonical":"https:\/\/www.camping-valkenburg.com\/fr\/professionnels\/","og_locale":"fr_FR","og_type":"article","og_title":"D\u00e9placements professionnels - Camping Valkenburg - Maastricht","og_description":"Vous \u00eates en d\u00e9placement \u00e0 Valkenburg ou Maastricht ? S\u00e9journez dans un camping pour votre s\u00e9jour professionnel : l'alternative nature pour d\u00e9connecter, aux portes de ces deux villes !","og_url":"https:\/\/www.camping-valkenburg.com\/fr\/professionnels\/","og_site_name":"Camping Valkenburg - Maastricht","article_modified_time":"2023-08-03T10:01:04+00:00","twitter_card":"summary_large_image","twitter_misc":{"Est. reading time":"3 minutes"},"schema":{"@context":"https:\/\/schema.org","@graph":[{"@type":"WebPage","@id":"https:\/\/www.camping-valkenburg.com\/fr\/professionnels\/","url":"https:\/\/www.camping-valkenburg.com\/fr\/professionnels\/","name":"D\u00e9placements professionnels - Camping Valkenburg - Maastricht","isPartOf":{"@id":"https:\/\/www.camping-valkenburg.com\/fr\/#website"},"datePublished":"2021-02-05T11:08:33+00:00","dateModified":"2023-08-03T10:01:04+00:00","description":"Vous \u00eates en d\u00e9placement \u00e0 Valkenburg ou Maastricht ? S\u00e9journez dans un camping pour votre s\u00e9jour professionnel : l'alternative nature pour d\u00e9connecter, aux portes de ces deux villes !","breadcrumb":{"@id":"https:\/\/www.camping-valkenburg.com\/fr\/professionnels\/#breadcrumb"},"inLanguage":"fr-FR","potentialAction":[{"@type":"ReadAction","target":["https:\/\/www.camping-valkenburg.com\/fr\/professionnels\/"]}]},{"@type":"BreadcrumbList","@id":"https:\/\/www.camping-valkenburg.com\/fr\/professionnels\/#breadcrumb","itemListElement":[{"@type":"ListItem","position":1,"name":"Accueil","item":"https:\/\/www.camping-valkenburg.com\/fr\/"},{"@type":"ListItem","position":2,"name":"Professionnels"}]},{"@type":"WebSite","@id":"https:\/\/www.camping-valkenburg.com\/fr\/#website","url":"https:\/\/www.camping-valkenburg.com\/fr\/","name":"Camping Valkenburg - Maastricht","description":"Un site utilisant Citykamp","potentialAction":[{"@type":"SearchAction","target":{"@type":"EntryPoint","urlTemplate":"https:\/\/www.camping-valkenburg.com\/fr\/?s={search_term_string}"},"query-input":{"@type":"PropertyValueSpecification","valueRequired":true,"valueName":"search_term_string"}}],"inLanguage":"fr-FR"}]}},"_links":{"self":[{"href":"https:\/\/www.camping-valkenburg.com\/fr\/wp-json\/wp\/v2\/pages\/955","targetHints":{"allow":["GET"]}}],"collection":[{"href":"https:\/\/www.camping-valkenburg.com\/fr\/wp-json\/wp\/v2\/pages"}],"about":[{"href":"https:\/\/www.camping-valkenburg.com\/fr\/wp-json\/wp\/v2\/types\/page"}],"author":[{"embeddable":true,"href":"https:\/\/www.camping-valkenburg.com\/fr\/wp-json\/wp\/v2\/users\/16"}],"replies":[{"embeddable":true,"href":"https:\/\/www.camping-valkenburg.com\/fr\/wp-json\/wp\/v2\/comments?post=955"}],"version-history":[{"count":6,"href":"https:\/\/www.camping-valkenburg.com\/fr\/wp-json\/wp\/v2\/pages\/955\/revisions"}],"predecessor-version":[{"id":2887,"href":"https:\/\/www.camping-valkenburg.com\/fr\/wp-json\/wp\/v2\/pages\/955\/revisions\/2887"}],"wp:attachment":[{"href":"https:\/\/www.camping-valkenburg.com\/fr\/wp-json\/wp\/v2\/media?parent=955"}],"curies":[{"name":"wp","href":"https:\/\/api.w.org\/{rel}","templated":true}]}}