{"id":885,"date":"2021-02-05T09:30:17","date_gmt":"2021-02-05T08:30:17","guid":{"rendered":"https:\/\/www.camping-valkenburg.com\/?page_id=885"},"modified":"2023-12-19T10:04:51","modified_gmt":"2023-12-19T09:04:51","slug":"region","status":"publish","type":"page","link":"https:\/\/www.camping-valkenburg.com\/fr\/region\/","title":{"rendered":"R\u00e9gion"},"content":{"rendered":"<div class=\"wpb-content-wrapper\"><p>[vc_row][vc_column][vc_single_image image=\u00a0\u00bb2785&Prime; img_size=\u00a0\u00bb1900&#215;500&Prime; alignment=\u00a0\u00bbcenter\u00a0\u00bb][\/vc_column][\/vc_row][vc_row][vc_column]<div class=\"wrappedcontent\">[vc_column_text]<\/p>\n<h3>D\u00e9couvrez Valkenburg et Maastricht !<\/h3>\n<p>Le Camping de Valkenburg-Maastricht est id\u00e9alement situ\u00e9 pour d\u00e9couvrir Valkenburg et ses tr\u00e9sors mais aussi pour s&rsquo;offrir une escapade \u00e0 Maastricht, l&rsquo;une des plus vieille ville de Hollande.[\/vc_column_text][vc_empty_space height=\u00a0\u00bb50px\u00a0\u00bb][vc_column_text]<\/p>\n<h4 style=\"text-align: center;\"><span style=\"color: #e84e1b;\">\u2014 Visitez Valkenburg \u2014<\/span><\/h4>\n<p>[\/vc_column_text][vc_empty_space height=\u00a0\u00bb40px\u00a0\u00bb][vc_column_text]D\u00e9couvrez l\u2019environnement exceptionnel et les sites historiques de la jolie ville de Valkenburg. Venez d\u00e9couvrir les grottes de Valkenburg, celle ou les romains extrayaient la marne 2000 ans auparavant ou celle qui permettait aux cavaliers et r\u00e9sidents du ch\u00e2teau de s\u2019\u00e9chapper. Les ruines du ch\u00e2teau sont elles aussi a visiter. Pour finir pourquoi pas faire une tour au spa de la ville pour une pause d\u00e9tente.[\/vc_column_text][vc_empty_space height=\u00a0\u00bb40px\u00a0\u00bb][vc_masonry_media_grid element_width=\u00a0\u00bb3&Prime; gap=\u00a0\u00bb25&Prime; item=\u00a0\u00bb931&Prime; grid_id=\u00a0\u00bbvc_gid:1702976546677-df2dd0b6-b557-9&Prime; include=\u00a0\u00bb923,915,927,919&Prime; css=\u00a0\u00bb.vc_custom_1612517141514{margin-left: -0.5px !important;}\u00a0\u00bb]<\/div>[\/vc_column][\/vc_row][vc_row css=\u00a0\u00bb.vc_custom_1612514287937{background-color: #e8e8e8 !important;}\u00a0\u00bb][vc_column]<div class=\"wrappedcontent\">[vc_column_text]<\/p>\n<h4 style=\"text-align: center;\"><span style=\"color: #e84e1b;\">\u2014 Visitez Maastricht \u2014<\/span><\/h4>\n<p>[\/vc_column_text][vc_empty_space height=\u00a0\u00bb40px\u00a0\u00bb][vc_column_text]\u00c0 seulement 15 km, la petite ville du sud des Pays-Bas, Maastricht, vaut le d\u00e9tour. La capitale de la province du Limbourg, sa vieille ville faite de maisons en pierre et de rues pav\u00e9es, la cave de St Pieterburg et ses installations et ses magnifiques Basiliques sauront vous s\u00e9duire.[\/vc_column_text][vc_empty_space height=\u00a0\u00bb30px\u00a0\u00bb][vc_row_inner equal_height=\u00a0\u00bbyes\u00a0\u00bb gap=\u00a0\u00bb10&Prime; css=\u00a0\u00bb.vc_custom_1612517441162{margin-left: -0.5px !important;}\u00a0\u00bb][vc_column_inner width=\u00a0\u00bb2\/3&Prime;][vc_masonry_media_grid element_width=\u00a0\u00bb12&Prime; gap=\u00a0\u00bb25&Prime; item=\u00a0\u00bb950&Prime; grid_id=\u00a0\u00bbvc_gid:1702976546680-8401380e-f8ad-0&Prime; include=\u00a0\u00bb946&Prime; css=\u00a0\u00bb.vc_custom_1612518086158{margin-left: -0.5px !important;}\u00a0\u00bb][\/vc_column_inner][vc_column_inner width=\u00a0\u00bb1\/3&Prime;][vc_masonry_media_grid element_width=\u00a0\u00bb12&Prime; gap=\u00a0\u00bb25&Prime; item=\u00a0\u00bb950&Prime; grid_id=\u00a0\u00bbvc_gid:1702976546681-07be037a-d9b9-10&Prime; include=\u00a0\u00bb934&Prime; css=\u00a0\u00bb.vc_custom_1612518091566{margin-left: -0.5px !important;}\u00a0\u00bb][\/vc_column_inner][\/vc_row_inner][vc_row_inner equal_height=\u00a0\u00bbyes\u00a0\u00bb gap=\u00a0\u00bb10&Prime; css=\u00a0\u00bb.vc_custom_1612517446562{margin-left: -0.5px !important;}\u00a0\u00bb][vc_column_inner width=\u00a0\u00bb1\/3&Prime;][vc_masonry_media_grid element_width=\u00a0\u00bb12&Prime; gap=\u00a0\u00bb25&Prime; item=\u00a0\u00bb950&Prime; grid_id=\u00a0\u00bbvc_gid:1702976546681-7defb957-2edf-7&Prime; include=\u00a0\u00bb1508&Prime; css=\u00a0\u00bb.vc_custom_1613460836852{margin-left: -0.5px !important;}\u00a0\u00bb][\/vc_column_inner][vc_column_inner width=\u00a0\u00bb2\/3&Prime;][vc_masonry_media_grid element_width=\u00a0\u00bb12&Prime; gap=\u00a0\u00bb25&Prime; item=\u00a0\u00bb950&Prime; grid_id=\u00a0\u00bbvc_gid:1702976546683-7612770d-281a-8&Prime; include=\u00a0\u00bb942&Prime; css=\u00a0\u00bb.vc_custom_1612518102749{margin-left: -0.5px !important;}\u00a0\u00bb][\/vc_column_inner][\/vc_row_inner][vc_empty_space height=\u00a0\u00bb50px\u00a0\u00bb]<\/div>[\/vc_column][\/vc_row][vc_row gap=\u00a0\u00bb15&Prime; equal_height=\u00a0\u00bbyes\u00a0\u00bb css=\u00a0\u00bb.vc_custom_1613038221704{margin-left: -0.5px !important;}\u00a0\u00bb][vc_column]<div class=\"wrappedcontent\">[vc_row_inner equal_height=\u00a0\u00bbyes\u00a0\u00bb gap=\u00a0\u00bb15&Prime; css=\u00a0\u00bb.vc_custom_1612514937602{margin-left: -0.5px !important;}\u00a0\u00bb][vc_column_inner width=\u00a0\u00bb1\/3&Prime; css=\u00a0\u00bb.vc_custom_1612514640045{background-color: #e8e8e8 !important;}\u00a0\u00bb][vc_icon icon_fontawesome=\u00a0\u00bbfar fa-map\u00a0\u00bb color=\u00a0\u00bbcustom\u00a0\u00bb size=\u00a0\u00bblg\u00a0\u00bb align=\u00a0\u00bbcenter\u00a0\u00bb custom_color=\u00a0\u00bb#e84e1b\u00a0\u00bb css=\u00a0\u00bb.vc_custom_1676306854630{margin-bottom: -10px !important;padding-top: 15px !important;}\u00a0\u00bb link=\u00a0\u00bburl:https%3A%2F%2Fmedia.huttopia.com%2Fdestinations%2Fvalkenburg-maastricht%2Fplan-citykamp-camping-valkenburg-maastricht.pdf\u00a0\u00bb][vc_column_text css=\u00a0\u00bb.vc_custom_1676306597293{padding-top: 25px !important;padding-right: 15px !important;padding-bottom: 15px !important;padding-left: 15px !important;}\u00a0\u00bb]<\/p>\n<p style=\"text-align: center;\"><strong><a href=\"https:\/\/media.huttopia.com\/destinations\/valkenburg-maastricht\/plan-citykamp-camping-valkenburg-maastricht.pdf\" target=\"_blank\" rel=\"noopener noreferrer\">Plan du camping<\/a><\/strong><\/p>\n<p>[\/vc_column_text][\/vc_column_inner][vc_column_inner width=\u00a0\u00bb1\/3&Prime; css=\u00a0\u00bb.vc_custom_1612514647701{background-color: #e8e8e8 !important;}\u00a0\u00bb][vc_icon icon_fontawesome=\u00a0\u00bbfar fa-envelope\u00a0\u00bb color=\u00a0\u00bbcustom\u00a0\u00bb size=\u00a0\u00bblg\u00a0\u00bb align=\u00a0\u00bbcenter\u00a0\u00bb custom_color=\u00a0\u00bb#e84e1b\u00a0\u00bb css=\u00a0\u00bb.vc_custom_1612514723744{margin-bottom: -10px !important;padding-top: 15px !important;}\u00a0\u00bb][vc_column_text css=\u00a0\u00bb.vc_custom_1613123125640{padding-top: 25px !important;padding-right: 15px !important;padding-bottom: 15px !important;padding-left: 15px !important;}\u00a0\u00bb]<\/p>\n<p style=\"text-align: center;\"><strong><a href=\"https:\/\/www.camping-valkenburg.com\/fr\/contact\/\">Contact<\/a><\/strong><\/p>\n<p>[\/vc_column_text][\/vc_column_inner][vc_column_inner width=\u00a0\u00bb1\/3&Prime; css=\u00a0\u00bb.vc_custom_1612514658085{background-color: #e8e8e8 !important;}\u00a0\u00bb][vc_icon icon_fontawesome=\u00a0\u00bbfas fa-map-marker-alt\u00a0\u00bb color=\u00a0\u00bbcustom\u00a0\u00bb size=\u00a0\u00bblg\u00a0\u00bb align=\u00a0\u00bbcenter\u00a0\u00bb custom_color=\u00a0\u00bb#e84e1b\u00a0\u00bb css=\u00a0\u00bb.vc_custom_1612514735094{margin-bottom: -10px !important;padding-top: 15px !important;}\u00a0\u00bb][vc_column_text css=\u00a0\u00bb.vc_custom_1613123129403{padding-top: 25px !important;padding-right: 15px !important;padding-bottom: 15px !important;padding-left: 15px !important;}\u00a0\u00bb]<\/p>\n<p style=\"text-align: center;\"><strong><a href=\"https:\/\/www.google.com\/maps\/place\/Camping+Valkenburg+-+Maastricht\/@50.8813096,5.8336073,15z\/data=!4m2!3m1!1s0x0:0x474dde9153135d13?sa=X&amp;ved=2ahUKEwiK-9a27M_uAhWl8uAKHXfFBhcQ_BIwC3oECBcQBQ\">Itin\u00e9raire<\/a><\/strong><\/p>\n<p>[\/vc_column_text][\/vc_column_inner][\/vc_row_inner]<\/div>[\/vc_column][\/vc_row][vc_row css=\u00a0\u00bb.vc_custom_1612515172127{background-color: #e8e8e8 !important;}\u00a0\u00bb][vc_column]<div class=\"wrappedcontent\">[vc_column_text]<\/p>\n<h3>Photos de la r\u00e9gion du Camping de Valkenburg &#8211; Maastricht<\/h3>\n<p>[\/vc_column_text][vc_empty_space height=\u00a0\u00bb10px\u00a0\u00bb][vc_masonry_media_grid style=\u00a0\u00bbload-more\u00a0\u00bb items_per_page=\u00a0\u00bb4&Prime; element_width=\u00a0\u00bb3&Prime; gap=\u00a0\u00bb10&Prime; item=\u00a0\u00bb757&Prime; btn_title=\u00a0\u00bbVOIR PLUS\u00a0\u00bb btn_style=\u00a0\u00bbcustom\u00a0\u00bb btn_custom_background=\u00a0\u00bb#e84e1b\u00a0\u00bb btn_custom_text=\u00a0\u00bb#ffffff\u00a0\u00bb btn_shape=\u00a0\u00bbsquare\u00a0\u00bb btn_i_icon_fontawesome=\u00a0\u00bbfas fa-camera\u00a0\u00bb btn_add_icon=\u00a0\u00bbtrue\u00a0\u00bb grid_id=\u00a0\u00bbvc_gid:1702976546686-ae1120c4-e7a9-3&Prime; include=\u00a0\u00bb1373,1142,927,1365,946,934,750,942,904,981&Prime;]<\/div>\n    <div id=\"map318272\" class=\"map\"><\/div>\n    <script type=\"text\/javascript\">\n        let iconType = L.icon({\n            iconUrl: baseDirectory + '\/img\/pin.png',\n            iconSize: [22, 48],\n            iconAnchor: [11, 46],\n            popupAnchor: [0, -46]\n        });\n        let map = L.map('map318272', {\n            center: L.latLng(50.86523, 5.83205),\n            zoom: 10.8,\n            layers: [L.tileLayer('https:\/\/cartodb-basemaps-b.global.ssl.fastly.net\/light_all\/{z}\/{x}\/{y}.png', {\n                attribution: '&copy; <a href=\"https:\/\/www.openstreetmap.org\/copyright\">OpenStreetMap<\/a>'\n            })],\n            zoomSnap: 0.2\n        });\n        setTimeout(map.invalidateSize.bind(map), 100);\n        let contentString = '<div id=\"content\">' +\n            '<div id=\"siteNotice\">' +\n            '<\/div>' +\n            '<h4 id=\"firstHeading\" class=\"firstHeading\">Camping Valkenburg - Maastricht<\/h4>' +\n            '<div id=\"bodyContent\">' +\n            '<p><\/p>' +\n            '<p>Stoepertweg 5 6301 WP Valkenburg<\/p>' +\n            '<\/div>' +\n            '<\/div>';\n        let marker = L.marker([50.86523, 5.83205], {icon: iconType}).addTo(map);\n        marker.bindPopup(contentString).openPopup();\n        let iwOuter = document.querySelector('.leaflet-popup-content-wrapper');\n        let iwArrow = document.querySelector('.leaflet-popup-tip');\n        iwOuter.style.backgroundColor = '#E84E1B';\n        iwArrow.style.backgroundColor = '#E84E1B';\n    <\/script>\n    [\/vc_column][\/vc_row]<\/p>\n<\/div>","protected":false},"excerpt":{"rendered":"<p>[vc_row][vc_column][vc_single_image image=\u00a0\u00bb2785&Prime; img_size=\u00a0\u00bb1900&#215;500&Prime; alignment=\u00a0\u00bbcenter\u00a0\u00bb][\/vc_column][\/vc_row][vc_row][vc_column][\/vc_column][\/vc_row][vc_row css=\u00a0\u00bb.vc_custom_1612514287937{background-color: #e8e8e8 !important;}\u00a0\u00bb][vc_column][\/vc_column][\/vc_row][vc_row gap=\u00a0\u00bb15&Prime; equal_height=\u00a0\u00bbyes\u00a0\u00bb css=\u00a0\u00bb.vc_custom_1613038221704{margin-left: -0.5px !important;}\u00a0\u00bb][vc_column][\/vc_column][\/vc_row][vc_row css=\u00a0\u00bb.vc_custom_1612515172127{background-color: #e8e8e8 !important;}\u00a0\u00bb][vc_column][\/vc_column][\/vc_row]<\/p>\n","protected":false},"author":1,"featured_media":0,"parent":0,"menu_order":0,"comment_status":"closed","ping_status":"closed","template":"","meta":{"footnotes":""},"class_list":["post-885","page","type-page","status-publish","hentry"],"yoast_head":"<!-- This site is optimized with the Yoast SEO plugin v25.6 - https:\/\/yoast.com\/wordpress\/plugins\/seo\/ -->\n<title>Partez \u00e0 la d\u00e9couverte la r\u00e9gion de Limbourg - Camping Valkenburg - Maastricht<\/title>\n<meta name=\"description\" content=\"Le Camping Valkenburg - Maastricht est un camping dans le sud du Limbourg. Le camping est situ\u00e9 dans le pays des collines \u00e0 la lisi\u00e8re de Ravensbosch.\" \/>\n<meta name=\"robots\" content=\"index, follow, max-snippet:-1, max-image-preview:large, max-video-preview:-1\" \/>\n<link rel=\"canonical\" href=\"https:\/\/www.camping-valkenburg.com\/fr\/region\/\" \/>\n<meta property=\"og:locale\" content=\"fr_FR\" \/>\n<meta property=\"og:type\" content=\"article\" \/>\n<meta property=\"og:title\" content=\"Partez \u00e0 la d\u00e9couverte la r\u00e9gion de Limbourg - Camping Valkenburg - Maastricht\" \/>\n<meta property=\"og:description\" content=\"Le Camping Valkenburg - Maastricht est un camping dans le sud du Limbourg. Le camping est situ\u00e9 dans le pays des collines \u00e0 la lisi\u00e8re de Ravensbosch.\" \/>\n<meta property=\"og:url\" content=\"https:\/\/www.camping-valkenburg.com\/fr\/region\/\" \/>\n<meta property=\"og:site_name\" content=\"Camping Valkenburg - Maastricht\" \/>\n<meta property=\"article:modified_time\" content=\"2023-12-19T09:04:51+00:00\" \/>\n<meta name=\"twitter:card\" content=\"summary_large_image\" \/>\n<meta name=\"twitter:label1\" content=\"Est. reading time\" \/>\n\t<meta name=\"twitter:data1\" content=\"2 minutes\" \/>\n<script type=\"application\/ld+json\" class=\"yoast-schema-graph\">{\"@context\":\"https:\/\/schema.org\",\"@graph\":[{\"@type\":\"WebPage\",\"@id\":\"https:\/\/www.camping-valkenburg.com\/fr\/region\/\",\"url\":\"https:\/\/www.camping-valkenburg.com\/fr\/region\/\",\"name\":\"Partez \u00e0 la d\u00e9couverte la r\u00e9gion de Limbourg - Camping Valkenburg - Maastricht\",\"isPartOf\":{\"@id\":\"https:\/\/www.camping-valkenburg.com\/fr\/#website\"},\"datePublished\":\"2021-02-05T08:30:17+00:00\",\"dateModified\":\"2023-12-19T09:04:51+00:00\",\"description\":\"Le Camping Valkenburg - Maastricht est un camping dans le sud du Limbourg. Le camping est situ\u00e9 dans le pays des collines \u00e0 la lisi\u00e8re de Ravensbosch.\",\"breadcrumb\":{\"@id\":\"https:\/\/www.camping-valkenburg.com\/fr\/region\/#breadcrumb\"},\"inLanguage\":\"fr-FR\",\"potentialAction\":[{\"@type\":\"ReadAction\",\"target\":[\"https:\/\/www.camping-valkenburg.com\/fr\/region\/\"]}]},{\"@type\":\"BreadcrumbList\",\"@id\":\"https:\/\/www.camping-valkenburg.com\/fr\/region\/#breadcrumb\",\"itemListElement\":[{\"@type\":\"ListItem\",\"position\":1,\"name\":\"Accueil\",\"item\":\"https:\/\/www.camping-valkenburg.com\/fr\/\"},{\"@type\":\"ListItem\",\"position\":2,\"name\":\"R\u00e9gion\"}]},{\"@type\":\"WebSite\",\"@id\":\"https:\/\/www.camping-valkenburg.com\/fr\/#website\",\"url\":\"https:\/\/www.camping-valkenburg.com\/fr\/\",\"name\":\"Camping Valkenburg - Maastricht\",\"description\":\"Un site utilisant Citykamp\",\"potentialAction\":[{\"@type\":\"SearchAction\",\"target\":{\"@type\":\"EntryPoint\",\"urlTemplate\":\"https:\/\/www.camping-valkenburg.com\/fr\/?s={search_term_string}\"},\"query-input\":{\"@type\":\"PropertyValueSpecification\",\"valueRequired\":true,\"valueName\":\"search_term_string\"}}],\"inLanguage\":\"fr-FR\"}]}<\/script>\n<!-- \/ Yoast SEO plugin. -->","yoast_head_json":{"title":"Partez \u00e0 la d\u00e9couverte la r\u00e9gion de Limbourg - Camping Valkenburg - Maastricht","description":"Le Camping Valkenburg - Maastricht est un camping dans le sud du Limbourg. Le camping est situ\u00e9 dans le pays des collines \u00e0 la lisi\u00e8re de Ravensbosch.","robots":{"index":"index","follow":"follow","max-snippet":"max-snippet:-1","max-image-preview":"max-image-preview:large","max-video-preview":"max-video-preview:-1"},"canonical":"https:\/\/www.camping-valkenburg.com\/fr\/region\/","og_locale":"fr_FR","og_type":"article","og_title":"Partez \u00e0 la d\u00e9couverte la r\u00e9gion de Limbourg - Camping Valkenburg - Maastricht","og_description":"Le Camping Valkenburg - Maastricht est un camping dans le sud du Limbourg. Le camping est situ\u00e9 dans le pays des collines \u00e0 la lisi\u00e8re de Ravensbosch.","og_url":"https:\/\/www.camping-valkenburg.com\/fr\/region\/","og_site_name":"Camping Valkenburg - Maastricht","article_modified_time":"2023-12-19T09:04:51+00:00","twitter_card":"summary_large_image","twitter_misc":{"Est. reading time":"2 minutes"},"schema":{"@context":"https:\/\/schema.org","@graph":[{"@type":"WebPage","@id":"https:\/\/www.camping-valkenburg.com\/fr\/region\/","url":"https:\/\/www.camping-valkenburg.com\/fr\/region\/","name":"Partez \u00e0 la d\u00e9couverte la r\u00e9gion de Limbourg - Camping Valkenburg - Maastricht","isPartOf":{"@id":"https:\/\/www.camping-valkenburg.com\/fr\/#website"},"datePublished":"2021-02-05T08:30:17+00:00","dateModified":"2023-12-19T09:04:51+00:00","description":"Le Camping Valkenburg - Maastricht est un camping dans le sud du Limbourg. Le camping est situ\u00e9 dans le pays des collines \u00e0 la lisi\u00e8re de Ravensbosch.","breadcrumb":{"@id":"https:\/\/www.camping-valkenburg.com\/fr\/region\/#breadcrumb"},"inLanguage":"fr-FR","potentialAction":[{"@type":"ReadAction","target":["https:\/\/www.camping-valkenburg.com\/fr\/region\/"]}]},{"@type":"BreadcrumbList","@id":"https:\/\/www.camping-valkenburg.com\/fr\/region\/#breadcrumb","itemListElement":[{"@type":"ListItem","position":1,"name":"Accueil","item":"https:\/\/www.camping-valkenburg.com\/fr\/"},{"@type":"ListItem","position":2,"name":"R\u00e9gion"}]},{"@type":"WebSite","@id":"https:\/\/www.camping-valkenburg.com\/fr\/#website","url":"https:\/\/www.camping-valkenburg.com\/fr\/","name":"Camping Valkenburg - Maastricht","description":"Un site utilisant Citykamp","potentialAction":[{"@type":"SearchAction","target":{"@type":"EntryPoint","urlTemplate":"https:\/\/www.camping-valkenburg.com\/fr\/?s={search_term_string}"},"query-input":{"@type":"PropertyValueSpecification","valueRequired":true,"valueName":"search_term_string"}}],"inLanguage":"fr-FR"}]}},"_links":{"self":[{"href":"https:\/\/www.camping-valkenburg.com\/fr\/wp-json\/wp\/v2\/pages\/885","targetHints":{"allow":["GET"]}}],"collection":[{"href":"https:\/\/www.camping-valkenburg.com\/fr\/wp-json\/wp\/v2\/pages"}],"about":[{"href":"https:\/\/www.camping-valkenburg.com\/fr\/wp-json\/wp\/v2\/types\/page"}],"author":[{"embeddable":true,"href":"https:\/\/www.camping-valkenburg.com\/fr\/wp-json\/wp\/v2\/users\/1"}],"replies":[{"embeddable":true,"href":"https:\/\/www.camping-valkenburg.com\/fr\/wp-json\/wp\/v2\/comments?post=885"}],"version-history":[{"count":3,"href":"https:\/\/www.camping-valkenburg.com\/fr\/wp-json\/wp\/v2\/pages\/885\/revisions"}],"predecessor-version":[{"id":3184,"href":"https:\/\/www.camping-valkenburg.com\/fr\/wp-json\/wp\/v2\/pages\/885\/revisions\/3184"}],"wp:attachment":[{"href":"https:\/\/www.camping-valkenburg.com\/fr\/wp-json\/wp\/v2\/media?parent=885"}],"curies":[{"name":"wp","href":"https:\/\/api.w.org\/{rel}","templated":true}]}}