{"id":806,"date":"2021-02-04T15:16:05","date_gmt":"2021-02-04T14:16:05","guid":{"rendered":"https:\/\/www.camping-valkenburg.com\/?page_id=806"},"modified":"2026-04-29T08:55:12","modified_gmt":"2026-04-29T06:55:12","slug":"activites-services","status":"publish","type":"page","link":"https:\/\/www.camping-valkenburg.com\/fr\/activites-services\/","title":{"rendered":"Activit\u00e9s \/ Services"},"content":{"rendered":"<div class=\"wpb-content-wrapper\"><p>[vc_row][vc_column][vc_single_image image=\u00a0\u00bb3109&Prime; img_size=\u00a0\u00bb1900*500&Prime;][\/vc_column][\/vc_row][vc_row][vc_column]<div class=\"wrappedcontent\">[vc_column_text]<\/p>\n<h2 style=\"text-align: center;\">DES SERVICES POUR VOUS SIMPLIFIER LA VIE<\/h2>\n<p>[\/vc_column_text][vc_empty_space][vc_row_inner gap=\u00a0\u00bb15&Prime; css=\u00a0\u00bb.vc_custom_1674215224604{margin-left: -0.5px !important;}\u00a0\u00bb][vc_column_inner width=\u00a0\u00bb1\/4&Prime;][vc_single_image image=\u00a0\u00bb1065&Prime; img_size=\u00a0\u00bb600*400&Prime;][vc_empty_space][vc_column_text css=\u00a0\u00bb\u00a0\u00bb]<\/p>\n<p style=\"text-align: center;\"><strong>NOTRE BELLE PISCINE CHAUFF\u00c9E<\/strong><\/p>\n<p style=\"text-align: center;\">Pour un moment d\u00e9tente, apr\u00e8s avoir arpent\u00e9 les rues de Valkenburg.<br \/>\n<em><span style=\"font-size: 10pt;\">du 01\/05 au 27\/09<\/span><\/em><\/p>\n<p>[\/vc_column_text][\/vc_column_inner][vc_column_inner width=\u00a0\u00bb1\/4&Prime;][vc_single_image image=\u00a0\u00bb3117&Prime; img_size=\u00a0\u00bb600*400&Prime; css=\u00a0\u00bb\u00a0\u00bb][vc_empty_space][vc_column_text]<\/p>\n<p style=\"text-align: center;\"><strong>D\u00c9TENTE ET LOISIRS<\/strong><\/p>\n<p style=\"text-align: center;\">Profitez d\u2019un large choix d\u2019\u00e9quipement pour les grand et les petits : table de ping-pong, terrains de p\u00e9tanque, city stade, baby-foot et m\u00eame plusieurs aires de jeux pour les enfants\u2026<\/p>\n<p>[\/vc_column_text][\/vc_column_inner][vc_column_inner width=\u00a0\u00bb1\/4&Prime;][vc_single_image image=\u00a0\u00bb3122&Prime; img_size=\u00a0\u00bb600*400&Prime;][vc_empty_space][vc_column_text]<\/p>\n<p style=\"text-align: center;\"><strong>LOCATION DE V\u00c9LOS<br \/>\n<\/strong><\/p>\n<p style=\"text-align: center;\">Louez votre v\u00e9lo et partez sillonner les alentours !<\/p>\n<p>[\/vc_column_text][\/vc_column_inner][vc_column_inner width=\u00a0\u00bb1\/4&Prime;][vc_single_image image=\u00a0\u00bb830&Prime; img_size=\u00a0\u00bb600*400&Prime;][vc_empty_space][vc_column_text]<\/p>\n<p style=\"text-align: center;\"><strong>DRAPS ET SERVIETTES INCLUS<\/strong><\/p>\n<p style=\"text-align: center;\">Partez l\u00e9ger : les draps et serviettes sont inclus dans votre location !<\/p>\n<p>[\/vc_column_text][\/vc_column_inner][\/vc_row_inner][vc_empty_space height=\u00a0\u00bb45px\u00a0\u00bb][vc_column_text]<\/p>\n<h2 style=\"text-align: center;\">VOUS TROUVEREZ, AU CAMPING DE<br \/>\nVALKENBURG &#8211; MAASTRICHT<\/h2>\n<p>[\/vc_column_text][vc_empty_space][vc_row_inner gap=\u00a0\u00bb15&Prime; css=\u00a0\u00bb.vc_custom_1674215224604{margin-left: -0.5px !important;}\u00a0\u00bb][vc_column_inner width=\u00a0\u00bb1\/3&Prime;][vc_single_image image=\u00a0\u00bb3126&Prime; img_size=\u00a0\u00bb600*400&Prime;][vc_empty_space][vc_column_text]<\/p>\n<p style=\"text-align: center;\"><strong>UN ESPACE D&rsquo;ACCUEIL<br \/>\nCONVIVIAL ET MULTILINGUE<\/strong><\/p>\n<p style=\"text-align: center;\">Avec toutes les informations et documentations touristiques n\u00e9cessaires au bon d\u00e9roulement de votre s\u00e9jour.<\/p>\n<p>[\/vc_column_text][\/vc_column_inner][vc_column_inner width=\u00a0\u00bb1\/3&Prime;][vc_single_image image=\u00a0\u00bb2560&Prime; img_size=\u00a0\u00bb600*400&Prime;][vc_empty_space][vc_column_text]<\/p>\n<p style=\"text-align: center;\"><strong>UN CENTRE DE VIE<br \/>\nCHALEUREUX<\/strong><\/p>\n<p style=\"text-align: center;\">Enti\u00e8rement r\u00e9nov\u00e9 et ouvert en toute saison pour se retrouver autour d\u2019un jeu de soci\u00e9t\u00e9, de baby-foot ou tout simplement pour regarder la t\u00e9l\u00e9vision.<\/p>\n<p>[\/vc_column_text][\/vc_column_inner][vc_column_inner width=\u00a0\u00bb1\/3&Prime;][vc_single_image image=\u00a0\u00bb3131&Prime; img_size=\u00a0\u00bb600*400&Prime;][vc_empty_space][vc_column_text]<\/p>\n<p style=\"text-align: center;\"><strong>UN ACC\u00c8S<br \/>\nWIFI GRATUIT<\/strong><\/p>\n<p style=\"text-align: center;\">Pour rester connect\u00e9, un acc\u00e8s wifi gratuit au centre de vie vous est propos\u00e9 sur chacun de nos CityKamps.<\/p>\n<p>[\/vc_column_text][\/vc_column_inner][\/vc_row_inner][vc_empty_space height=\u00a0\u00bb45px\u00a0\u00bb][vc_column_text]<\/p>\n<h2 style=\"text-align: center;\">POUR VOUS RESTAURER<\/h2>\n<p>[\/vc_column_text][vc_empty_space][vc_row_inner gap=\u00a0\u00bb15&Prime; css=\u00a0\u00bb.vc_custom_1674215224604{margin-left: -0.5px !important;}\u00a0\u00bb][vc_column_inner width=\u00a0\u00bb1\/4&Prime;][vc_single_image image=\u00a0\u00bb2824&Prime; img_size=\u00a0\u00bb600*400&Prime;][vc_empty_space][vc_column_text css=\u00a0\u00bb\u00a0\u00bb]<\/p>\n<p style=\"text-align: center;\"><strong>FOOD TRUCK<\/strong><\/p>\n<p style=\"text-align: center;\">Pour encore plus de simplicit\u00e9, le food-truck vous propose des pizzas \u00e0 emporter.<br \/>\n<em>Ouvert tous les soirs en \u00e9t\u00e9 et pendant les ponts de mai. 6j\/7j pendant les vacances de printemps et automne et pendant les mois de mai, juin et septembre.<\/em><\/p>\n<p>[\/vc_column_text][\/vc_column_inner][vc_column_inner width=\u00a0\u00bb1\/4&Prime;][vc_single_image image=\u00a0\u00bb870&Prime; img_size=\u00a0\u00bb600*400&Prime;][vc_empty_space][vc_column_text]<\/p>\n<p style=\"text-align: center;\"><strong>D\u00c9POT DE PAIN<\/strong><\/p>\n<p style=\"text-align: center;\">Sur commande, pains et viennoiseries sont disponibles pour un vrai petit d\u00e9jeuner !<\/p>\n<p>[\/vc_column_text][\/vc_column_inner][vc_column_inner width=\u00a0\u00bb1\/4&Prime;][vc_single_image image=\u00a0\u00bb2878&Prime; img_size=\u00a0\u00bb600*400&Prime;][vc_empty_space][vc_column_text]<\/p>\n<p style=\"text-align: center;\"><strong>\u00c9PICERIE<\/strong><\/p>\n<p>[\/vc_column_text][\/vc_column_inner][vc_column_inner width=\u00a0\u00bb1\/4&Prime;][vc_single_image image=\u00a0\u00bb2574&Prime; img_size=\u00a0\u00bb600*400&Prime;][vc_empty_space][vc_column_text]<\/p>\n<p style=\"text-align: center;\"><strong>TERRASSE<\/strong><\/p>\n<p>[\/vc_column_text][\/vc_column_inner][\/vc_row_inner]<\/div>[\/vc_column][\/vc_row][vc_row][vc_column]<div class=\"wrappedcontent\">[vc_row_inner content_placement=\u00a0\u00bbmiddle\u00a0\u00bb gap=\u00a0\u00bb20&Prime; css=\u00a0\u00bb.vc_custom_1612511205107{margin-left: -0.5px !important;}\u00a0\u00bb][vc_column_inner width=\u00a0\u00bb1\/3&Prime; css=\u00a0\u00bb.vc_custom_1683278459971{background-color: rgba(232,78,27,0.2) !important;*background-color: rgb(232,78,27) !important;}\u00a0\u00bb][vc_icon icon_fontawesome=\u00a0\u00bbfar fa-map\u00a0\u00bb color=\u00a0\u00bbcustom\u00a0\u00bb size=\u00a0\u00bblg\u00a0\u00bb align=\u00a0\u00bbcenter\u00a0\u00bb css=\u00a0\u00bb.vc_custom_1689925138625{margin-bottom: -10px !important;padding-top: 15px !important;}\u00a0\u00bb custom_color=\u00a0\u00bb#e84e1b\u00a0\u00bb link=\u00a0\u00bburl:https%3A%2F%2Fmedia.huttopia.com%2Fdestinations%2Fvalkenburg-maastricht%2Fplan-citykamp-camping-valkenburg-maastricht.pdf\u00a0\u00bb][vc_column_text css=\u00a0\u00bb.vc_custom_1689925150980{padding-top: 25px !important;padding-right: 15px !important;padding-bottom: 15px !important;padding-left: 15px !important;}\u00a0\u00bb]<\/p>\n<p style=\"text-align: center;\"><strong><a href=\"https:\/\/media.huttopia.com\/destinations\/valkenburg-maastricht\/plan-citykamp-camping-valkenburg-maastricht.pdf\" target=\"_blank\" rel=\"noopener noreferrer\">Plan du camping<\/a><\/strong><\/p>\n<p>[\/vc_column_text][\/vc_column_inner][vc_column_inner width=\u00a0\u00bb1\/3&Prime; css=\u00a0\u00bb.vc_custom_1683278505379{background-color: rgba(232,78,27,0.2) !important;*background-color: rgb(232,78,27) !important;}\u00a0\u00bb][vc_icon icon_fontawesome=\u00a0\u00bbfar fa-envelope\u00a0\u00bb color=\u00a0\u00bbcustom\u00a0\u00bb size=\u00a0\u00bblg\u00a0\u00bb align=\u00a0\u00bbcenter\u00a0\u00bb css=\u00a0\u00bb.vc_custom_1674229783503{margin-bottom: -10px !important;padding-top: 15px !important;}\u00a0\u00bb custom_color=\u00a0\u00bb#e84e1b\u00a0\u00bb link=\u00a0\u00bburl:https%3A%2F%2Fwww.camping-valkenburg.com%2Ffr%2Fcontact%2F\u00a0\u00bb][vc_column_text css=\u00a0\u00bb.vc_custom_1674229776051{padding-top: 25px !important;padding-right: 15px !important;padding-bottom: 15px !important;padding-left: 15px !important;}\u00a0\u00bb]<\/p>\n<p style=\"text-align: center;\"><strong><a href=\"https:\/\/www.camping-valkenburg.com\/fr\/contact\/\">Contact<\/a><\/strong><\/p>\n<p>[\/vc_column_text][\/vc_column_inner][vc_column_inner width=\u00a0\u00bb1\/3&Prime; css=\u00a0\u00bb.vc_custom_1683278512237{background-color: rgba(232,78,27,0.2) !important;*background-color: rgb(232,78,27) !important;}\u00a0\u00bb][vc_icon icon_fontawesome=\u00a0\u00bbfas fa-map-marker-alt\u00a0\u00bb color=\u00a0\u00bbcustom\u00a0\u00bb size=\u00a0\u00bblg\u00a0\u00bb align=\u00a0\u00bbcenter\u00a0\u00bb css=\u00a0\u00bb.vc_custom_1674229801287{margin-bottom: -10px !important;padding-top: 15px !important;}\u00a0\u00bb custom_color=\u00a0\u00bb#e84e1b\u00a0\u00bb link=\u00a0\u00bburl:https%3A%2F%2Fwww.google.com%2Fmaps%2Fplace%2FCamping%2BValkenburg%2B-%2BMaastricht%2F%4050.8813096%2C5.8336073%2C15z%2Fdata%3D!4m2!3m1!1s0x0%3A0x474dde9153135d13%3Fsa%3DX%26ved%3D2ahUKEwiK-9a27M_uAhWl8uAKHXfFBhcQ_BIwC3oECBcQBQ\u00a0\u00bb][vc_column_text css=\u00a0\u00bb.vc_custom_1674229790493{padding-top: 25px !important;padding-right: 15px !important;padding-bottom: 15px !important;padding-left: 15px !important;}\u00a0\u00bb]<\/p>\n<p style=\"text-align: center;\"><strong><a href=\"https:\/\/www.google.com\/maps\/place\/Camping+Valkenburg+-+Maastricht\/@50.8813096,5.8336073,15z\/data=!4m2!3m1!1s0x0:0x474dde9153135d13?sa=X&amp;ved=2ahUKEwiK-9a27M_uAhWl8uAKHXfFBhcQ_BIwC3oECBcQBQ\">Itin\u00e9raire<\/a><\/strong><\/p>\n<p>[\/vc_column_text][\/vc_column_inner][\/vc_row_inner]<\/div>[\/vc_column][\/vc_row]<\/p>\n<\/div>","protected":false},"excerpt":{"rendered":"<p>[vc_row][vc_column][vc_single_image image=\u00a0\u00bb3109&Prime; img_size=\u00a0\u00bb1900*500&Prime;][\/vc_column][\/vc_row][vc_row][vc_column][\/vc_column][\/vc_row][vc_row][vc_column][\/vc_column][\/vc_row]<\/p>\n","protected":false},"author":1,"featured_media":0,"parent":0,"menu_order":0,"comment_status":"closed","ping_status":"closed","template":"","meta":{"footnotes":""},"class_list":["post-806","page","type-page","status-publish","hentry"],"yoast_head":"<!-- This site is optimized with the Yoast SEO plugin v25.6 - https:\/\/yoast.com\/wordpress\/plugins\/seo\/ -->\n<title>Activit\u00e9s et Services | Camping Valkenburg - Maastricht, Pays-Bas<\/title>\n<meta name=\"description\" content=\"D\u00e9couvrez les nombreuses activit\u00e9s et services propos\u00e9s au Camping de Valkenburg - Maastricht pour un s\u00e9jour entre d\u00e9tente et loisirs.\" \/>\n<meta name=\"robots\" content=\"index, follow, max-snippet:-1, max-image-preview:large, max-video-preview:-1\" \/>\n<link rel=\"canonical\" href=\"https:\/\/www.camping-valkenburg.com\/fr\/activites-services\/\" \/>\n<meta property=\"og:locale\" content=\"fr_FR\" \/>\n<meta property=\"og:type\" content=\"article\" \/>\n<meta property=\"og:title\" content=\"Activit\u00e9s et Services | Camping Valkenburg - Maastricht, Pays-Bas\" \/>\n<meta property=\"og:description\" content=\"D\u00e9couvrez les nombreuses activit\u00e9s et services propos\u00e9s au Camping de Valkenburg - Maastricht pour un s\u00e9jour entre d\u00e9tente et loisirs.\" \/>\n<meta property=\"og:url\" content=\"https:\/\/www.camping-valkenburg.com\/fr\/activites-services\/\" \/>\n<meta property=\"og:site_name\" content=\"Camping Valkenburg - Maastricht\" \/>\n<meta property=\"article:modified_time\" content=\"2026-04-29T06:55:12+00:00\" \/>\n<meta name=\"twitter:card\" content=\"summary_large_image\" \/>\n<meta name=\"twitter:label1\" content=\"Est. reading time\" \/>\n\t<meta name=\"twitter:data1\" content=\"3 minutes\" \/>\n<script type=\"application\/ld+json\" class=\"yoast-schema-graph\">{\"@context\":\"https:\/\/schema.org\",\"@graph\":[{\"@type\":\"WebPage\",\"@id\":\"https:\/\/www.camping-valkenburg.com\/fr\/activites-services\/\",\"url\":\"https:\/\/www.camping-valkenburg.com\/fr\/activites-services\/\",\"name\":\"Activit\u00e9s et Services | Camping Valkenburg - Maastricht, Pays-Bas\",\"isPartOf\":{\"@id\":\"https:\/\/www.camping-valkenburg.com\/fr\/#website\"},\"datePublished\":\"2021-02-04T14:16:05+00:00\",\"dateModified\":\"2026-04-29T06:55:12+00:00\",\"description\":\"D\u00e9couvrez les nombreuses activit\u00e9s et services propos\u00e9s au Camping de Valkenburg - Maastricht pour un s\u00e9jour entre d\u00e9tente et loisirs.\",\"breadcrumb\":{\"@id\":\"https:\/\/www.camping-valkenburg.com\/fr\/activites-services\/#breadcrumb\"},\"inLanguage\":\"fr-FR\",\"potentialAction\":[{\"@type\":\"ReadAction\",\"target\":[\"https:\/\/www.camping-valkenburg.com\/fr\/activites-services\/\"]}]},{\"@type\":\"BreadcrumbList\",\"@id\":\"https:\/\/www.camping-valkenburg.com\/fr\/activites-services\/#breadcrumb\",\"itemListElement\":[{\"@type\":\"ListItem\",\"position\":1,\"name\":\"Accueil\",\"item\":\"https:\/\/www.camping-valkenburg.com\/fr\/\"},{\"@type\":\"ListItem\",\"position\":2,\"name\":\"Activit\u00e9s \/ Services\"}]},{\"@type\":\"WebSite\",\"@id\":\"https:\/\/www.camping-valkenburg.com\/fr\/#website\",\"url\":\"https:\/\/www.camping-valkenburg.com\/fr\/\",\"name\":\"Camping Valkenburg - Maastricht\",\"description\":\"Un site utilisant Citykamp\",\"potentialAction\":[{\"@type\":\"SearchAction\",\"target\":{\"@type\":\"EntryPoint\",\"urlTemplate\":\"https:\/\/www.camping-valkenburg.com\/fr\/?s={search_term_string}\"},\"query-input\":{\"@type\":\"PropertyValueSpecification\",\"valueRequired\":true,\"valueName\":\"search_term_string\"}}],\"inLanguage\":\"fr-FR\"}]}<\/script>\n<!-- \/ Yoast SEO plugin. -->","yoast_head_json":{"title":"Activit\u00e9s et Services | Camping Valkenburg - Maastricht, Pays-Bas","description":"D\u00e9couvrez les nombreuses activit\u00e9s et services propos\u00e9s au Camping de Valkenburg - Maastricht pour un s\u00e9jour entre d\u00e9tente et loisirs.","robots":{"index":"index","follow":"follow","max-snippet":"max-snippet:-1","max-image-preview":"max-image-preview:large","max-video-preview":"max-video-preview:-1"},"canonical":"https:\/\/www.camping-valkenburg.com\/fr\/activites-services\/","og_locale":"fr_FR","og_type":"article","og_title":"Activit\u00e9s et Services | Camping Valkenburg - Maastricht, Pays-Bas","og_description":"D\u00e9couvrez les nombreuses activit\u00e9s et services propos\u00e9s au Camping de Valkenburg - Maastricht pour un s\u00e9jour entre d\u00e9tente et loisirs.","og_url":"https:\/\/www.camping-valkenburg.com\/fr\/activites-services\/","og_site_name":"Camping Valkenburg - Maastricht","article_modified_time":"2026-04-29T06:55:12+00:00","twitter_card":"summary_large_image","twitter_misc":{"Est. reading time":"3 minutes"},"schema":{"@context":"https:\/\/schema.org","@graph":[{"@type":"WebPage","@id":"https:\/\/www.camping-valkenburg.com\/fr\/activites-services\/","url":"https:\/\/www.camping-valkenburg.com\/fr\/activites-services\/","name":"Activit\u00e9s et Services | Camping Valkenburg - Maastricht, Pays-Bas","isPartOf":{"@id":"https:\/\/www.camping-valkenburg.com\/fr\/#website"},"datePublished":"2021-02-04T14:16:05+00:00","dateModified":"2026-04-29T06:55:12+00:00","description":"D\u00e9couvrez les nombreuses activit\u00e9s et services propos\u00e9s au Camping de Valkenburg - Maastricht pour un s\u00e9jour entre d\u00e9tente et loisirs.","breadcrumb":{"@id":"https:\/\/www.camping-valkenburg.com\/fr\/activites-services\/#breadcrumb"},"inLanguage":"fr-FR","potentialAction":[{"@type":"ReadAction","target":["https:\/\/www.camping-valkenburg.com\/fr\/activites-services\/"]}]},{"@type":"BreadcrumbList","@id":"https:\/\/www.camping-valkenburg.com\/fr\/activites-services\/#breadcrumb","itemListElement":[{"@type":"ListItem","position":1,"name":"Accueil","item":"https:\/\/www.camping-valkenburg.com\/fr\/"},{"@type":"ListItem","position":2,"name":"Activit\u00e9s \/ Services"}]},{"@type":"WebSite","@id":"https:\/\/www.camping-valkenburg.com\/fr\/#website","url":"https:\/\/www.camping-valkenburg.com\/fr\/","name":"Camping Valkenburg - Maastricht","description":"Un site utilisant Citykamp","potentialAction":[{"@type":"SearchAction","target":{"@type":"EntryPoint","urlTemplate":"https:\/\/www.camping-valkenburg.com\/fr\/?s={search_term_string}"},"query-input":{"@type":"PropertyValueSpecification","valueRequired":true,"valueName":"search_term_string"}}],"inLanguage":"fr-FR"}]}},"_links":{"self":[{"href":"https:\/\/www.camping-valkenburg.com\/fr\/wp-json\/wp\/v2\/pages\/806","targetHints":{"allow":["GET"]}}],"collection":[{"href":"https:\/\/www.camping-valkenburg.com\/fr\/wp-json\/wp\/v2\/pages"}],"about":[{"href":"https:\/\/www.camping-valkenburg.com\/fr\/wp-json\/wp\/v2\/types\/page"}],"author":[{"embeddable":true,"href":"https:\/\/www.camping-valkenburg.com\/fr\/wp-json\/wp\/v2\/users\/1"}],"replies":[{"embeddable":true,"href":"https:\/\/www.camping-valkenburg.com\/fr\/wp-json\/wp\/v2\/comments?post=806"}],"version-history":[{"count":6,"href":"https:\/\/www.camping-valkenburg.com\/fr\/wp-json\/wp\/v2\/pages\/806\/revisions"}],"predecessor-version":[{"id":3677,"href":"https:\/\/www.camping-valkenburg.com\/fr\/wp-json\/wp\/v2\/pages\/806\/revisions\/3677"}],"wp:attachment":[{"href":"https:\/\/www.camping-valkenburg.com\/fr\/wp-json\/wp\/v2\/media?parent=806"}],"curies":[{"name":"wp","href":"https:\/\/api.w.org\/{rel}","templated":true}]}}