{"id":2176,"date":"2022-02-16T14:42:50","date_gmt":"2022-02-16T13:42:50","guid":{"rendered":"https:\/\/www.camping-valkenburg.com\/?page_id=2176"},"modified":"2025-03-07T11:17:19","modified_gmt":"2025-03-07T10:17:19","slug":"mon-sejour","status":"publish","type":"page","link":"https:\/\/www.camping-valkenburg.com\/fr\/mon-sejour\/","title":{"rendered":"Mon s\u00e9jour"},"content":{"rendered":"<div class=\"wpb-content-wrapper\"><p>[vc_row css=\u00a0\u00bb.vc_custom_1645018777033{background-color: #e8e8e8 !important;}\u00a0\u00bb][vc_column]<div class=\"wrappedcontent\">[vc_empty_space height=\u00a0\u00bb40px\u00a0\u00bb][vc_column_text]<\/p>\n<h2>Toutes les informations pratiques avant votre s\u00e9jour<\/h2>\n<p>[\/vc_column_text]<\/div>[\/vc_column][\/vc_row][vc_row][vc_column]<div class=\"wrappedcontent\">[vc_row_inner equal_height=\u00a0\u00bbyes\u00a0\u00bb gap=\u00a0\u00bb35&Prime; css=\u00a0\u00bb.vc_custom_1645090407586{margin-left: -0.5px !important;}\u00a0\u00bb][vc_column_inner width=\u00a0\u00bb1\/2&Prime;][vc_icon icon_fontawesome=\u00a0\u00bbfas fa-campground\u00a0\u00bb color=\u00a0\u00bbcustom\u00a0\u00bb align=\u00a0\u00bbcenter\u00a0\u00bb custom_color=\u00a0\u00bb#e94e1b\u00a0\u00bb][vc_column_text]<\/p>\n<p style=\"text-align: center;\"><span style=\"color: #e94e1b;\"><strong><span style=\"font-size: 20pt;\">Mon s\u00e9jour en emplacement<\/span><\/strong><\/span><\/p>\n<p>[\/vc_column_text][vc_empty_space height=\u00a0\u00bb35px\u00a0\u00bb][vc_column_text]<span style=\"font-size: 14pt;\"><strong>\u00a0Ce qui est inclus dans mon forfait Camping :\u00a0<\/strong><\/span><\/p>\n<ul>\n<li>2 personnes<\/li>\n<li>1 \u00e9quipement (tente ou caravane)<\/li>\n<li>1 v\u00e9hicule (1 voiture ou moto) OU 1 camping-car\/van<\/li>\n<li>Une aire de service camping-car<\/li>\n<li>Wifi<\/li>\n<\/ul>\n<p><span style=\"font-size: 12pt;\"><b>\u00a0 \u00a0 \u00a0 Avec suppl\u00e9ment:<\/b><\/span><\/p>\n<ul>\n<li>Branchement \u00e9lectrique<\/li>\n<li>Jusqu\u2019\u00e0 6 personnes (adultes, enfants et b\u00e9b\u00e9s) par emplacement<\/li>\n<li>1 seul animal accept\u00e9<\/li>\n<li>1 seule petite tente suppl\u00e9mentaire (2m x 2m)<\/li>\n<li>Frais de pr\u00e9f\u00e9rence<\/li>\n<\/ul>\n<p><span style=\"font-size: 14pt;\"><strong>Modalit\u00e9s de r\u00e8glement<\/strong><\/span><\/p>\n<ul>\n<li><span style=\"font-size: 12pt;\">Pour les s\u00e9jours de 3 nuits et plus : Acompte de 40% \u00e0 la r\u00e9servation, r\u00e8glement du solde un mois avant l\u2019arriv\u00e9e.<\/span><\/li>\n<li><span style=\"font-size: 12pt;\">Pour\u00a0les s\u00e9jours d\u20191 ou 2 nuits, le montant total du s\u00e9jour doit \u00eatre r\u00e9gl\u00e9 au moment de la r\u00e9servation.<\/span><\/li>\n<\/ul>\n<p><strong>Modification :<\/strong> jusqu\u2019\u00e0 J-30 avec frais de 50\u20ac<br \/>\n<strong>Annulation :\u00a0<\/strong> jusqu\u2019\u00e0 J-30 avec frais\u00a0: acompte de 40% du montant du s\u00e9jour + souscription \u00e0 l\u2019assurance + frais de r\u00e9servation. Au-del\u00e0 de J-30, s\u00e9jour non remboursable.<\/p>\n<p><span style=\"font-size: 14pt;\"><strong>Horaires d\u2019arriv\u00e9e et de d\u00e9part<\/strong><\/span><br \/>\n<span style=\"font-size: 12pt;\">Heure d\u2019arriv\u00e9e : 14h \/ Heure de d\u00e9part : 12h<\/span>[\/vc_column_text][\/vc_column_inner][vc_column_inner width=\u00a0\u00bb1\/2&Prime;][vc_icon icon_fontawesome=\u00a0\u00bbfas fa-home\u00a0\u00bb color=\u00a0\u00bbcustom\u00a0\u00bb align=\u00a0\u00bbcenter\u00a0\u00bb custom_color=\u00a0\u00bb#e94e1b\u00a0\u00bb][vc_column_text]<\/p>\n<p style=\"text-align: center;\"><span style=\"color: #e94e1b;\"><strong><span style=\"font-size: 20pt;\">Mon s\u00e9jour en h\u00e9bergement<\/span><\/strong><\/span><\/p>\n<p>[\/vc_column_text][vc_empty_space height=\u00a0\u00bb35px\u00a0\u00bb][vc_column_text]<span style=\"font-size: 14pt;\"><strong>Ce qui est inclus dans mon H\u00e9bergement :\u00a0<\/strong><\/span><\/p>\n<ul>\n<li>Draps et serviettes<\/li>\n<li>Kit m\u00e9nage (\u00e9ponge, liquide vaisselle, produit multi-usage)<\/li>\n<li>TV et Wifi<\/li>\n<li>L&rsquo;\u00e9lectricit\u00e9<\/li>\n<li>1 v\u00e9hicule<\/li>\n<\/ul>\n<p><span style=\"font-size: 12pt;\"><b>\u00a0 \u00a0 \u00a0 Avec suppl\u00e9ment:<\/b><\/span><\/p>\n<ul>\n<li>1 seul animal accept\u00e9<\/li>\n<li>Forfait m\u00e9nage<\/li>\n<li>Frais de pr\u00e9f\u00e9rence<\/li>\n<\/ul>\n<p><span style=\"font-size: 14pt;\"><strong>Modalit\u00e9s de r\u00e8glement<\/strong><\/span><\/p>\n<ul>\n<li>Acompte de 40% \u00e0 la r\u00e9servation, r\u00e8glement du solde un mois avant l\u2019arriv\u00e9e.<\/li>\n<\/ul>\n<p><strong>Modification :<\/strong> jusqu\u2019\u00e0 J-30 avec frais de 50\u20ac<br \/>\n<strong>Annulation :\u00a0<\/strong> jusqu\u2019\u00e0 J-30 avec frais\u00a0: acompte de 40% du montant du s\u00e9jour + souscription \u00e0 l\u2019assurance + frais de r\u00e9servation. Au-del\u00e0 de J-30, s\u00e9jour non remboursable.<\/p>\n<p><span style=\"font-size: 14pt;\"><strong>Horaires d\u2019arriv\u00e9e et de d\u00e9part<\/strong><\/span><br \/>\n<span style=\"font-size: 12pt;\">Heure d\u2019arriv\u00e9e : 15h \/ Heure de d\u00e9part : 10h<\/span>[\/vc_column_text][\/vc_column_inner][\/vc_row_inner][vc_column_text]<em><span style=\"font-size: 10pt;\">\u00a0Pour la tranquillit\u00e9 de nos sites, un seul v\u00e9hicule est autoris\u00e9 \u00e0 se garer \u00e0 l\u2019int\u00e9rieur du camping (sur le parking ou sur l\u2019emplacement ). Tous les v\u00e9hicules suppl\u00e9mentaires doivent stationner \u00e0 l\u2019ext\u00e9rieur.<\/span><\/em>[\/vc_column_text][vc_empty_space height=\u00a0\u00bb55px\u00a0\u00bb][vc_column_text]<\/p>\n<p style=\"text-align: center;\"><span style=\"font-size: 18pt; color: #e94e1b;\"><strong>SERVICES ANNEXES<\/strong><\/span><\/p>\n<p>[\/vc_column_text][vc_empty_space height=\u00a0\u00bb35px\u00a0\u00bb][vc_row_inner equal_height=\u00a0\u00bbyes\u00a0\u00bb gap=\u00a0\u00bb35&Prime; css=\u00a0\u00bb.vc_custom_1645090416672{margin-left: -0.5px !important;}\u00a0\u00bb][vc_column_inner width=\u00a0\u00bb1\/5&Prime;][vc_icon icon_fontawesome=\u00a0\u00bbfas fa-bed\u00a0\u00bb color=\u00a0\u00bbcustom\u00a0\u00bb align=\u00a0\u00bbcenter\u00a0\u00bb custom_color=\u00a0\u00bb#e84e1b\u00a0\u00bb][vc_column_text]<\/p>\n<p style=\"text-align: center;\"><strong>Option lits faits \u00e0 l&rsquo;arriv\u00e9e<\/strong><\/p>\n<p>[\/vc_column_text][\/vc_column_inner][vc_column_inner width=\u00a0\u00bb1\/5&Prime;][vc_icon type=\u00a0\u00bbmaterial\u00a0\u00bb icon_material=\u00a0\u00bbvc-material vc-material-kitchen\u00a0\u00bb color=\u00a0\u00bbcustom\u00a0\u00bb align=\u00a0\u00bbcenter\u00a0\u00bb custom_color=\u00a0\u00bb#e84e1b\u00a0\u00bb][vc_column_text]<\/p>\n<p style=\"text-align: center;\"><strong>Location de frigos<\/strong><\/p>\n<p>[\/vc_column_text][\/vc_column_inner][vc_column_inner width=\u00a0\u00bb1\/5&Prime;][vc_icon icon_fontawesome=\u00a0\u00bbfas fa-baby-carriage\u00a0\u00bb color=\u00a0\u00bbcustom\u00a0\u00bb align=\u00a0\u00bbcenter\u00a0\u00bb custom_color=\u00a0\u00bb#e84e1b\u00a0\u00bb][vc_column_text]<\/p>\n<p style=\"text-align: center;\"><strong>Kit b\u00e9b\u00e9 (lit pliant + chaise haute)<\/strong><\/p>\n<p>[\/vc_column_text][\/vc_column_inner][vc_column_inner width=\u00a0\u00bb1\/5&Prime;][vc_icon type=\u00a0\u00bbmaterial\u00a0\u00bb icon_material=\u00a0\u00bbvc-material vc-material-local_laundry_service\u00a0\u00bb color=\u00a0\u00bbcustom\u00a0\u00bb align=\u00a0\u00bbcenter\u00a0\u00bb custom_color=\u00a0\u00bb#e84e1b\u00a0\u00bb][vc_column_text]<\/p>\n<p style=\"text-align: center;\"><strong>Laverie<\/strong><\/p>\n<p>[\/vc_column_text][\/vc_column_inner][vc_column_inner width=\u00a0\u00bb1\/5&Prime;][vc_icon icon_fontawesome=\u00a0\u00bbfas fa-broom\u00a0\u00bb color=\u00a0\u00bbcustom\u00a0\u00bb align=\u00a0\u00bbcenter\u00a0\u00bb custom_color=\u00a0\u00bb#e84e1b\u00a0\u00bb][vc_column_text]<\/p>\n<p style=\"text-align: center;\"><strong>Forfait m\u00e9nage<\/strong><\/p>\n<p>[\/vc_column_text][\/vc_column_inner][\/vc_row_inner][vc_empty_space height=\u00a0\u00bb35px\u00a0\u00bb]<div class=\"text-center btnwrap\"><a class=\"btn btn-huttopia-cta\" href=\"http:\/\/checkout.citykamp.com\/site\/fr\/933\" role=\"button\" target=\"\" onclick=\"dataLayer.push({'event':'clickCity', 'clickText':'R\u00e9servez votre s\u00e9jour'})\">R\u00e9servez votre s\u00e9jour<\/a><\/div><\/div>[\/vc_column][\/vc_row][vc_row css=\u00a0\u00bb.vc_custom_1645020595667{background-color: #e8e8e8 !important;}\u00a0\u00bb][vc_column]<div class=\"wrappedcontent\">[vc_row_inner equal_height=\u00a0\u00bbyes\u00a0\u00bb gap=\u00a0\u00bb35&Prime; css=\u00a0\u00bb.vc_custom_1645090427536{margin-left: -0.5px !important;}\u00a0\u00bb][vc_column_inner width=\u00a0\u00bb1\/3&Prime;][vc_masonry_media_grid element_width=\u00a0\u00bb12&Prime; gap=\u00a0\u00bb0&Prime; grid_id=\u00a0\u00bbvc_gid:1741342621770-2f5b1b8c-227e-9&Prime; include=\u00a0\u00bb2177&Prime;][\/vc_column_inner][vc_column_inner width=\u00a0\u00bb2\/3&Prime;][vc_column_text]<span style=\"color: #e94e1b;\"><strong><span style=\"font-size: 16pt;\">Les animaux sont les bienvenus !<\/span><\/strong><\/span><\/p>\n<p><span style=\"font-size: 14pt;\">Nous acceptons un animal par emplacement ou par h\u00e9bergement.<\/span><br \/>\n<span style=\"font-size: 14pt;\">Ils doivent \u00eatre tenus en laisse et vaccin\u00e9s.<br \/>\n<em>Tout animal suppl\u00e9mentaire sera factur\u00e9 en suppl\u00e9ment.<\/em><\/span>[\/vc_column_text][\/vc_column_inner][\/vc_row_inner]<\/div>[\/vc_column][\/vc_row][vc_row css=\u00a0\u00bb.vc_custom_1645020797922{background-color: #e94e1b !important;}\u00a0\u00bb][vc_column]<div class=\"wrappedcontent\">[vc_row_inner equal_height=\u00a0\u00bbyes\u00a0\u00bb gap=\u00a0\u00bb35&Prime; css=\u00a0\u00bb.vc_custom_1645090435400{margin-left: -0.5px !important;}\u00a0\u00bb][vc_column_inner width=\u00a0\u00bb1\/3&Prime;][vc_icon icon_fontawesome=\u00a0\u00bbfas fa-wallet\u00a0\u00bb color=\u00a0\u00bbwhite\u00a0\u00bb align=\u00a0\u00bbcenter\u00a0\u00bb][vc_column_text]<\/p>\n<p style=\"text-align: center;\"><span style=\"font-size: 14pt; color: #ffffff;\"><strong>FRAIS DE R\u00c9SERVATION<\/strong><\/span><\/p>\n<p style=\"text-align: center;\"><span style=\"color: #ffffff;\">22\u20ac pour les s\u00e9jours entre le 28\/06 et le 31\/08<br \/>\nOfferts le reste de l\u2019ann\u00e9e<\/span>[\/vc_column_text][\/vc_column_inner][vc_column_inner width=\u00a0\u00bb1\/3&Prime;][vc_icon icon_fontawesome=\u00a0\u00bbfas fa-briefcase\u00a0\u00bb color=\u00a0\u00bbwhite\u00a0\u00bb align=\u00a0\u00bbcenter\u00a0\u00bb][vc_column_text]<\/p>\n<p style=\"text-align: center;\"><span style=\"font-size: 14pt; color: #ffffff;\"><strong>ASSURANCE ANNULATION<\/strong><\/span><\/p>\n<p style=\"text-align: center;\"><span style=\"color: #ffffff;\">Assurance annulation et interruption de s\u00e9jour<br \/>\n4,5% du montant total de votre s\u00e9jour (hors frais de dossier et taxe de s\u00e9jour).<\/span><\/p>\n<p>[\/vc_column_text][\/vc_column_inner][vc_column_inner width=\u00a0\u00bb1\/3&Prime;][vc_icon icon_fontawesome=\u00a0\u00bbfas fa-tags\u00a0\u00bb color=\u00a0\u00bbwhite\u00a0\u00bb align=\u00a0\u00bbcenter\u00a0\u00bb][vc_column_text]<\/p>\n<p style=\"text-align: center;\"><span style=\"font-size: 14pt; color: #ffffff;\"><strong>TARIFS ANNEXES<\/strong><\/span><\/p>\n<p style=\"text-align: center;\"><a href=\"https:\/\/media.huttopia.com\/tarifs-annexes-citykamp.pdf\" target=\"_blank\" rel=\"noopener noreferrer\"><span style=\"color: #ffffff;\"><u>Consulter les tarifs annexes<\/u><\/span><\/a><\/p>\n<p>[\/vc_column_text][\/vc_column_inner][\/vc_row_inner]<\/div>[\/vc_column][\/vc_row][vc_row][vc_column]<div class=\"wrappedcontent\">[vc_row_inner equal_height=\u00a0\u00bbyes\u00a0\u00bb gap=\u00a0\u00bb35&Prime; css=\u00a0\u00bb.vc_custom_1645090444304{margin-left: -0.5px !important;}\u00a0\u00bb][vc_column_inner width=\u00a0\u00bb1\/3&Prime;][vc_masonry_media_grid element_width=\u00a0\u00bb12&Prime; gap=\u00a0\u00bb0&Prime; grid_id=\u00a0\u00bbvc_gid:1741342621775-e5e7dc04-0465-8&Prime; include=\u00a0\u00bb2721&Prime;][\/vc_column_inner][vc_column_inner width=\u00a0\u00bb2\/3&Prime;][vc_column_text css=\u00a0\u00bb\u00a0\u00bb]<\/p>\n<h2><span style=\"color: #e94e1b;\">CAMPING CARD<\/span><\/h2>\n<p><span style=\"font-size: 12pt;\">Campez \u00e0 partir de <span style=\"color: #e84e1b;\"><strong>15\u20ac<\/strong><\/span>* par nuit avec la <span style=\"color: #e84e1b;\"><a style=\"color: #e84e1b;\" href=\"https:\/\/www.citykamp.com\/camping-card\/\"><span style=\"text-decoration: underline;\">Camping Card<\/span><\/a><\/span><span style=\"color: #000000;\"> Huttopia<\/span>.<\/span><br \/>\n<span style=\"font-size: 12pt;\">B\u00e9n\u00e9ficiez de prix r\u00e9duits et de nuits gratuites pendant l\u2019avant et l\u2019arri\u00e8re saison, sur tous les campings <span style=\"text-decoration: underline;\"><span style=\"color: #e84e1b;\"><a style=\"color: #e84e1b; text-decoration: underline;\" href=\"https:\/\/www.citykamp.com\/destinations\/\">Citykamp<\/a><\/span>,<\/span> <span style=\"text-decoration: underline;\"><span style=\"color: #e84e1b;\"><a style=\"color: #e84e1b; text-decoration: underline;\" href=\"https:\/\/www.onlycamp.fr\/\">Onlycamp<\/a><\/span><\/span> et tous les <span style=\"text-decoration: underline; color: #e84e1b;\"><a style=\"color: #e84e1b; text-decoration: underline;\" href=\"https:\/\/europe.huttopia.com\/destinations\/campings\/\">campings Huttopia<\/a><\/span>.<\/span><\/p>\n<p><em><span style=\"font-size: 10pt;\">*Tarif incluant 1 emplacement pour 2 personnes avec l\u2019\u00e9lectricit\u00e9 (+ animal offert)<\/span><\/em>[\/vc_column_text][vc_empty_space]<div class=\" btnwrap\"><a class=\"btn btn-huttopia-cta\" href=\"https:\/\/www.citykamp.com\/camping-card\/\" role=\"button\" target=\"true\" onclick=\"dataLayer.push({'event':'clickCity', 'clickText':'J'EN PROFITE'})\">J'EN PROFITE<\/a><\/div>[\/vc_column_inner][\/vc_row_inner]<\/div>[\/vc_column][\/vc_row]<\/p>\n<\/div>","protected":false},"excerpt":{"rendered":"<p>[vc_row css=\u00a0\u00bb.vc_custom_1645018777033{background-color: #e8e8e8 !important;}\u00a0\u00bb][vc_column][\/vc_column][\/vc_row][vc_row][vc_column][\/vc_column][\/vc_row][vc_row css=\u00a0\u00bb.vc_custom_1645020595667{background-color: #e8e8e8 !important;}\u00a0\u00bb][vc_column][\/vc_column][\/vc_row][vc_row css=\u00a0\u00bb.vc_custom_1645020797922{background-color: #e94e1b !important;}\u00a0\u00bb][vc_column][\/vc_column][\/vc_row][vc_row][vc_column][\/vc_column][\/vc_row]<\/p>\n","protected":false},"author":1,"featured_media":0,"parent":0,"menu_order":0,"comment_status":"closed","ping_status":"closed","template":"","meta":{"footnotes":""},"class_list":["post-2176","page","type-page","status-publish","hentry"],"yoast_head":"<!-- This site is optimized with the Yoast SEO plugin v25.6 - https:\/\/yoast.com\/wordpress\/plugins\/seo\/ -->\n<title>Informations pratiques sur votre s\u00e9jour au Camping de Valkenburg<\/title>\n<meta name=\"description\" content=\"Toutes les informations pratiques avant votre s\u00e9jour au Camping Valkenburg : ce qui est inclus, modalit\u00e9s de r\u00e8glement.\" \/>\n<meta name=\"robots\" content=\"index, follow, max-snippet:-1, max-image-preview:large, max-video-preview:-1\" \/>\n<link rel=\"canonical\" href=\"https:\/\/www.camping-valkenburg.com\/fr\/mon-sejour\/\" \/>\n<meta property=\"og:locale\" content=\"fr_FR\" \/>\n<meta property=\"og:type\" content=\"article\" \/>\n<meta property=\"og:title\" content=\"Informations pratiques sur votre s\u00e9jour au Camping de Valkenburg\" \/>\n<meta property=\"og:description\" content=\"Toutes les informations pratiques avant votre s\u00e9jour au Camping Valkenburg : ce qui est inclus, modalit\u00e9s de r\u00e8glement.\" \/>\n<meta property=\"og:url\" content=\"https:\/\/www.camping-valkenburg.com\/fr\/mon-sejour\/\" \/>\n<meta property=\"og:site_name\" content=\"Camping Valkenburg - Maastricht\" \/>\n<meta property=\"article:modified_time\" content=\"2025-03-07T10:17:19+00:00\" \/>\n<meta name=\"twitter:card\" content=\"summary_large_image\" \/>\n<meta name=\"twitter:label1\" content=\"Est. reading time\" \/>\n\t<meta name=\"twitter:data1\" content=\"4 minutes\" \/>\n<script type=\"application\/ld+json\" class=\"yoast-schema-graph\">{\"@context\":\"https:\/\/schema.org\",\"@graph\":[{\"@type\":\"WebPage\",\"@id\":\"https:\/\/www.camping-valkenburg.com\/fr\/mon-sejour\/\",\"url\":\"https:\/\/www.camping-valkenburg.com\/fr\/mon-sejour\/\",\"name\":\"Informations pratiques sur votre s\u00e9jour au Camping de Valkenburg\",\"isPartOf\":{\"@id\":\"https:\/\/www.camping-valkenburg.com\/fr\/#website\"},\"datePublished\":\"2022-02-16T13:42:50+00:00\",\"dateModified\":\"2025-03-07T10:17:19+00:00\",\"description\":\"Toutes les informations pratiques avant votre s\u00e9jour au Camping Valkenburg : ce qui est inclus, modalit\u00e9s de r\u00e8glement.\",\"breadcrumb\":{\"@id\":\"https:\/\/www.camping-valkenburg.com\/fr\/mon-sejour\/#breadcrumb\"},\"inLanguage\":\"fr-FR\",\"potentialAction\":[{\"@type\":\"ReadAction\",\"target\":[\"https:\/\/www.camping-valkenburg.com\/fr\/mon-sejour\/\"]}]},{\"@type\":\"BreadcrumbList\",\"@id\":\"https:\/\/www.camping-valkenburg.com\/fr\/mon-sejour\/#breadcrumb\",\"itemListElement\":[{\"@type\":\"ListItem\",\"position\":1,\"name\":\"Accueil\",\"item\":\"https:\/\/www.camping-valkenburg.com\/fr\/\"},{\"@type\":\"ListItem\",\"position\":2,\"name\":\"Mon s\u00e9jour\"}]},{\"@type\":\"WebSite\",\"@id\":\"https:\/\/www.camping-valkenburg.com\/fr\/#website\",\"url\":\"https:\/\/www.camping-valkenburg.com\/fr\/\",\"name\":\"Camping Valkenburg - Maastricht\",\"description\":\"Un site utilisant Citykamp\",\"potentialAction\":[{\"@type\":\"SearchAction\",\"target\":{\"@type\":\"EntryPoint\",\"urlTemplate\":\"https:\/\/www.camping-valkenburg.com\/fr\/?s={search_term_string}\"},\"query-input\":{\"@type\":\"PropertyValueSpecification\",\"valueRequired\":true,\"valueName\":\"search_term_string\"}}],\"inLanguage\":\"fr-FR\"}]}<\/script>\n<!-- \/ Yoast SEO plugin. -->","yoast_head_json":{"title":"Informations pratiques sur votre s\u00e9jour au Camping de Valkenburg","description":"Toutes les informations pratiques avant votre s\u00e9jour au Camping Valkenburg : ce qui est inclus, modalit\u00e9s de r\u00e8glement.","robots":{"index":"index","follow":"follow","max-snippet":"max-snippet:-1","max-image-preview":"max-image-preview:large","max-video-preview":"max-video-preview:-1"},"canonical":"https:\/\/www.camping-valkenburg.com\/fr\/mon-sejour\/","og_locale":"fr_FR","og_type":"article","og_title":"Informations pratiques sur votre s\u00e9jour au Camping de Valkenburg","og_description":"Toutes les informations pratiques avant votre s\u00e9jour au Camping Valkenburg : ce qui est inclus, modalit\u00e9s de r\u00e8glement.","og_url":"https:\/\/www.camping-valkenburg.com\/fr\/mon-sejour\/","og_site_name":"Camping Valkenburg - Maastricht","article_modified_time":"2025-03-07T10:17:19+00:00","twitter_card":"summary_large_image","twitter_misc":{"Est. reading time":"4 minutes"},"schema":{"@context":"https:\/\/schema.org","@graph":[{"@type":"WebPage","@id":"https:\/\/www.camping-valkenburg.com\/fr\/mon-sejour\/","url":"https:\/\/www.camping-valkenburg.com\/fr\/mon-sejour\/","name":"Informations pratiques sur votre s\u00e9jour au Camping de Valkenburg","isPartOf":{"@id":"https:\/\/www.camping-valkenburg.com\/fr\/#website"},"datePublished":"2022-02-16T13:42:50+00:00","dateModified":"2025-03-07T10:17:19+00:00","description":"Toutes les informations pratiques avant votre s\u00e9jour au Camping Valkenburg : ce qui est inclus, modalit\u00e9s de r\u00e8glement.","breadcrumb":{"@id":"https:\/\/www.camping-valkenburg.com\/fr\/mon-sejour\/#breadcrumb"},"inLanguage":"fr-FR","potentialAction":[{"@type":"ReadAction","target":["https:\/\/www.camping-valkenburg.com\/fr\/mon-sejour\/"]}]},{"@type":"BreadcrumbList","@id":"https:\/\/www.camping-valkenburg.com\/fr\/mon-sejour\/#breadcrumb","itemListElement":[{"@type":"ListItem","position":1,"name":"Accueil","item":"https:\/\/www.camping-valkenburg.com\/fr\/"},{"@type":"ListItem","position":2,"name":"Mon s\u00e9jour"}]},{"@type":"WebSite","@id":"https:\/\/www.camping-valkenburg.com\/fr\/#website","url":"https:\/\/www.camping-valkenburg.com\/fr\/","name":"Camping Valkenburg - Maastricht","description":"Un site utilisant Citykamp","potentialAction":[{"@type":"SearchAction","target":{"@type":"EntryPoint","urlTemplate":"https:\/\/www.camping-valkenburg.com\/fr\/?s={search_term_string}"},"query-input":{"@type":"PropertyValueSpecification","valueRequired":true,"valueName":"search_term_string"}}],"inLanguage":"fr-FR"}]}},"_links":{"self":[{"href":"https:\/\/www.camping-valkenburg.com\/fr\/wp-json\/wp\/v2\/pages\/2176","targetHints":{"allow":["GET"]}}],"collection":[{"href":"https:\/\/www.camping-valkenburg.com\/fr\/wp-json\/wp\/v2\/pages"}],"about":[{"href":"https:\/\/www.camping-valkenburg.com\/fr\/wp-json\/wp\/v2\/types\/page"}],"author":[{"embeddable":true,"href":"https:\/\/www.camping-valkenburg.com\/fr\/wp-json\/wp\/v2\/users\/1"}],"replies":[{"embeddable":true,"href":"https:\/\/www.camping-valkenburg.com\/fr\/wp-json\/wp\/v2\/comments?post=2176"}],"version-history":[{"count":4,"href":"https:\/\/www.camping-valkenburg.com\/fr\/wp-json\/wp\/v2\/pages\/2176\/revisions"}],"predecessor-version":[{"id":3544,"href":"https:\/\/www.camping-valkenburg.com\/fr\/wp-json\/wp\/v2\/pages\/2176\/revisions\/3544"}],"wp:attachment":[{"href":"https:\/\/www.camping-valkenburg.com\/fr\/wp-json\/wp\/v2\/media?parent=2176"}],"curies":[{"name":"wp","href":"https:\/\/api.w.org\/{rel}","templated":true}]}}