{"id":164,"date":"2020-02-25T10:31:44","date_gmt":"2020-02-25T09:31:44","guid":{"rendered":"https:\/\/www.camping-valkenburg.com\/?page_id=164"},"modified":"2025-03-19T10:19:33","modified_gmt":"2025-03-19T09:19:33","slug":"emplacements","status":"publish","type":"page","link":"https:\/\/www.camping-valkenburg.com\/fr\/emplacements\/","title":{"rendered":"Emplacements"},"content":{"rendered":"<div class=\"wpb-content-wrapper\"><p>[vc_row][vc_column][vc_single_image image=\u00a0\u00bb2801&Prime; img_size=\u00a0\u00bb1900&#215;500&Prime; alignment=\u00a0\u00bbcenter\u00a0\u00bb css=\u00a0\u00bb\u00a0\u00bb][\/vc_column][\/vc_row][vc_row][vc_column]<div class=\"wrappedcontent\">[vc_column_text]<\/p>\n<h3>De beaux et grands emplacements pour une pause nature apr\u00e8s vos escapades touristiques<\/h3>\n<p>Que vous veniez avec votre tente, votre caravane ou votre camping-car, le camping de Valkenburg-Maastricht vous propose des emplacements faciles d\u2019acc\u00e8s pour un s\u00e9jour au plus pr\u00e8s de la nature.[\/vc_column_text]<\/div>[\/vc_column][\/vc_row][vc_row css=\u00a0\u00bb.vc_custom_1582622469164{background-color: #e8e8e8 !important;}\u00a0\u00bb][vc_column]<div class=\"wrappedcontent\">[vc_row_inner equal_height=\u00a0\u00bbyes\u00a0\u00bb gap=\u00a0\u00bb35&Prime; css=\u00a0\u00bb.vc_custom_1606143597314{margin-left: -0.5px !important;}\u00a0\u00bb][vc_column_inner width=\u00a0\u00bb1\/3&Prime; css=\u00a0\u00bb.vc_custom_1582622480152{background-color: #ffffff !important;}\u00a0\u00bb][vc_masonry_media_grid element_width=\u00a0\u00bb12&Prime; gap=\u00a0\u00bb0&Prime; grid_id=\u00a0\u00bbvc_gid:1742375924455-83bba371-dfa9-8&Prime; include=\u00a0\u00bb765&Prime;][vc_column_text css=\u00a0\u00bb.vc_custom_1582623203278{padding-top: 20px !important;padding-right: 20px !important;padding-bottom: 20px !important;padding-left: 20px !important;}\u00a0\u00bb]<\/p>\n<p style=\"text-align: center;\"><span style=\"color: #e84e1b;\"><strong><span style=\"font-size: 16pt;\">EMPLACEMENT NATURE<\/span><\/strong><\/span><\/p>\n<p><strong>Le forfait de base inclut :<\/strong><br \/>\n&#8211; 2 personnes<br \/>\n&#8211; 1 installation (tente ou caravane + 1 v\u00e9hicule) OU 1 camping-car<\/p>\n<p><strong>Avec suppl\u00e9ment :<\/strong><br \/>\n&#8211; Jusqu&rsquo;\u00e0 6 personnes par emplacement (hors \u00e9t\u00e9, les enfants de -10 ans sont nos invit\u00e9s !)<br \/>\n&#8211; 1 animal accept\u00e9<br \/>\n&#8211; Tente suppl\u00e9mentaire[\/vc_column_text][\/vc_column_inner][vc_column_inner width=\u00a0\u00bb1\/3&Prime; css=\u00a0\u00bb.vc_custom_1582622475666{background-color: #ffffff !important;}\u00a0\u00bb][vc_masonry_media_grid element_width=\u00a0\u00bb12&Prime; gap=\u00a0\u00bb0&Prime; grid_id=\u00a0\u00bbvc_gid:1742375924458-400fa455-36a5-8&Prime; include=\u00a0\u00bb3265&Prime;][vc_column_text css=\u00a0\u00bb.vc_custom_1613573349970{padding-top: 20px !important;padding-right: 20px !important;padding-bottom: 20px !important;padding-left: 20px !important;}\u00a0\u00bb]<\/p>\n<p style=\"text-align: center;\"><span style=\"color: #e84e1b;\"><strong><span style=\"font-size: 16pt;\">EMPLACEMENT CONFORT<\/span><\/strong><\/span><\/p>\n<p>Les emplacements \u00ab Confort \u00bb peuvent accueillir jusqu\u2019\u00e0 6 personnes avec un branchement \u00e9lectrique inclus !<\/p>\n<p><strong>Le forfait de base inclut :<\/strong><br \/>\n&#8211; 2 personnes<br \/>\n&#8211; 1 installation (tente ou caravane + 1 v\u00e9hicule) OU 1 camping-car<\/p>\n<p><strong>Avec suppl\u00e9ment :<\/strong><br \/>\n&#8211; Jusqu&rsquo;\u00e0 6 personnes par emplacement<br \/>\n&#8211; 1 animal accept\u00e9<br \/>\n&#8211; Tente suppl\u00e9mentaire[\/vc_column_text][\/vc_column_inner][vc_column_inner width=\u00a0\u00bb1\/3&Prime; css=\u00a0\u00bb.vc_custom_1742375838170{background-color: #FFFFFF !important;}\u00a0\u00bb][vc_masonry_media_grid element_width=\u00a0\u00bb12&Prime; gap=\u00a0\u00bb0&Prime; css=\u00a0\u00bb\u00a0\u00bb grid_id=\u00a0\u00bbvc_gid:1742375924460-b270b05c-5e5c-5&Prime; include=\u00a0\u00bb3269&Prime;][vc_column_text css=\u00a0\u00bb.vc_custom_1742376079481{padding-top: 20px !important;padding-right: 20px !important;padding-bottom: 20px !important;padding-left: 20px !important;}\u00a0\u00bb]<\/p>\n<p style=\"text-align: center;\"><span style=\"color: #e84e1b;\"><strong><span style=\"font-size: 16pt;\">MOTORHOME STOPOVER<\/span><\/strong><\/span><\/p>\n<p>Book a \u00ab Camping-Car \u00bb spot in the designated parking areas, with flooring and location specially designed for parking your vehicle.<\/p>\n<p>&#8211; Electricity<br \/>\n&#8211; Motorhome waste disposal point[\/vc_column_text][\/vc_column_inner][\/vc_row_inner][vc_empty_space]<div class=\"text-center btnwrap\"><a class=\"btn btn-huttopia-cta\" href=\"http:\/\/checkout.citykamp.com\/site\/fr\/933\" role=\"button\" target=\"\" onclick=\"dataLayer.push({'event':'clickCity', 'clickText':'R\u00c9SERVEZ VOTRE S\u00c9JOUR'})\">R\u00c9SERVEZ VOTRE S\u00c9JOUR<\/a><\/div>[vc_empty_space]<\/div>[\/vc_column][\/vc_row][vc_row][vc_column]<div class=\"wrappedcontent\">[vc_empty_space height=\u00a0\u00bb15px\u00a0\u00bb][vc_row_inner gap=\u00a0\u00bb30&Prime; css=\u00a0\u00bb.vc_custom_1678890461976{background-color: rgba(232,78,27,0.2) !important;*background-color: rgb(232,78,27) !important;}\u00a0\u00bb][vc_column_inner width=\u00a0\u00bb1\/4&Prime;][vc_single_image image=\u00a0\u00bb2721&Prime; img_size=\u00a0\u00bb600*500&Prime; alignment=\u00a0\u00bbcenter\u00a0\u00bb][\/vc_column_inner][vc_column_inner width=\u00a0\u00bb3\/4&Prime;][vc_column_text]<\/p>\n<h2><span style=\"color: #e94e1b;\">CAMPING CARD<\/span><\/h2>\n<p><span style=\"font-size: 12pt;\">Campez \u00e0 partir de <span style=\"color: #e84e1b;\"><strong>15\u20ac<\/strong><\/span>* par nuit avec la <span style=\"color: #e84e1b;\"><a style=\"color: #e84e1b;\" href=\"https:\/\/www.citykamp.com\/camping-card\/\"><span style=\"text-decoration: underline;\">Camping Card<\/span><\/a><\/span><span style=\"color: #000000;\"> Huttopia<\/span>.<\/span><br \/>\n<span style=\"font-size: 12pt;\">B\u00e9n\u00e9ficiez de prix r\u00e9duits et de nuits gratuites pendant l\u2019avant et l\u2019arri\u00e8re saison, sur tous les campings <span style=\"text-decoration: underline;\"><span style=\"color: #e84e1b;\"><a style=\"color: #e84e1b; text-decoration: underline;\" href=\"https:\/\/www.citykamp.com\/destinations\/\">Citykamp<\/a><\/span>,<\/span> <span style=\"text-decoration: underline;\"><span style=\"color: #e84e1b;\"><a style=\"color: #e84e1b; text-decoration: underline;\" href=\"https:\/\/www.onlycamp.fr\/\">Onlycamp<\/a><\/span><\/span> et tous les <span style=\"text-decoration: underline; color: #e84e1b;\"><a style=\"color: #e84e1b; text-decoration: underline;\" href=\"https:\/\/europe.huttopia.com\/destinations\/campings\/\">campings Huttopia<\/a><\/span>.<\/span><\/p>\n<p><em><span style=\"font-size: 10pt;\">*Tarif incluant 1 emplacement pour 2 personnes avec l\u2019\u00e9lectricit\u00e9 (+ animal offert)<\/span><\/em>[\/vc_column_text]<div class=\" btnwrap\"><a class=\"btn btn-huttopia-cta\" href=\"https:\/\/www.citykamp.com\/camping-card\/\" role=\"button\" target=\"true\" onclick=\"dataLayer.push({'event':'clickCity', 'clickText':'J'EN PROFITE'})\">J'EN PROFITE<\/a><\/div>[\/vc_column_inner][\/vc_row_inner][vc_empty_space height=\u00a0\u00bb15px\u00a0\u00bb]<\/div>[\/vc_column][\/vc_row][vc_row css=\u00a0\u00bb.vc_custom_1612435874909{background-color: #e8e8e8 !important;}\u00a0\u00bb][vc_column]<div class=\"wrappedcontent\">[vc_row_inner gap=\u00a0\u00bb35&Prime;][vc_column_inner width=\u00a0\u00bb1\/2&Prime;][vc_column_text]<\/p>\n<h4>Les sanitaires<\/h4>\n<p>Dans le City Kamp de Valkenburg b\u00e9n\u00e9ficiez de sanitaires modernes, a\u00e9r\u00e9s et lumineux.<br \/>\nLes sanitaires sont \u00e9quip\u00e9s pour votre confort. Ils disposent d\u2019espaces b\u00e9b\u00e9, de salles d\u2019eau familiales, de cabines de douches fonctionnelles, de toilettes adapt\u00e9es aux enfants\u2026 Un espace est r\u00e9serv\u00e9 aux personnes \u00e0 mobilit\u00e9 r\u00e9duite.[\/vc_column_text][\/vc_column_inner][vc_column_inner width=\u00a0\u00bb1\/2&Prime;][vc_masonry_media_grid element_width=\u00a0\u00bb6&Prime; gap=\u00a0\u00bb10&Prime; item=\u00a0\u00bb756&Prime; grid_id=\u00a0\u00bbvc_gid:1742375924465-5c8873d7-7abc-7&Prime; include=\u00a0\u00bb1960,794&Prime;][\/vc_column_inner][\/vc_row_inner]<\/div>[\/vc_column][\/vc_row][vc_row][vc_column]<div class=\"wrappedcontent\">[vc_column_text]<\/p>\n<h4>Les services aux campeurs<\/h4>\n<p>Des services d\u00e9di\u00e9s aux campeurs sont \u00e0 votre disposition au camping de Valkenburg-Maastricht pour un s\u00e9jour 100% pratique :<\/p>\n<ul>\n<li>Location de frigos<\/li>\n<li>Pains frais et viennoiseries tous les matins (sur commande)<\/li>\n<li>Une \u00e9picerie pour vous d\u00e9panner en cas d\u2019oubli<\/li>\n<li>Aire de service pour les camping-caristes<\/li>\n<\/ul>\n<p>[\/vc_column_text][vc_empty_space height=\u00a0\u00bb40px\u00a0\u00bb][vc_row_inner equal_height=\u00a0\u00bbyes\u00a0\u00bb gap=\u00a0\u00bb15&Prime; css=\u00a0\u00bb.vc_custom_1612436282518{margin-left: -0.5px !important;}\u00a0\u00bb][vc_column_inner width=\u00a0\u00bb1\/3&Prime; css=\u00a0\u00bb.vc_custom_1612436334470{background-color: #e8e8e8 !important;}\u00a0\u00bb][vc_icon icon_fontawesome=\u00a0\u00bbfar fa-map\u00a0\u00bb color=\u00a0\u00bbcustom\u00a0\u00bb size=\u00a0\u00bblg\u00a0\u00bb align=\u00a0\u00bbcenter\u00a0\u00bb css=\u00a0\u00bb.vc_custom_1676306015608{margin-bottom: -10px !important;padding-top: 15px !important;}\u00a0\u00bb custom_color=\u00a0\u00bb#e84e1b\u00a0\u00bb link=\u00a0\u00bburl:https%3A%2F%2Fmedia.huttopia.com%2Fdestinations%2Fvalkenburg-maastricht%2Fplan-citykamp-camping-valkenburg-maastricht.pdf\u00a0\u00bb][vc_column_text css=\u00a0\u00bb.vc_custom_1676306021270{padding-top: 25px !important;padding-right: 15px !important;padding-bottom: 15px !important;padding-left: 15px !important;}\u00a0\u00bb]<\/p>\n<p style=\"text-align: center;\"><strong><a href=\"https:\/\/media.huttopia.com\/destinations\/valkenburg-maastricht\/plan-citykamp-camping-valkenburg-maastricht.pdf\" target=\"_blank\" rel=\"noopener noreferrer\">Plan du camping<\/a><\/strong><\/p>\n<p>[\/vc_column_text][\/vc_column_inner][vc_column_inner width=\u00a0\u00bb1\/3&Prime; css=\u00a0\u00bb.vc_custom_1612436338894{background-color: #e8e8e8 !important;}\u00a0\u00bb][vc_icon icon_fontawesome=\u00a0\u00bbfar fa-envelope\u00a0\u00bb color=\u00a0\u00bbcustom\u00a0\u00bb size=\u00a0\u00bblg\u00a0\u00bb align=\u00a0\u00bbcenter\u00a0\u00bb css=\u00a0\u00bb.vc_custom_1612442234084{margin-bottom: -10px !important;padding-top: 15px !important;}\u00a0\u00bb custom_color=\u00a0\u00bb#e84e1b\u00a0\u00bb][vc_column_text css=\u00a0\u00bb.vc_custom_1613122909993{padding-top: 25px !important;padding-right: 15px !important;padding-bottom: 15px !important;padding-left: 15px !important;}\u00a0\u00bb]<\/p>\n<p style=\"text-align: center;\"><strong><a href=\"https:\/\/www.camping-valkenburg.com\/fr\/contact\/\">Contact<\/a><\/strong><\/p>\n<p>[\/vc_column_text][\/vc_column_inner][vc_column_inner width=\u00a0\u00bb1\/3&Prime; css=\u00a0\u00bb.vc_custom_1612436343950{background-color: #e8e8e8 !important;}\u00a0\u00bb][vc_icon icon_fontawesome=\u00a0\u00bbfas fa-map-marker-alt\u00a0\u00bb color=\u00a0\u00bbcustom\u00a0\u00bb size=\u00a0\u00bblg\u00a0\u00bb align=\u00a0\u00bbcenter\u00a0\u00bb css=\u00a0\u00bb.vc_custom_1612442239774{margin-bottom: -10px !important;padding-top: 15px !important;}\u00a0\u00bb custom_color=\u00a0\u00bb#e84e1b\u00a0\u00bb][vc_column_text css=\u00a0\u00bb.vc_custom_1613122914713{padding-top: 25px !important;padding-right: 15px !important;padding-bottom: 15px !important;padding-left: 15px !important;}\u00a0\u00bb]<\/p>\n<p style=\"text-align: center;\"><strong><a href=\"https:\/\/www.google.com\/maps\/place\/Camping+Valkenburg+-+Maastricht\/@50.8813096,5.8336073,15z\/data=!4m2!3m1!1s0x0:0x474dde9153135d13?sa=X&amp;ved=2ahUKEwiK-9a27M_uAhWl8uAKHXfFBhcQ_BIwC3oECBcQBQ\">Itin\u00e9raire<\/a><\/strong><\/p>\n<p>[\/vc_column_text][\/vc_column_inner][\/vc_row_inner]<\/div>[\/vc_column][\/vc_row][vc_row css=\u00a0\u00bb.vc_custom_1612443694103{background-color: #e8e8e8 !important;}\u00a0\u00bb][vc_column]<div class=\"wrappedcontent\">[vc_column_text]<\/p>\n<h4>Galerie photo<\/h4>\n<p>[\/vc_column_text][vc_empty_space height=\u00a0\u00bb18px\u00a0\u00bb][vc_masonry_media_grid style=\u00a0\u00bbload-more\u00a0\u00bb items_per_page=\u00a0\u00bb4&Prime; element_width=\u00a0\u00bb3&Prime; gap=\u00a0\u00bb10&Prime; item=\u00a0\u00bb757&Prime; btn_title=\u00a0\u00bbVOIR PLUS\u00a0\u00bb btn_style=\u00a0\u00bbcustom\u00a0\u00bb btn_custom_background=\u00a0\u00bb#e84e1b\u00a0\u00bb btn_custom_text=\u00a0\u00bb#ffffff\u00a0\u00bb btn_i_icon_fontawesome=\u00a0\u00bbfas fa-camera\u00a0\u00bb btn_add_icon=\u00a0\u00bbtrue\u00a0\u00bb grid_id=\u00a0\u00bbvc_gid:1742375924469-cfbffd7c-f040-1&Prime; include=\u00a0\u00bb3245,3249,3253,3257,3261,794,785,798&Prime;]<\/div>[\/vc_column][\/vc_row]<\/p>\n<\/div>","protected":false},"excerpt":{"rendered":"<p>[vc_row][vc_column][vc_single_image image=\u00a0\u00bb2801&Prime; img_size=\u00a0\u00bb1900&#215;500&Prime; alignment=\u00a0\u00bbcenter\u00a0\u00bb css=\u00a0\u00bb\u00a0\u00bb][\/vc_column][\/vc_row][vc_row][vc_column][\/vc_column][\/vc_row][vc_row css=\u00a0\u00bb.vc_custom_1582622469164{background-color: #e8e8e8 !important;}\u00a0\u00bb][vc_column][\/vc_column][\/vc_row][vc_row][vc_column][\/vc_column][\/vc_row][vc_row css=\u00a0\u00bb.vc_custom_1612435874909{background-color: #e8e8e8 !important;}\u00a0\u00bb][vc_column][\/vc_column][\/vc_row][vc_row][vc_column][\/vc_column][\/vc_row][vc_row css=\u00a0\u00bb.vc_custom_1612443694103{background-color: #e8e8e8 !important;}\u00a0\u00bb][vc_column][\/vc_column][\/vc_row]<\/p>\n","protected":false},"author":4,"featured_media":0,"parent":0,"menu_order":0,"comment_status":"closed","ping_status":"closed","template":"","meta":{"footnotes":""},"class_list":["post-164","page","type-page","status-publish","hentry"],"yoast_head":"<!-- This site is optimized with the Yoast SEO plugin v25.6 - https:\/\/yoast.com\/wordpress\/plugins\/seo\/ -->\n<title>Emplacements de camping | Camping Valkenburg - Maastricht<\/title>\n<meta name=\"description\" content=\"D\u00e9couvrez les emplacements larges et ombrag\u00e9s du Camping Valkenburg - Maastricht et profitez de votre s\u00e9jour tout en confort.\" \/>\n<meta name=\"robots\" content=\"index, follow, max-snippet:-1, max-image-preview:large, max-video-preview:-1\" \/>\n<link rel=\"canonical\" href=\"https:\/\/www.camping-valkenburg.com\/fr\/emplacements\/\" \/>\n<meta property=\"og:locale\" content=\"fr_FR\" \/>\n<meta property=\"og:type\" content=\"article\" \/>\n<meta property=\"og:title\" content=\"Emplacements de camping | Camping Valkenburg - Maastricht\" \/>\n<meta property=\"og:description\" content=\"D\u00e9couvrez les emplacements larges et ombrag\u00e9s du Camping Valkenburg - Maastricht et profitez de votre s\u00e9jour tout en confort.\" \/>\n<meta property=\"og:url\" content=\"https:\/\/www.camping-valkenburg.com\/fr\/emplacements\/\" \/>\n<meta property=\"og:site_name\" content=\"Camping Valkenburg - Maastricht\" \/>\n<meta property=\"article:modified_time\" content=\"2025-03-19T09:19:33+00:00\" \/>\n<meta name=\"twitter:card\" content=\"summary_large_image\" \/>\n<meta name=\"twitter:label1\" content=\"Est. reading time\" \/>\n\t<meta name=\"twitter:data1\" content=\"6 minutes\" \/>\n<script type=\"application\/ld+json\" class=\"yoast-schema-graph\">{\"@context\":\"https:\/\/schema.org\",\"@graph\":[{\"@type\":\"WebPage\",\"@id\":\"https:\/\/www.camping-valkenburg.com\/fr\/emplacements\/\",\"url\":\"https:\/\/www.camping-valkenburg.com\/fr\/emplacements\/\",\"name\":\"Emplacements de camping | Camping Valkenburg - Maastricht\",\"isPartOf\":{\"@id\":\"https:\/\/www.camping-valkenburg.com\/fr\/#website\"},\"datePublished\":\"2020-02-25T09:31:44+00:00\",\"dateModified\":\"2025-03-19T09:19:33+00:00\",\"description\":\"D\u00e9couvrez les emplacements larges et ombrag\u00e9s du Camping Valkenburg - Maastricht et profitez de votre s\u00e9jour tout en confort.\",\"breadcrumb\":{\"@id\":\"https:\/\/www.camping-valkenburg.com\/fr\/emplacements\/#breadcrumb\"},\"inLanguage\":\"fr-FR\",\"potentialAction\":[{\"@type\":\"ReadAction\",\"target\":[\"https:\/\/www.camping-valkenburg.com\/fr\/emplacements\/\"]}]},{\"@type\":\"BreadcrumbList\",\"@id\":\"https:\/\/www.camping-valkenburg.com\/fr\/emplacements\/#breadcrumb\",\"itemListElement\":[{\"@type\":\"ListItem\",\"position\":1,\"name\":\"Accueil\",\"item\":\"https:\/\/www.camping-valkenburg.com\/fr\/\"},{\"@type\":\"ListItem\",\"position\":2,\"name\":\"Emplacements\"}]},{\"@type\":\"WebSite\",\"@id\":\"https:\/\/www.camping-valkenburg.com\/fr\/#website\",\"url\":\"https:\/\/www.camping-valkenburg.com\/fr\/\",\"name\":\"Camping Valkenburg - Maastricht\",\"description\":\"Un site utilisant Citykamp\",\"potentialAction\":[{\"@type\":\"SearchAction\",\"target\":{\"@type\":\"EntryPoint\",\"urlTemplate\":\"https:\/\/www.camping-valkenburg.com\/fr\/?s={search_term_string}\"},\"query-input\":{\"@type\":\"PropertyValueSpecification\",\"valueRequired\":true,\"valueName\":\"search_term_string\"}}],\"inLanguage\":\"fr-FR\"}]}<\/script>\n<!-- \/ Yoast SEO plugin. -->","yoast_head_json":{"title":"Emplacements de camping | Camping Valkenburg - Maastricht","description":"D\u00e9couvrez les emplacements larges et ombrag\u00e9s du Camping Valkenburg - Maastricht et profitez de votre s\u00e9jour tout en confort.","robots":{"index":"index","follow":"follow","max-snippet":"max-snippet:-1","max-image-preview":"max-image-preview:large","max-video-preview":"max-video-preview:-1"},"canonical":"https:\/\/www.camping-valkenburg.com\/fr\/emplacements\/","og_locale":"fr_FR","og_type":"article","og_title":"Emplacements de camping | Camping Valkenburg - Maastricht","og_description":"D\u00e9couvrez les emplacements larges et ombrag\u00e9s du Camping Valkenburg - Maastricht et profitez de votre s\u00e9jour tout en confort.","og_url":"https:\/\/www.camping-valkenburg.com\/fr\/emplacements\/","og_site_name":"Camping Valkenburg - Maastricht","article_modified_time":"2025-03-19T09:19:33+00:00","twitter_card":"summary_large_image","twitter_misc":{"Est. reading time":"6 minutes"},"schema":{"@context":"https:\/\/schema.org","@graph":[{"@type":"WebPage","@id":"https:\/\/www.camping-valkenburg.com\/fr\/emplacements\/","url":"https:\/\/www.camping-valkenburg.com\/fr\/emplacements\/","name":"Emplacements de camping | Camping Valkenburg - Maastricht","isPartOf":{"@id":"https:\/\/www.camping-valkenburg.com\/fr\/#website"},"datePublished":"2020-02-25T09:31:44+00:00","dateModified":"2025-03-19T09:19:33+00:00","description":"D\u00e9couvrez les emplacements larges et ombrag\u00e9s du Camping Valkenburg - Maastricht et profitez de votre s\u00e9jour tout en confort.","breadcrumb":{"@id":"https:\/\/www.camping-valkenburg.com\/fr\/emplacements\/#breadcrumb"},"inLanguage":"fr-FR","potentialAction":[{"@type":"ReadAction","target":["https:\/\/www.camping-valkenburg.com\/fr\/emplacements\/"]}]},{"@type":"BreadcrumbList","@id":"https:\/\/www.camping-valkenburg.com\/fr\/emplacements\/#breadcrumb","itemListElement":[{"@type":"ListItem","position":1,"name":"Accueil","item":"https:\/\/www.camping-valkenburg.com\/fr\/"},{"@type":"ListItem","position":2,"name":"Emplacements"}]},{"@type":"WebSite","@id":"https:\/\/www.camping-valkenburg.com\/fr\/#website","url":"https:\/\/www.camping-valkenburg.com\/fr\/","name":"Camping Valkenburg - Maastricht","description":"Un site utilisant Citykamp","potentialAction":[{"@type":"SearchAction","target":{"@type":"EntryPoint","urlTemplate":"https:\/\/www.camping-valkenburg.com\/fr\/?s={search_term_string}"},"query-input":{"@type":"PropertyValueSpecification","valueRequired":true,"valueName":"search_term_string"}}],"inLanguage":"fr-FR"}]}},"_links":{"self":[{"href":"https:\/\/www.camping-valkenburg.com\/fr\/wp-json\/wp\/v2\/pages\/164","targetHints":{"allow":["GET"]}}],"collection":[{"href":"https:\/\/www.camping-valkenburg.com\/fr\/wp-json\/wp\/v2\/pages"}],"about":[{"href":"https:\/\/www.camping-valkenburg.com\/fr\/wp-json\/wp\/v2\/types\/page"}],"author":[{"embeddable":true,"href":"https:\/\/www.camping-valkenburg.com\/fr\/wp-json\/wp\/v2\/users\/4"}],"replies":[{"embeddable":true,"href":"https:\/\/www.camping-valkenburg.com\/fr\/wp-json\/wp\/v2\/comments?post=164"}],"version-history":[{"count":6,"href":"https:\/\/www.camping-valkenburg.com\/fr\/wp-json\/wp\/v2\/pages\/164\/revisions"}],"predecessor-version":[{"id":3560,"href":"https:\/\/www.camping-valkenburg.com\/fr\/wp-json\/wp\/v2\/pages\/164\/revisions\/3560"}],"wp:attachment":[{"href":"https:\/\/www.camping-valkenburg.com\/fr\/wp-json\/wp\/v2\/media?parent=164"}],"curies":[{"name":"wp","href":"https:\/\/api.w.org\/{rel}","templated":true}]}}