{"id":191,"date":"2020-02-25T10:47:23","date_gmt":"2020-02-25T09:47:23","guid":{"rendered":"https:\/\/www.camping-valkenburg.com\/?page_id=191"},"modified":"2025-03-19T10:26:20","modified_gmt":"2025-03-19T09:26:20","slug":"staanplaatsen","status":"publish","type":"page","link":"https:\/\/www.camping-valkenburg.com\/de\/staanplaatsen\/","title":{"rendered":"STELLPL\u00c4TZE"},"content":{"rendered":"<div class=\"wpb-content-wrapper\"><p>[vc_row][vc_column][vc_single_image image=&#8220;2804&#8243; img_size=&#8220;1900&#215;500&#8243; alignment=&#8220;center&#8220; css=&#8220;&#8220;][\/vc_column][\/vc_row][vc_row][vc_column]<div class=\"wrappedcontent\">[vc_column_text]<\/p>\n<h3>Sch\u00f6ne, ger\u00e4umige Stellpl\u00e4tze zum Entspannen im Gr\u00fcnen nach Ihren Ausfl\u00fcgen in der Umgebung<\/h3>\n<p>Ob Sie mit Ihrem Zelt unterwegs sind, Ihrem Wohnmobil oder mit Ihrem Wohnwagen, der Campingplatz Valkenburg-Maastricht bietet Ihnen gut zug\u00e4ngliche Stellpl\u00e4tze f\u00fcr einen entspannten Aufenthalt mitten in der Natur.[\/vc_column_text]<\/div>[\/vc_column][\/vc_row][vc_row css=&#8220;.vc_custom_1582622469164{background-color: #e8e8e8 !important;}&#8220;][vc_column]<div class=\"wrappedcontent\">[vc_row_inner equal_height=&#8220;yes&#8220; gap=&#8220;35&#8243; css=&#8220;.vc_custom_1606143639780{margin-left: -0.5px !important;}&#8220;][vc_column_inner width=&#8220;1\/3&#8243; css=&#8220;.vc_custom_1582622480152{background-color: #ffffff !important;}&#8220;][vc_masonry_media_grid element_width=&#8220;12&#8243; gap=&#8220;0&#8243; grid_id=&#8220;vc_gid:1742376478739-06204ae1-701a-7&#8243; include=&#8220;768&#8243;][vc_column_text css=&#8220;.vc_custom_1708693466595{padding-top: 20px !important;padding-right: 20px !important;padding-bottom: 20px !important;padding-left: 20px !important;}&#8220;]<\/p>\n<p style=\"text-align: center;\"><span style=\"color: #e84e1b;\"><strong><span style=\"font-size: 16pt;\">NATURSTELLPLATZ<\/span><\/strong><\/span><\/p>\n<p><strong>Die Grundpauschale beinhaltet:<\/strong><br \/>\n&#8211; 2 Personen<br \/>\n&#8211; 1 Zelt oder 1 Wohnwagen + 1 PKW ODER 1 Wohnmobil<\/p>\n<p><strong>Mit Zuschlag:<\/strong><br \/>\n&#8211; bis zu 6 Personen pro Stellplatz (im Sommer campen Kinder unter 10 Jahren gratis)<br \/>\n&#8211; 1 Haustier erlaubt<br \/>\n&#8211; 1 zus\u00e4tzliches kleines Zelt[\/vc_column_text][\/vc_column_inner][vc_column_inner width=&#8220;1\/3&#8243; css=&#8220;.vc_custom_1742376495274{background-color: #FFFFFF !important;}&#8220;][vc_masonry_media_grid element_width=&#8220;12&#8243; gap=&#8220;0&#8243; grid_id=&#8220;vc_gid:1742376478741-8f42e596-5f61-0&#8243; include=&#8220;3262&#8243;][vc_column_text css=&#8220;.vc_custom_1708693430104{padding-top: 20px !important;padding-right: 20px !important;padding-bottom: 20px !important;padding-left: 20px !important;}&#8220;]<\/p>\n<p style=\"text-align: center;\"><span style=\"color: #e84e1b;\"><strong><span style=\"font-size: 16pt;\">KOMFORTSTELLPLATZ<\/span><\/strong><\/span><\/p>\n<p>Unsere Komfortstellpl\u00e4tze bieten Platz f\u00fcr bis zu 6 Personen und verf\u00fcgen \u00fcber einen Stromanschluss (im Preis enthalten).<\/p>\n<p><strong>Die Grundpauschale beinhaltet<\/strong><br \/>\n&#8211; 2 Personen<br \/>\n&#8211; 1 Zelt oder 1 Wohnwagen + 1 PKW ODER 1 Wohnmobil<\/p>\n<p><strong>Mit Zuschlag:<\/strong><br \/>\n&#8211; bis zu 6 Personen pro Stellplatz<br \/>\n&#8211; 1 Haustier erlaubt<br \/>\n&#8211; 1 zus\u00e4tzliches kleines Zelt[\/vc_column_text][\/vc_column_inner][vc_column_inner width=&#8220;1\/3&#8243;][vc_masonry_media_grid element_width=&#8220;12&#8243; gap=&#8220;0&#8243; css=&#8220;.vc_custom_1742376502957{background-color: #FFFFFF !important;}&#8220; grid_id=&#8220;vc_gid:1742376478743-f279895a-889a-7&#8243; include=&#8220;3266&#8243;][vc_column_text css=&#8220;.vc_custom_1742376457177{padding-top: 20px !important;padding-right: 20px !important;padding-bottom: 20px !important;padding-left: 20px !important;}&#8220;]<\/p>\n<p style=\"text-align: center;\"><span style=\"color: #e84e1b;\"><strong><span style=\"font-size: 16pt;\">WOHNMOBIL-STELLPLATZ<\/span><\/strong><\/span><\/p>\n<p>Buchen Sie einen \u00ab Camping-Car \u00bb-Stellplatz auf den daf\u00fcr vorgesehenen Parkfl\u00e4chen, deren Bodenbelag und Lage speziell auf das Parken Ihres Fahrzeugs ausgelegt sind.<\/p>\n<p>&#8211; Strom<br \/>\n&#8211; Servicebereich f\u00fcr Wohnmobile[\/vc_column_text][\/vc_column_inner][\/vc_row_inner][vc_empty_space]<div class=\"text-center btnwrap\"><a class=\"btn btn-huttopia-cta\" href=\"http:\/\/checkout.citykamp.com\/site\/de\/933\" role=\"button\" target=\"\" onclick=\"dataLayer.push({'event':'clickCity', 'clickText':'Aufenthalt buchen'})\">Aufenthalt buchen<\/a><\/div>[vc_empty_space]<\/div>[\/vc_column][\/vc_row][vc_row][vc_column]<div class=\"wrappedcontent\">[vc_empty_space height=&#8220;15px&#8220;][vc_row_inner equal_height=&#8220;yes&#8220; gap=&#8220;30&#8243; css=&#8220;.vc_custom_1678891008937{background-color: rgba(232,78,27,0.2) !important;*background-color: rgb(232,78,27) !important;}&#8220;][vc_column_inner width=&#8220;1\/4&#8243;][vc_single_image image=&#8220;2724&#8243; img_size=&#8220;600*500&#8243; alignment=&#8220;center&#8220;][\/vc_column_inner][vc_column_inner width=&#8220;3\/4&#8243;][vc_column_text]<\/p>\n<h2><span style=\"color: #e94e1b;\">CAMPING CARD<\/span><\/h2>\n<p><span style=\"font-size: 12pt;\">Campen Sie ab <span style=\"color: #e84e1b;\"><strong>15\u20ac<\/strong><\/span>* pro \u00dcbernachtung mit der <span style=\"color: #e94e1b;\"><a style=\"color: #e94e1b;\" href=\"https:\/\/www.citykamp.com\/de\/camping-card\/\"><span style=\"text-decoration: underline;\">Camping Card<\/span><\/a><\/span>\u00a0Huttopia.<\/span><br \/>\n<span style=\"font-size: 12pt;\">Profitieren Sie von reduzierten Preisen und Gratis\u00fcbernachtungen in der Vor- und Nachsaison auf allen <span style=\"text-decoration: underline; color: #e94e1b;\"><a style=\"color: #e94e1b; text-decoration: underline;\" href=\"https:\/\/www.citykamp.com\/de\/reiseziele\/\">CityKamp<\/a><\/span> Campingpl\u00e4tzen, <span style=\"text-decoration: underline; color: #e94e1b;\"><a style=\"color: #e94e1b; text-decoration: underline;\" href=\"https:\/\/www.onlycamp.fr\/en\/\">Onlycamp<\/a><\/span> und <span style=\"text-decoration: underline; color: #e94e1b;\"><a style=\"color: #e94e1b; text-decoration: underline;\" href=\"https:\/\/europe.huttopia.com\/de\/destinations\/campings\/\">Huttopia Campingpl\u00e4tzen<\/a><\/span>.<\/span><\/p>\n<p><em><span style=\"font-size: 10pt;\">*Preis beinhaltet 1 Stellplatz f\u00fcr 2 Personen mit Stromanschluss (+ Haustier gratis)<\/span><\/em>[\/vc_column_text]<div class=\" btnwrap\"><a class=\"btn btn-huttopia-cta\" href=\"https:\/\/www.citykamp.com\/de\/camping-card\/\" role=\"button\" target=\"true\" onclick=\"dataLayer.push({'event':'clickCity', 'clickText':'MEHR ERFAHREN'})\">MEHR ERFAHREN<\/a><\/div>[\/vc_column_inner][\/vc_row_inner][vc_empty_space height=&#8220;15px&#8220;]<\/div>[\/vc_column][\/vc_row][vc_row css=&#8220;.vc_custom_1613117833415{background-color: #e8e8e8 !important;}&#8220;][vc_column]<div class=\"wrappedcontent\">[vc_row_inner gap=&#8220;35&#8243;][vc_column_inner width=&#8220;1\/2&#8243;][vc_column_text]<\/p>\n<h4>Sanit\u00e4ranlagen<\/h4>\n<p>Auf dem Campingplatz Valkenburg-Maastricht stehen Ihnen moderne, gut durchl\u00fcftete, helle Sanit\u00e4ranlagen mit allem Komfort zur Verf\u00fcgung.<br \/>\nSie sind unter anderem mit Babywaschr\u00e4umen, Familienduschen, funktionalen Duschkabinen, Kindertoiletten sowie einem barrierefreien Bereich ausgestattet.[\/vc_column_text][\/vc_column_inner][vc_column_inner width=&#8220;1\/2&#8243;][vc_masonry_media_grid element_width=&#8220;6&#8243; gap=&#8220;10&#8243; item=&#8220;756&#8243; grid_id=&#8220;vc_gid:1742376478752-c626d821-82ac-1&#8243; include=&#8220;1963,797&#8243;][\/vc_column_inner][\/vc_row_inner]<\/div>[\/vc_column][\/vc_row][vc_row][vc_column]<div class=\"wrappedcontent\">[vc_column_text]<\/p>\n<h4>Dienstleistungen f\u00fcr Camper<\/h4>\n<p>F\u00fcr einen rundum praktischen Aufenthalt, bietet Ihnen der Campingplatz Valkenburg-Maastricht folgende Dienstleistungen:<\/p>\n<ul>\n<li>K\u00fchlschrankvermietung<\/li>\n<li>Jeden Morgen frisches Brot und Feingeb\u00e4ck (gegen Vorbestellung)<\/li>\n<li>Ein kleiner Laden, falls Sie etwas vergessen haben<\/li>\n<li>Reisemobil-Servicestation<\/li>\n<\/ul>\n<p>[\/vc_column_text][vc_empty_space height=&#8220;40px&#8220;][vc_row_inner gap=&#8220;15&#8243; css=&#8220;.vc_custom_1613117803194{margin-left: -0.5px !important;}&#8220;][vc_column_inner width=&#8220;1\/3&#8243; css=&#8220;.vc_custom_1613117774994{background-color: #e8e8e8 !important;}&#8220;][vc_icon icon_fontawesome=&#8220;far fa-map&#8220; color=&#8220;custom&#8220; size=&#8220;lg&#8220; align=&#8220;center&#8220; css=&#8220;.vc_custom_1676306072410{margin-bottom: -10px !important;padding-top: 15px !important;}&#8220; custom_color=&#8220;#e84e1b&#8220; link=&#8220;url:https%3A%2F%2Fmedia.huttopia.com%2Fdestinations%2Fvalkenburg-maastricht%2Fplan-citykamp-camping-valkenburg-maastricht.pdf&#8220;][vc_column_text css=&#8220;.vc_custom_1676306078307{padding-top: 25px !important;padding-right: 15px !important;padding-bottom: 15px !important;padding-left: 15px !important;}&#8220;]<\/p>\n<p style=\"text-align: center;\"><a href=\"https:\/\/media.huttopia.com\/destinations\/valkenburg-maastricht\/plan-citykamp-camping-valkenburg-maastricht.pdf\" target=\"_blank\" rel=\"noopener noreferrer\"><strong>Platzplan<\/strong><\/a><\/p>\n<p>[\/vc_column_text][\/vc_column_inner][vc_column_inner width=&#8220;1\/3&#8243; css=&#8220;.vc_custom_1613117779034{background-color: #e8e8e8 !important;}&#8220;][vc_icon icon_fontawesome=&#8220;far fa-envelope&#8220; color=&#8220;custom&#8220; size=&#8220;lg&#8220; align=&#8220;center&#8220; css=&#8220;.vc_custom_1613117743048{margin-bottom: -10px !important;padding-top: 15px !important;}&#8220; custom_color=&#8220;#e84e1b&#8220;][vc_column_text css=&#8220;.vc_custom_1613391217575{padding-top: 25px !important;padding-right: 15px !important;padding-bottom: 15px !important;padding-left: 15px !important;}&#8220;]<\/p>\n<p style=\"text-align: center;\"><strong><a href=\"https:\/\/www.camping-valkenburg.com\/de\/kontakt\/\">Kontakt<\/a><\/strong><\/p>\n<p>[\/vc_column_text][\/vc_column_inner][vc_column_inner width=&#8220;1\/3&#8243; css=&#8220;.vc_custom_1613117784730{background-color: #e8e8e8 !important;}&#8220;][vc_icon icon_fontawesome=&#8220;fas fa-map-marker-alt&#8220; color=&#8220;custom&#8220; size=&#8220;lg&#8220; align=&#8220;center&#8220; css=&#8220;.vc_custom_1613117753497{margin-bottom: -10px !important;padding-top: 15px !important;}&#8220; custom_color=&#8220;#e84e1b&#8220;][vc_column_text css=&#8220;.vc_custom_1613125157520{padding-top: 25px !important;padding-right: 15px !important;padding-bottom: 15px !important;padding-left: 15px !important;}&#8220;]<\/p>\n<p style=\"text-align: center;\"><a href=\"https:\/\/www.google.com\/maps\/place\/Camping+Valkenburg+-+Maastricht\/@50.8813096,5.8336073,15z\/data=!4m8!3m7!1s0x0:0x474dde9153135d13!5m2!4m1!1i2!8m2!3d50.8813096!4d5.8336073\" target=\"_blank\" rel=\"noopener noreferrer\"><strong>Reiseroute<\/strong><\/a><\/p>\n<p>[\/vc_column_text][\/vc_column_inner][\/vc_row_inner]<\/div>[\/vc_column][\/vc_row][vc_row css=&#8220;.vc_custom_1613118509505{background-color: #e8e8e8 !important;}&#8220;][vc_column]<div class=\"wrappedcontent\">[vc_column_text]<\/p>\n<h4 style=\"text-align: left;\">Fotogalerie<\/h4>\n<p>[\/vc_column_text][vc_empty_space height=&#8220;18px&#8220;][vc_masonry_media_grid style=&#8220;load-more&#8220; items_per_page=&#8220;4&#8243; element_width=&#8220;3&#8243; gap=&#8220;10&#8243; item=&#8220;757&#8243; btn_title=&#8220;MEHR&#8220; btn_style=&#8220;custom&#8220; btn_custom_background=&#8220;#e84e1b&#8220; btn_custom_text=&#8220;#ffffff&#8220; btn_align=&#8220;center&#8220; btn_i_icon_fontawesome=&#8220;fas fa-camera&#8220; btn_add_icon=&#8220;true&#8220; grid_id=&#8220;vc_gid:1742376478759-86b80677-fa3c-1&#8243; include=&#8220;3242,3246,3250,3254,3258,797,780,801&#8243;]<\/div>[\/vc_column][\/vc_row]<\/p>\n<\/div>","protected":false},"excerpt":{"rendered":"<p>[vc_row][vc_column][vc_single_image image=&#8220;2804&#8243; img_size=&#8220;1900&#215;500&#8243; alignment=&#8220;center&#8220; css=&#8220;&#8220;][\/vc_column][\/vc_row][vc_row][vc_column][\/vc_column][\/vc_row][vc_row css=&#8220;.vc_custom_1582622469164{background-color: #e8e8e8 !important;}&#8220;][vc_column][\/vc_column][\/vc_row][vc_row][vc_column][\/vc_column][\/vc_row][vc_row css=&#8220;.vc_custom_1613117833415{background-color: #e8e8e8 !important;}&#8220;][vc_column][\/vc_column][\/vc_row][vc_row][vc_column][\/vc_column][\/vc_row][vc_row css=&#8220;.vc_custom_1613118509505{background-color: #e8e8e8 !important;}&#8220;][vc_column][\/vc_column][\/vc_row]<\/p>\n","protected":false},"author":4,"featured_media":0,"parent":0,"menu_order":0,"comment_status":"closed","ping_status":"closed","template":"","meta":{"footnotes":""},"class_list":["post-191","page","type-page","status-publish","hentry"],"yoast_head":"<!-- This site is optimized with the Yoast SEO plugin v25.6 - https:\/\/yoast.com\/wordpress\/plugins\/seo\/ -->\n<title>Unsere Stellpl\u00e4tze | Der Valkenburg - Maastricht Campingplatz<\/title>\n<meta name=\"description\" content=\"Entdecken Sie sch\u00f6ne, ger\u00e4umige Stellpl\u00e4tze mitten in der Natur auf dem Campingplatz Valkenburg - Maastricht und genie\u00dfen Sie einen komfortablen Aufenthalt.\" \/>\n<meta name=\"robots\" content=\"index, follow, max-snippet:-1, max-image-preview:large, max-video-preview:-1\" \/>\n<link rel=\"canonical\" href=\"https:\/\/www.camping-valkenburg.com\/de\/staanplaatsen\/\" \/>\n<meta property=\"og:locale\" content=\"de_DE\" \/>\n<meta property=\"og:type\" content=\"article\" \/>\n<meta property=\"og:title\" content=\"Unsere Stellpl\u00e4tze | Der Valkenburg - Maastricht Campingplatz\" \/>\n<meta property=\"og:description\" content=\"Entdecken Sie sch\u00f6ne, ger\u00e4umige Stellpl\u00e4tze mitten in der Natur auf dem Campingplatz Valkenburg - Maastricht und genie\u00dfen Sie einen komfortablen Aufenthalt.\" \/>\n<meta property=\"og:url\" content=\"https:\/\/www.camping-valkenburg.com\/de\/staanplaatsen\/\" \/>\n<meta property=\"og:site_name\" content=\"Camping Valkenburg - Maastricht\" \/>\n<meta property=\"article:modified_time\" content=\"2025-03-19T09:26:20+00:00\" \/>\n<meta name=\"twitter:card\" content=\"summary_large_image\" \/>\n<meta name=\"twitter:label1\" content=\"Est. reading time\" \/>\n\t<meta name=\"twitter:data1\" content=\"6 Minuten\" \/>\n<script type=\"application\/ld+json\" class=\"yoast-schema-graph\">{\"@context\":\"https:\/\/schema.org\",\"@graph\":[{\"@type\":\"WebPage\",\"@id\":\"https:\/\/www.camping-valkenburg.com\/de\/staanplaatsen\/\",\"url\":\"https:\/\/www.camping-valkenburg.com\/de\/staanplaatsen\/\",\"name\":\"Unsere Stellpl\u00e4tze | Der Valkenburg - Maastricht Campingplatz\",\"isPartOf\":{\"@id\":\"https:\/\/www.camping-valkenburg.com\/de\/#website\"},\"datePublished\":\"2020-02-25T09:47:23+00:00\",\"dateModified\":\"2025-03-19T09:26:20+00:00\",\"description\":\"Entdecken Sie sch\u00f6ne, ger\u00e4umige Stellpl\u00e4tze mitten in der Natur auf dem Campingplatz Valkenburg - Maastricht und genie\u00dfen Sie einen komfortablen Aufenthalt.\",\"breadcrumb\":{\"@id\":\"https:\/\/www.camping-valkenburg.com\/de\/staanplaatsen\/#breadcrumb\"},\"inLanguage\":\"de-DE\",\"potentialAction\":[{\"@type\":\"ReadAction\",\"target\":[\"https:\/\/www.camping-valkenburg.com\/de\/staanplaatsen\/\"]}]},{\"@type\":\"BreadcrumbList\",\"@id\":\"https:\/\/www.camping-valkenburg.com\/de\/staanplaatsen\/#breadcrumb\",\"itemListElement\":[{\"@type\":\"ListItem\",\"position\":1,\"name\":\"Accueil\",\"item\":\"https:\/\/www.camping-valkenburg.com\/de\/\"},{\"@type\":\"ListItem\",\"position\":2,\"name\":\"STELLPL\u00c4TZE\"}]},{\"@type\":\"WebSite\",\"@id\":\"https:\/\/www.camping-valkenburg.com\/de\/#website\",\"url\":\"https:\/\/www.camping-valkenburg.com\/de\/\",\"name\":\"Camping Valkenburg - Maastricht\",\"description\":\"Un site utilisant Citykamp\",\"potentialAction\":[{\"@type\":\"SearchAction\",\"target\":{\"@type\":\"EntryPoint\",\"urlTemplate\":\"https:\/\/www.camping-valkenburg.com\/de\/?s={search_term_string}\"},\"query-input\":{\"@type\":\"PropertyValueSpecification\",\"valueRequired\":true,\"valueName\":\"search_term_string\"}}],\"inLanguage\":\"de-DE\"}]}<\/script>\n<!-- \/ Yoast SEO plugin. -->","yoast_head_json":{"title":"Unsere Stellpl\u00e4tze | Der Valkenburg - Maastricht Campingplatz","description":"Entdecken Sie sch\u00f6ne, ger\u00e4umige Stellpl\u00e4tze mitten in der Natur auf dem Campingplatz Valkenburg - Maastricht und genie\u00dfen Sie einen komfortablen Aufenthalt.","robots":{"index":"index","follow":"follow","max-snippet":"max-snippet:-1","max-image-preview":"max-image-preview:large","max-video-preview":"max-video-preview:-1"},"canonical":"https:\/\/www.camping-valkenburg.com\/de\/staanplaatsen\/","og_locale":"de_DE","og_type":"article","og_title":"Unsere Stellpl\u00e4tze | Der Valkenburg - Maastricht Campingplatz","og_description":"Entdecken Sie sch\u00f6ne, ger\u00e4umige Stellpl\u00e4tze mitten in der Natur auf dem Campingplatz Valkenburg - Maastricht und genie\u00dfen Sie einen komfortablen Aufenthalt.","og_url":"https:\/\/www.camping-valkenburg.com\/de\/staanplaatsen\/","og_site_name":"Camping Valkenburg - Maastricht","article_modified_time":"2025-03-19T09:26:20+00:00","twitter_card":"summary_large_image","twitter_misc":{"Est. reading time":"6 Minuten"},"schema":{"@context":"https:\/\/schema.org","@graph":[{"@type":"WebPage","@id":"https:\/\/www.camping-valkenburg.com\/de\/staanplaatsen\/","url":"https:\/\/www.camping-valkenburg.com\/de\/staanplaatsen\/","name":"Unsere Stellpl\u00e4tze | Der Valkenburg - Maastricht Campingplatz","isPartOf":{"@id":"https:\/\/www.camping-valkenburg.com\/de\/#website"},"datePublished":"2020-02-25T09:47:23+00:00","dateModified":"2025-03-19T09:26:20+00:00","description":"Entdecken Sie sch\u00f6ne, ger\u00e4umige Stellpl\u00e4tze mitten in der Natur auf dem Campingplatz Valkenburg - Maastricht und genie\u00dfen Sie einen komfortablen Aufenthalt.","breadcrumb":{"@id":"https:\/\/www.camping-valkenburg.com\/de\/staanplaatsen\/#breadcrumb"},"inLanguage":"de-DE","potentialAction":[{"@type":"ReadAction","target":["https:\/\/www.camping-valkenburg.com\/de\/staanplaatsen\/"]}]},{"@type":"BreadcrumbList","@id":"https:\/\/www.camping-valkenburg.com\/de\/staanplaatsen\/#breadcrumb","itemListElement":[{"@type":"ListItem","position":1,"name":"Accueil","item":"https:\/\/www.camping-valkenburg.com\/de\/"},{"@type":"ListItem","position":2,"name":"STELLPL\u00c4TZE"}]},{"@type":"WebSite","@id":"https:\/\/www.camping-valkenburg.com\/de\/#website","url":"https:\/\/www.camping-valkenburg.com\/de\/","name":"Camping Valkenburg - Maastricht","description":"Un site utilisant Citykamp","potentialAction":[{"@type":"SearchAction","target":{"@type":"EntryPoint","urlTemplate":"https:\/\/www.camping-valkenburg.com\/de\/?s={search_term_string}"},"query-input":{"@type":"PropertyValueSpecification","valueRequired":true,"valueName":"search_term_string"}}],"inLanguage":"de-DE"}]}},"_links":{"self":[{"href":"https:\/\/www.camping-valkenburg.com\/de\/wp-json\/wp\/v2\/pages\/191","targetHints":{"allow":["GET"]}}],"collection":[{"href":"https:\/\/www.camping-valkenburg.com\/de\/wp-json\/wp\/v2\/pages"}],"about":[{"href":"https:\/\/www.camping-valkenburg.com\/de\/wp-json\/wp\/v2\/types\/page"}],"author":[{"embeddable":true,"href":"https:\/\/www.camping-valkenburg.com\/de\/wp-json\/wp\/v2\/users\/4"}],"replies":[{"embeddable":true,"href":"https:\/\/www.camping-valkenburg.com\/de\/wp-json\/wp\/v2\/comments?post=191"}],"version-history":[{"count":7,"href":"https:\/\/www.camping-valkenburg.com\/de\/wp-json\/wp\/v2\/pages\/191\/revisions"}],"predecessor-version":[{"id":3572,"href":"https:\/\/www.camping-valkenburg.com\/de\/wp-json\/wp\/v2\/pages\/191\/revisions\/3572"}],"wp:attachment":[{"href":"https:\/\/www.camping-valkenburg.com\/de\/wp-json\/wp\/v2\/media?parent=191"}],"curies":[{"name":"wp","href":"https:\/\/api.w.org\/{rel}","templated":true}]}}