{"id":1286,"date":"2021-02-04T15:16:05","date_gmt":"2021-02-04T14:16:05","guid":{"rendered":"https:\/\/www.camping-valkenburg.com\/?page_id=1286"},"modified":"2026-05-04T17:08:20","modified_gmt":"2026-05-04T15:08:20","slug":"aktivitaten-dienstleistungen","status":"publish","type":"page","link":"https:\/\/www.camping-valkenburg.com\/de\/aktivitaten-dienstleistungen\/","title":{"rendered":"Aktivit\u00e4ten \/ Dienstleistungen"},"content":{"rendered":"<div class=\"wpb-content-wrapper\"><p>[vc_row][vc_column][vc_single_image image=&#8220;3112&#8243; img_size=&#8220;1900&#215;500&#8243; alignment=&#8220;center&#8220;][\/vc_column][\/vc_row][vc_row][vc_column]<div class=\"wrappedcontent\">[vc_column_text css=&#8220;&#8220;]<\/p>\n<h2 style=\"text-align: center;\">Dienstleistungen, die Ihnen den Aufenthalt vereinfachen<\/h2>\n<p>[\/vc_column_text][vc_empty_space][vc_row_inner gap=&#8220;15&#8243; css=&#8220;.vc_custom_1674215224604{margin-left: -0.5px !important;}&#8220;][vc_column_inner width=&#8220;1\/4&#8243;][vc_single_image image=&#8220;1068&#8243; img_size=&#8220;600*400&#8243;][vc_empty_space][vc_column_text css=&#8220;&#8220;]<\/p>\n<p style=\"text-align: center;\"><strong>Unser beheiztes Schwimmbad<\/strong><\/p>\n<p style=\"text-align: center;\">Nach einem sch\u00f6nen Tag in Valkenburg laden Sie unsere beiden nagelneuen und beheizten Schwimmb\u00e4der zu Spa\u00df und Entspannung im Wasser ein.<br \/>\n<span style=\"font-size: 10pt;\"><em>bis auf Weiteres geschlossen<\/em><\/span><\/p>\n<p>[\/vc_column_text][\/vc_column_inner][vc_column_inner width=&#8220;1\/4&#8243;][vc_single_image image=&#8220;833&#8243; img_size=&#8220;600*400&#8243;][vc_empty_space][vc_column_text css=&#8220;&#8220;]<\/p>\n<p style=\"text-align: center;\"><strong>Bettw\u00e4sche- und Handt\u00fccher inklusive<\/strong><\/p>\n<p style=\"text-align: center;\">Entspannt in den Urlaub: Bettw\u00e4sche und Handt\u00fccher sind in Ihrer Buchung enthalten! W\u00e4hlen Sie die Option \u201eBetten bei der Ankunft gemacht\u201c f\u00fcr noch mehr Komfort<\/p>\n<p>[\/vc_column_text][\/vc_column_inner][vc_column_inner width=&#8220;1\/4&#8243;][vc_single_image image=&#8220;3120&#8243; img_size=&#8220;600*400&#8243; css=&#8220;&#8220;][vc_empty_space][vc_column_text css=&#8220;&#8220;]<\/p>\n<p style=\"text-align: center;\"><strong>Entspannung und Freizeit<br \/>\n<\/strong><\/p>\n<p style=\"text-align: center;\">Nutzen Sie unsere gro\u00dfe Auswahl an Freizeiteinrichtungen f\u00fcr Gro\u00df und Klein: Tischtennistische, Boccia-Platz, Tischfu\u00dfball, Sportplatz und sogar mehrere Spielpl\u00e4tze f\u00fcr Kinder.<\/p>\n<p>[\/vc_column_text][\/vc_column_inner][vc_column_inner width=&#8220;1\/4&#8243;][vc_single_image image=&#8220;3125&#8243; img_size=&#8220;600*400&#8243;][vc_empty_space][vc_column_text css=&#8220;&#8220;]<\/p>\n<p style=\"text-align: center;\"><strong>Fahrradverleih vor Ort<\/strong><\/p>\n<p style=\"text-align: center;\">Wirklich praktisch: Der Fahrradweg f\u00fchrt mitten durch den Campingplatz. Sie brauchen nur mehr ein Rad zu mieten und los geht\u2019s mit der Stadtbesichtigung!<\/p>\n<p>[\/vc_column_text][\/vc_column_inner][\/vc_row_inner][vc_empty_space height=&#8220;45px&#8220;][vc_column_text css=&#8220;&#8220;]<\/p>\n<h2 style=\"text-align: center;\">Auf dem Campingplatz in Valkenburg \u2013 Maastricht finden Sie<\/h2>\n<p>[\/vc_column_text][vc_empty_space][vc_row_inner gap=&#8220;15&#8243; css=&#8220;.vc_custom_1674215224604{margin-left: -0.5px !important;}&#8220;][vc_column_inner width=&#8220;1\/3&#8243;][vc_single_image image=&#8220;3129&#8243; img_size=&#8220;600*400&#8243;][vc_empty_space][vc_column_text css=&#8220;&#8220;]<\/p>\n<p style=\"text-align: center;\"><strong>Angenehmer Empfangsbereich und ein mehrsprachiges Team<\/strong><\/p>\n<p style=\"text-align: center;\">Hier finden Sie alle n\u00fctzlichen Informationen und touristischen Tipps f\u00fcr einen gelungenen Urlaub.<\/p>\n<p>[\/vc_column_text][\/vc_column_inner][vc_column_inner width=&#8220;1\/3&#8243;][vc_single_image image=&#8220;2563&#8243; img_size=&#8220;600*400&#8243;][vc_empty_space][vc_column_text css=&#8220;&#8220;]<\/p>\n<p style=\"text-align: center;\"><strong>Gem\u00fctlicher Gemeinschaftsbereich<\/strong><\/p>\n<p style=\"text-align: center;\">Komplett renoviert und ganzj\u00e4hrig ge\u00f6ffnet l\u00e4dt Sie unser Gemeinschaftsbereich zu unterhaltsamen Momenten rund um ein Brettspiel, zu einer Partie Tischfu\u00dfball oder einfach zum Fernsehen ein.<\/p>\n<p>[\/vc_column_text][\/vc_column_inner][vc_column_inner width=&#8220;1\/3&#8243;][vc_single_image image=&#8220;3134&#8243; img_size=&#8220;600*400&#8243;][vc_empty_space][vc_column_text css=&#8220;&#8220;]<\/p>\n<p style=\"text-align: center;\"><strong>Gratis WLAN<\/strong><\/p>\n<p style=\"text-align: center;\">Bleiben Sie in vernetzt! Auf jedem unserer CityKamps gibt es kosteanloses WLAN im Lebenszentrum.<\/p>\n<p>[\/vc_column_text][\/vc_column_inner][\/vc_row_inner][vc_empty_space height=&#8220;45px&#8220;][vc_column_text css=&#8220;&#8220;]<\/p>\n<h2 style=\"text-align: center;\">Verpflegung<\/h2>\n<p>[\/vc_column_text][vc_empty_space][vc_row_inner gap=&#8220;15&#8243; css=&#8220;.vc_custom_1674215224604{margin-left: -0.5px !important;}&#8220;][vc_column_inner width=&#8220;1\/4&#8243;][vc_single_image image=&#8220;2827&#8243; img_size=&#8220;600*400&#8243;][vc_empty_space][vc_column_text css=&#8220;&#8220;]<\/p>\n<p style=\"text-align: center;\"><strong>Foodtruck<\/strong><\/p>\n<p style=\"text-align: center;\">W\u00e4hrend der Hochsaison werden in unserem Foodtruck hausgemachte Pizzen zubereitet. Genie\u00dfen Sie diese auf der sch\u00f6nen Holzterrasse oder nehmen Sie sie mit zu Ihrer Unterkunft oder Ihrem Campingplatz.<\/p>\n<p>[\/vc_column_text][\/vc_column_inner][vc_column_inner width=&#8220;1\/4&#8243;][vc_single_image image=&#8220;873&#8243; img_size=&#8220;600*400&#8243;][vc_empty_space][vc_column_text css=&#8220;&#8220;]<\/p>\n<p style=\"text-align: center;\"><strong>Fr\u00fchst\u00fcck<\/strong><\/p>\n<p style=\"text-align: center;\">Bestellen Sie Ihr Brot und Feingeb\u00e4ck und starten Sie mit einem echten Fr\u00fchst\u00fcck in den Tag! (w\u00e4hrend der \u00d6ffnungstage des Restaurants)<\/p>\n<p>[\/vc_column_text][\/vc_column_inner][vc_column_inner width=&#8220;1\/4&#8243;][vc_single_image image=&#8220;2881&#8243; img_size=&#8220;600*400&#8243;][vc_empty_space][vc_column_text css=&#8220;&#8220;]<\/p>\n<p style=\"text-align: center;\"><strong>Lebensmittelgesch\u00e4ft<\/strong><\/p>\n<p>[\/vc_column_text][\/vc_column_inner][vc_column_inner width=&#8220;1\/4&#8243;][vc_single_image image=&#8220;2577&#8243; img_size=&#8220;600*400&#8243;][vc_empty_space][vc_column_text css=&#8220;&#8220;]<\/p>\n<p style=\"text-align: center;\"><strong>Terrasse<\/strong><\/p>\n<p>[\/vc_column_text][\/vc_column_inner][\/vc_row_inner]<\/div>[\/vc_column][\/vc_row]<\/p>\n<\/div>","protected":false},"excerpt":{"rendered":"<p>[vc_row][vc_column][vc_single_image image=&#8220;3112&#8243; img_size=&#8220;1900&#215;500&#8243; alignment=&#8220;center&#8220;][\/vc_column][\/vc_row][vc_row][vc_column][\/vc_column][\/vc_row]<\/p>\n","protected":false},"author":1,"featured_media":0,"parent":0,"menu_order":0,"comment_status":"closed","ping_status":"closed","template":"","meta":{"footnotes":""},"class_list":["post-1286","page","type-page","status-publish","hentry"],"yoast_head":"<!-- This site is optimized with the Yoast SEO plugin v25.6 - https:\/\/yoast.com\/wordpress\/plugins\/seo\/ -->\n<title>Aktivit\u00e4ten Dienstleistungen | Valkenburg-Maastricht Campingplatz<\/title>\n<meta name=\"description\" content=\"Entdecken Sie die Aktivit\u00e4ten und Dienstleistungen, die auf dem Campingplatz Valkenburg - Maastricht angeboten werden.\" \/>\n<meta name=\"robots\" content=\"index, follow, max-snippet:-1, max-image-preview:large, max-video-preview:-1\" \/>\n<link rel=\"canonical\" href=\"https:\/\/www.camping-valkenburg.com\/de\/aktivitaten-dienstleistungen\/\" \/>\n<meta property=\"og:locale\" content=\"de_DE\" \/>\n<meta property=\"og:type\" content=\"article\" \/>\n<meta property=\"og:title\" content=\"Aktivit\u00e4ten Dienstleistungen | Valkenburg-Maastricht Campingplatz\" \/>\n<meta property=\"og:description\" content=\"Entdecken Sie die Aktivit\u00e4ten und Dienstleistungen, die auf dem Campingplatz Valkenburg - Maastricht angeboten werden.\" \/>\n<meta property=\"og:url\" content=\"https:\/\/www.camping-valkenburg.com\/de\/aktivitaten-dienstleistungen\/\" \/>\n<meta property=\"og:site_name\" content=\"Camping Valkenburg - Maastricht\" \/>\n<meta property=\"article:modified_time\" content=\"2026-05-04T15:08:20+00:00\" \/>\n<meta name=\"twitter:card\" content=\"summary_large_image\" \/>\n<meta name=\"twitter:label1\" content=\"Est. reading time\" \/>\n\t<meta name=\"twitter:data1\" content=\"5 Minuten\" \/>\n<script type=\"application\/ld+json\" class=\"yoast-schema-graph\">{\"@context\":\"https:\/\/schema.org\",\"@graph\":[{\"@type\":\"WebPage\",\"@id\":\"https:\/\/www.camping-valkenburg.com\/de\/aktivitaten-dienstleistungen\/\",\"url\":\"https:\/\/www.camping-valkenburg.com\/de\/aktivitaten-dienstleistungen\/\",\"name\":\"Aktivit\u00e4ten Dienstleistungen | Valkenburg-Maastricht Campingplatz\",\"isPartOf\":{\"@id\":\"https:\/\/www.camping-valkenburg.com\/de\/#website\"},\"datePublished\":\"2021-02-04T14:16:05+00:00\",\"dateModified\":\"2026-05-04T15:08:20+00:00\",\"description\":\"Entdecken Sie die Aktivit\u00e4ten und Dienstleistungen, die auf dem Campingplatz Valkenburg - Maastricht angeboten werden.\",\"breadcrumb\":{\"@id\":\"https:\/\/www.camping-valkenburg.com\/de\/aktivitaten-dienstleistungen\/#breadcrumb\"},\"inLanguage\":\"de-DE\",\"potentialAction\":[{\"@type\":\"ReadAction\",\"target\":[\"https:\/\/www.camping-valkenburg.com\/de\/aktivitaten-dienstleistungen\/\"]}]},{\"@type\":\"BreadcrumbList\",\"@id\":\"https:\/\/www.camping-valkenburg.com\/de\/aktivitaten-dienstleistungen\/#breadcrumb\",\"itemListElement\":[{\"@type\":\"ListItem\",\"position\":1,\"name\":\"Accueil\",\"item\":\"https:\/\/www.camping-valkenburg.com\/de\/\"},{\"@type\":\"ListItem\",\"position\":2,\"name\":\"Aktivit\u00e4ten \/ Dienstleistungen\"}]},{\"@type\":\"WebSite\",\"@id\":\"https:\/\/www.camping-valkenburg.com\/de\/#website\",\"url\":\"https:\/\/www.camping-valkenburg.com\/de\/\",\"name\":\"Camping Valkenburg - Maastricht\",\"description\":\"Un site utilisant Citykamp\",\"potentialAction\":[{\"@type\":\"SearchAction\",\"target\":{\"@type\":\"EntryPoint\",\"urlTemplate\":\"https:\/\/www.camping-valkenburg.com\/de\/?s={search_term_string}\"},\"query-input\":{\"@type\":\"PropertyValueSpecification\",\"valueRequired\":true,\"valueName\":\"search_term_string\"}}],\"inLanguage\":\"de-DE\"}]}<\/script>\n<!-- \/ Yoast SEO plugin. -->","yoast_head_json":{"title":"Aktivit\u00e4ten Dienstleistungen | Valkenburg-Maastricht Campingplatz","description":"Entdecken Sie die Aktivit\u00e4ten und Dienstleistungen, die auf dem Campingplatz Valkenburg - Maastricht angeboten werden.","robots":{"index":"index","follow":"follow","max-snippet":"max-snippet:-1","max-image-preview":"max-image-preview:large","max-video-preview":"max-video-preview:-1"},"canonical":"https:\/\/www.camping-valkenburg.com\/de\/aktivitaten-dienstleistungen\/","og_locale":"de_DE","og_type":"article","og_title":"Aktivit\u00e4ten Dienstleistungen | Valkenburg-Maastricht Campingplatz","og_description":"Entdecken Sie die Aktivit\u00e4ten und Dienstleistungen, die auf dem Campingplatz Valkenburg - Maastricht angeboten werden.","og_url":"https:\/\/www.camping-valkenburg.com\/de\/aktivitaten-dienstleistungen\/","og_site_name":"Camping Valkenburg - Maastricht","article_modified_time":"2026-05-04T15:08:20+00:00","twitter_card":"summary_large_image","twitter_misc":{"Est. reading time":"5 Minuten"},"schema":{"@context":"https:\/\/schema.org","@graph":[{"@type":"WebPage","@id":"https:\/\/www.camping-valkenburg.com\/de\/aktivitaten-dienstleistungen\/","url":"https:\/\/www.camping-valkenburg.com\/de\/aktivitaten-dienstleistungen\/","name":"Aktivit\u00e4ten Dienstleistungen | Valkenburg-Maastricht Campingplatz","isPartOf":{"@id":"https:\/\/www.camping-valkenburg.com\/de\/#website"},"datePublished":"2021-02-04T14:16:05+00:00","dateModified":"2026-05-04T15:08:20+00:00","description":"Entdecken Sie die Aktivit\u00e4ten und Dienstleistungen, die auf dem Campingplatz Valkenburg - Maastricht angeboten werden.","breadcrumb":{"@id":"https:\/\/www.camping-valkenburg.com\/de\/aktivitaten-dienstleistungen\/#breadcrumb"},"inLanguage":"de-DE","potentialAction":[{"@type":"ReadAction","target":["https:\/\/www.camping-valkenburg.com\/de\/aktivitaten-dienstleistungen\/"]}]},{"@type":"BreadcrumbList","@id":"https:\/\/www.camping-valkenburg.com\/de\/aktivitaten-dienstleistungen\/#breadcrumb","itemListElement":[{"@type":"ListItem","position":1,"name":"Accueil","item":"https:\/\/www.camping-valkenburg.com\/de\/"},{"@type":"ListItem","position":2,"name":"Aktivit\u00e4ten \/ Dienstleistungen"}]},{"@type":"WebSite","@id":"https:\/\/www.camping-valkenburg.com\/de\/#website","url":"https:\/\/www.camping-valkenburg.com\/de\/","name":"Camping Valkenburg - Maastricht","description":"Un site utilisant Citykamp","potentialAction":[{"@type":"SearchAction","target":{"@type":"EntryPoint","urlTemplate":"https:\/\/www.camping-valkenburg.com\/de\/?s={search_term_string}"},"query-input":{"@type":"PropertyValueSpecification","valueRequired":true,"valueName":"search_term_string"}}],"inLanguage":"de-DE"}]}},"_links":{"self":[{"href":"https:\/\/www.camping-valkenburg.com\/de\/wp-json\/wp\/v2\/pages\/1286","targetHints":{"allow":["GET"]}}],"collection":[{"href":"https:\/\/www.camping-valkenburg.com\/de\/wp-json\/wp\/v2\/pages"}],"about":[{"href":"https:\/\/www.camping-valkenburg.com\/de\/wp-json\/wp\/v2\/types\/page"}],"author":[{"embeddable":true,"href":"https:\/\/www.camping-valkenburg.com\/de\/wp-json\/wp\/v2\/users\/1"}],"replies":[{"embeddable":true,"href":"https:\/\/www.camping-valkenburg.com\/de\/wp-json\/wp\/v2\/comments?post=1286"}],"version-history":[{"count":8,"href":"https:\/\/www.camping-valkenburg.com\/de\/wp-json\/wp\/v2\/pages\/1286\/revisions"}],"predecessor-version":[{"id":3680,"href":"https:\/\/www.camping-valkenburg.com\/de\/wp-json\/wp\/v2\/pages\/1286\/revisions\/3680"}],"wp:attachment":[{"href":"https:\/\/www.camping-valkenburg.com\/de\/wp-json\/wp\/v2\/media?parent=1286"}],"curies":[{"name":"wp","href":"https:\/\/api.w.org\/{rel}","templated":true}]}}