{"id":126,"date":"2020-02-25T09:38:39","date_gmt":"2020-02-25T08:38:39","guid":{"rendered":"https:\/\/www.camping-valkenburg.com\/?page_id=126"},"modified":"2025-10-01T09:09:34","modified_gmt":"2025-10-01T07:09:34","slug":"kontakt","status":"publish","type":"page","link":"https:\/\/www.camping-valkenburg.com\/de\/kontakt\/","title":{"rendered":"Kontakt"},"content":{"rendered":"<div class=\"wpb-content-wrapper\"><p>[vc_row][vc_column]<div class=\"wrappedcontent\">[vc_column_text css=&#8220;.vc_custom_1759302572289{padding-top: 15px !important;padding-right: 15px !important;padding-bottom: 15px !important;padding-left: 15px !important;background-color: #e8e8e8 !important;}&#8220;]<\/p>\n<p style=\"text-align: center;\"><span style=\"font-size: 14pt;\"><strong><span style=\"color: #d78200;\">Sie haben bereits einen Aufenthalt bei uns verbracht und m\u00f6chten eine Reklamation einreichen?<\/span><br \/>\n<\/strong><\/span><span style=\"color: #333333;\">F\u00fcr eine leichtere Bearbeitung bitten wir Sie, das spezielle Reklamationsformular <span style=\"text-decoration: underline;\"><a style=\"color: #333333; text-decoration: underline;\" href=\"https:\/\/huttopia.wizville.fr\/survey\/campaign\/3247?placeid=933&amp;language=de\" target=\"_blank\" rel=\"noopener noreferrer\">hier zu benutzen<\/a><\/span>.<\/span><\/p>\n<p>[\/vc_column_text][vc_empty_space height=&#8220;20px&#8220;][vc_column_text]<\/p>\n<p style=\"text-align: center;\"><span style=\"color: #333333; font-size: 14pt;\">F\u00fcr alle anderen Anfragen nutzen Sie bitte das Formular unten.<\/span><\/p>\n<p>[\/vc_column_text]<\/div>[\/vc_column][\/vc_row]<\/p>\n<\/div>","protected":false},"excerpt":{"rendered":"<p>[vc_row][vc_column][\/vc_column][\/vc_row]<\/p>\n","protected":false},"author":4,"featured_media":0,"parent":0,"menu_order":0,"comment_status":"closed","ping_status":"closed","template":"templates\/page-contact.php","meta":{"footnotes":""},"class_list":["post-126","page","type-page","status-publish","hentry"],"yoast_head":"<!-- This site is optimized with the Yoast SEO plugin v25.6 - https:\/\/yoast.com\/wordpress\/plugins\/seo\/ -->\n<title>Kontakt | Camping Valkenburg - Maastricht, Limburg, Niederlande<\/title>\n<meta name=\"description\" content=\"M\u00f6chten Sie Informationen \u00fcber Ihren Aufenthalt im CityKamp in Valkenburg - Maastricht (Niederlande)? Wir stehen Ihnen gerne zur Verf\u00fcgung.\" \/>\n<meta name=\"robots\" content=\"index, follow, max-snippet:-1, max-image-preview:large, max-video-preview:-1\" \/>\n<link rel=\"canonical\" href=\"https:\/\/www.camping-valkenburg.com\/de\/kontakt\/\" \/>\n<meta property=\"og:locale\" content=\"de_DE\" \/>\n<meta property=\"og:type\" content=\"article\" \/>\n<meta property=\"og:title\" content=\"Kontakt | Camping Valkenburg - Maastricht, Limburg, Niederlande\" \/>\n<meta property=\"og:description\" content=\"M\u00f6chten Sie Informationen \u00fcber Ihren Aufenthalt im CityKamp in Valkenburg - Maastricht (Niederlande)? Wir stehen Ihnen gerne zur Verf\u00fcgung.\" \/>\n<meta property=\"og:url\" content=\"https:\/\/www.camping-valkenburg.com\/de\/kontakt\/\" \/>\n<meta property=\"og:site_name\" content=\"Camping Valkenburg - Maastricht\" \/>\n<meta property=\"article:modified_time\" content=\"2025-10-01T07:09:34+00:00\" \/>\n<meta name=\"twitter:card\" content=\"summary_large_image\" \/>\n<meta name=\"twitter:label1\" content=\"Est. reading time\" \/>\n\t<meta name=\"twitter:data1\" content=\"1 Minute\" \/>\n<script type=\"application\/ld+json\" class=\"yoast-schema-graph\">{\"@context\":\"https:\/\/schema.org\",\"@graph\":[{\"@type\":\"WebPage\",\"@id\":\"https:\/\/www.camping-valkenburg.com\/de\/kontakt\/\",\"url\":\"https:\/\/www.camping-valkenburg.com\/de\/kontakt\/\",\"name\":\"Kontakt | Camping Valkenburg - Maastricht, Limburg, Niederlande\",\"isPartOf\":{\"@id\":\"https:\/\/www.camping-valkenburg.com\/de\/#website\"},\"datePublished\":\"2020-02-25T08:38:39+00:00\",\"dateModified\":\"2025-10-01T07:09:34+00:00\",\"description\":\"M\u00f6chten Sie Informationen \u00fcber Ihren Aufenthalt im CityKamp in Valkenburg - Maastricht (Niederlande)? Wir stehen Ihnen gerne zur Verf\u00fcgung.\",\"breadcrumb\":{\"@id\":\"https:\/\/www.camping-valkenburg.com\/de\/kontakt\/#breadcrumb\"},\"inLanguage\":\"de-DE\",\"potentialAction\":[{\"@type\":\"ReadAction\",\"target\":[\"https:\/\/www.camping-valkenburg.com\/de\/kontakt\/\"]}]},{\"@type\":\"BreadcrumbList\",\"@id\":\"https:\/\/www.camping-valkenburg.com\/de\/kontakt\/#breadcrumb\",\"itemListElement\":[{\"@type\":\"ListItem\",\"position\":1,\"name\":\"Accueil\",\"item\":\"https:\/\/www.camping-valkenburg.com\/de\/\"},{\"@type\":\"ListItem\",\"position\":2,\"name\":\"Kontakt\"}]},{\"@type\":\"WebSite\",\"@id\":\"https:\/\/www.camping-valkenburg.com\/de\/#website\",\"url\":\"https:\/\/www.camping-valkenburg.com\/de\/\",\"name\":\"Camping Valkenburg - Maastricht\",\"description\":\"Un site utilisant Citykamp\",\"potentialAction\":[{\"@type\":\"SearchAction\",\"target\":{\"@type\":\"EntryPoint\",\"urlTemplate\":\"https:\/\/www.camping-valkenburg.com\/de\/?s={search_term_string}\"},\"query-input\":{\"@type\":\"PropertyValueSpecification\",\"valueRequired\":true,\"valueName\":\"search_term_string\"}}],\"inLanguage\":\"de-DE\"}]}<\/script>\n<!-- \/ Yoast SEO plugin. -->","yoast_head_json":{"title":"Kontakt | Camping Valkenburg - Maastricht, Limburg, Niederlande","description":"M\u00f6chten Sie Informationen \u00fcber Ihren Aufenthalt im CityKamp in Valkenburg - Maastricht (Niederlande)? Wir stehen Ihnen gerne zur Verf\u00fcgung.","robots":{"index":"index","follow":"follow","max-snippet":"max-snippet:-1","max-image-preview":"max-image-preview:large","max-video-preview":"max-video-preview:-1"},"canonical":"https:\/\/www.camping-valkenburg.com\/de\/kontakt\/","og_locale":"de_DE","og_type":"article","og_title":"Kontakt | Camping Valkenburg - Maastricht, Limburg, Niederlande","og_description":"M\u00f6chten Sie Informationen \u00fcber Ihren Aufenthalt im CityKamp in Valkenburg - Maastricht (Niederlande)? Wir stehen Ihnen gerne zur Verf\u00fcgung.","og_url":"https:\/\/www.camping-valkenburg.com\/de\/kontakt\/","og_site_name":"Camping Valkenburg - Maastricht","article_modified_time":"2025-10-01T07:09:34+00:00","twitter_card":"summary_large_image","twitter_misc":{"Est. reading time":"1 Minute"},"schema":{"@context":"https:\/\/schema.org","@graph":[{"@type":"WebPage","@id":"https:\/\/www.camping-valkenburg.com\/de\/kontakt\/","url":"https:\/\/www.camping-valkenburg.com\/de\/kontakt\/","name":"Kontakt | Camping Valkenburg - Maastricht, Limburg, Niederlande","isPartOf":{"@id":"https:\/\/www.camping-valkenburg.com\/de\/#website"},"datePublished":"2020-02-25T08:38:39+00:00","dateModified":"2025-10-01T07:09:34+00:00","description":"M\u00f6chten Sie Informationen \u00fcber Ihren Aufenthalt im CityKamp in Valkenburg - Maastricht (Niederlande)? Wir stehen Ihnen gerne zur Verf\u00fcgung.","breadcrumb":{"@id":"https:\/\/www.camping-valkenburg.com\/de\/kontakt\/#breadcrumb"},"inLanguage":"de-DE","potentialAction":[{"@type":"ReadAction","target":["https:\/\/www.camping-valkenburg.com\/de\/kontakt\/"]}]},{"@type":"BreadcrumbList","@id":"https:\/\/www.camping-valkenburg.com\/de\/kontakt\/#breadcrumb","itemListElement":[{"@type":"ListItem","position":1,"name":"Accueil","item":"https:\/\/www.camping-valkenburg.com\/de\/"},{"@type":"ListItem","position":2,"name":"Kontakt"}]},{"@type":"WebSite","@id":"https:\/\/www.camping-valkenburg.com\/de\/#website","url":"https:\/\/www.camping-valkenburg.com\/de\/","name":"Camping Valkenburg - Maastricht","description":"Un site utilisant Citykamp","potentialAction":[{"@type":"SearchAction","target":{"@type":"EntryPoint","urlTemplate":"https:\/\/www.camping-valkenburg.com\/de\/?s={search_term_string}"},"query-input":{"@type":"PropertyValueSpecification","valueRequired":true,"valueName":"search_term_string"}}],"inLanguage":"de-DE"}]}},"_links":{"self":[{"href":"https:\/\/www.camping-valkenburg.com\/de\/wp-json\/wp\/v2\/pages\/126","targetHints":{"allow":["GET"]}}],"collection":[{"href":"https:\/\/www.camping-valkenburg.com\/de\/wp-json\/wp\/v2\/pages"}],"about":[{"href":"https:\/\/www.camping-valkenburg.com\/de\/wp-json\/wp\/v2\/types\/page"}],"author":[{"embeddable":true,"href":"https:\/\/www.camping-valkenburg.com\/de\/wp-json\/wp\/v2\/users\/4"}],"replies":[{"embeddable":true,"href":"https:\/\/www.camping-valkenburg.com\/de\/wp-json\/wp\/v2\/comments?post=126"}],"version-history":[{"count":2,"href":"https:\/\/www.camping-valkenburg.com\/de\/wp-json\/wp\/v2\/pages\/126\/revisions"}],"predecessor-version":[{"id":3642,"href":"https:\/\/www.camping-valkenburg.com\/de\/wp-json\/wp\/v2\/pages\/126\/revisions\/3642"}],"wp:attachment":[{"href":"https:\/\/www.camping-valkenburg.com\/de\/wp-json\/wp\/v2\/media?parent=126"}],"curies":[{"name":"wp","href":"https:\/\/api.w.org\/{rel}","templated":true}]}}