{"id":1235,"date":"2021-02-05T12:08:33","date_gmt":"2021-02-05T11:08:33","guid":{"rendered":"https:\/\/www.camping-valkenburg.com\/?page_id=1235"},"modified":"2023-08-03T12:27:14","modified_gmt":"2023-08-03T10:27:14","slug":"professionnels","status":"publish","type":"page","link":"https:\/\/www.camping-valkenburg.com\/de\/professionnels\/","title":{"rendered":"Firmentarife"},"content":{"rendered":"<div class=\"wpb-content-wrapper\"><p>[vc_row][vc_column][vc_single_image image=&#8220;2315&#8243; img_size=&#8220;full&#8220; alignment=&#8220;center&#8220;]<div class=\"wrappedcontent\">[vc_column_text]<\/p>\n<h2 style=\"text-align: center;\">GESCH\u00c4FTSREISEN<\/h2>\n<p>[\/vc_column_text][vc_empty_space height=&#8220;50px&#8220;][vc_column_text]<\/p>\n<p style=\"text-align: center;\"><strong><span style=\"color: #e84e1b;\">Die beste Alternative zum Hotel f\u00fcr Ihren gesch\u00e4ftlichen Aufenthalt!<\/span><\/strong><\/p>\n<p style=\"text-align: center;\">Sie befinden sich auf Dienstreise, auf einem vor\u00fcbergehenden beruflichen Einsatz oder auf Schulung, Sie besuchen eine Fachmesse oder sind Aussteller\u2026in Valkenburg oder Maastricht? Entdecken Sie unser CityKamp von Valkenburg-Maastricht. \u00dcbernachten Sie ganz in der N\u00e4he von Valkenburg und nur etwa 15 Minuten mit dem Zug oder Auto von Maastricht entfernt. Ideal, um in die Stadt zu fahren und trotzdem mitten im Gr\u00fcnen zu wohnen!<\/p>\n<p>[\/vc_column_text][vc_column_text]<\/p>\n<p style=\"text-align: center;\">G\u00fcnstiger als ein Hotel und umgeben von Natur ist unser Campingplatz eine optimale \u00dcbernachtungsalternative f\u00fcr Ihre Gesch\u00e4ftsreise. F\u00fcr eine Nacht oder mehrere Wochen? Alles ist m\u00f6glich!<\/p>\n<p>[\/vc_column_text][vc_empty_space height=&#8220;50px&#8220;][vc_column_text]<\/p>\n<h3 style=\"text-align: center;\"><strong><span style=\"color: #e84e1b;\">KOMFORT MITTEN IN DER NATUR<\/span><\/strong><\/h3>\n<p>[\/vc_column_text][vc_empty_space height=&#8220;30px&#8220;][vc_masonry_media_grid gap=&#8220;10&#8243; item=&#8220;843&#8243; grid_id=&#8220;vc_gid:1691058349615-af96c3b7-87a6-8&#8243; include=&#8220;1032,2894,1044&#8243;][vc_empty_space]<div class=\"text-center btnwrap\"><a class=\"btn btn-huttopia-cta\" href=\"https:\/\/checkout.citykamp.com\/search?sessionID=2\" role=\"button\" target=\"\" onclick=\"dataLayer.push({'event':'clickCity', 'clickText':'AUFENTHALT BUCHEN'})\">AUFENTHALT BUCHEN<\/a><\/div>[vc_empty_space height=&#8220;60px&#8220;][vc_column_text]<\/p>\n<h3 style=\"text-align: center;\"><strong><span style=\"color: #e84e1b;\">ARBEITEN, \u00dcBERNACHTEN\u2026UND ABSCHALTEN!<\/span><\/strong><\/h3>\n<p>[\/vc_column_text][vc_empty_space height=&#8220;30px&#8220;][vc_row_inner gap=&#8220;30&#8243; css=&#8220;.vc_custom_1689934372552{margin-left: -0.5px !important;}&#8220;][vc_column_inner width=&#8220;1\/3&#8243;][vc_single_image image=&#8220;2908&#8243; img_size=&#8220;600*400&#8243;][vc_empty_space][vc_column_text]<\/p>\n<p style=\"text-align: center;\"><strong>UNSER BEHEIZTES SCHWIMMBAD<br \/>\n<\/strong>Es gibt nichts Sch\u00f6neres als nach einem arbeitsreichen Tag im Schwimmbad zu entspannen.<\/p>\n<p>[\/vc_column_text][\/vc_column_inner][vc_column_inner width=&#8220;1\/3&#8243;][vc_single_image image=&#8220;2912&#8243; img_size=&#8220;600*400&#8243;][vc_empty_space][vc_column_text]<\/p>\n<p style=\"text-align: center;\"><strong>BROT UND FEINGEB\u00c4CK<br \/>\n<\/strong>Gegen Vorbestellung, f\u00fcr ein echtes Fr\u00fchst\u00fcck! Auch ein kleiner Lebensmittelladen mit den n\u00f6tigsten Produkten steht Ihnen zur Verf\u00fcgung.<\/p>\n<p>[\/vc_column_text][\/vc_column_inner][vc_column_inner width=&#8220;1\/3&#8243;][vc_single_image image=&#8220;2931&#8243; img_size=&#8220;600*400&#8243;][vc_empty_space][vc_column_text]<\/p>\n<p style=\"text-align: center;\"><strong>KOSTENLOSES WI-FI<\/strong><\/p>\n<p>[\/vc_column_text][\/vc_column_inner][\/vc_row_inner][vc_row_inner gap=&#8220;30&#8243; css=&#8220;.vc_custom_1689934380966{margin-left: -0.5px !important;}&#8220;][vc_column_inner width=&#8220;1\/3&#8243;][vc_single_image image=&#8220;2920&#8243; img_size=&#8220;600*400&#8243;][vc_empty_space][vc_column_text]<\/p>\n<p style=\"text-align: center;\"><strong>CAMPINGBAR<br \/>\n<\/strong>F\u00fcr einen Drink mit Kollegen oder zum Entspannen nach einem langen Arbeitstag.<br \/>\n<span style=\"font-size: 10pt; color: #000000;\"><em>Die \u00d6ffnungszeiten variieren je nach Saison.<\/em><\/span><\/p>\n<p>[\/vc_column_text][\/vc_column_inner][vc_column_inner width=&#8220;1\/3&#8243;][vc_single_image image=&#8220;2916&#8243; img_size=&#8220;600*400&#8243;][vc_empty_space][vc_column_text]<\/p>\n<p style=\"text-align: center;\"><strong>RESTAURANT<br \/>\n<\/strong>Genie\u00dfen Sie eine hausgemachte Pizza.<br \/>\n<span style=\"font-size: 10pt; color: #000000;\"><em>Die \u00d6ffnungszeiten variieren je nach Saison.<\/em><\/span><\/p>\n<p>[\/vc_column_text][\/vc_column_inner][vc_column_inner width=&#8220;1\/3&#8243;][vc_single_image image=&#8220;1020&#8243; img_size=&#8220;600*400&#8243;][vc_empty_space][vc_column_text]<\/p>\n<p style=\"text-align: center;\"><strong>AKTIVIT\u00c4TEN<br \/>\n<\/strong>Entspannen Sie bei einer Partie Tischtennis, P\u00e9tanque oder Tischfu\u00dfball mit Ihren Kollegen oder halten Sie sich auf dem Sportplatz fit.<\/p>\n<p>[\/vc_column_text][\/vc_column_inner][\/vc_row_inner][vc_empty_space height=&#8220;60px&#8220;][vc_row_inner gap=&#8220;30&#8243; css=&#8220;.vc_custom_1691058338076{margin-left: -0.5px !important;background-color: rgba(232,78,27,0.2) !important;*background-color: rgb(232,78,27) !important;}&#8220;][vc_column_inner width=&#8220;1\/6&#8243;][vc_single_image image=&#8220;2940&#8243; img_size=&#8220;71*71&#8243; alignment=&#8220;center&#8220; css=&#8220;.vc_custom_1691058393179{padding-bottom: 10px !important;}&#8220;][vc_column_text]<\/p>\n<p style=\"text-align: center;\"><span style=\"color: #e84e1b;\"><strong>Check-in 7 Tage<br \/>\ndie Woche ge\u00f6ffnet<\/strong><\/span><\/p>\n<p>[\/vc_column_text][\/vc_column_inner][vc_column_inner width=&#8220;1\/6&#8243;][vc_single_image image=&#8220;2944&#8243; img_size=&#8220;71*71&#8243; alignment=&#8220;center&#8220; css=&#8220;.vc_custom_1691058400150{padding-bottom: 10px !important;}&#8220;][vc_column_text]<\/p>\n<p style=\"text-align: center;\"><span style=\"color: #e84e1b;\"><strong>Gratis<br \/>\nWLAN<\/strong><\/span><\/p>\n<p>[\/vc_column_text][\/vc_column_inner][vc_column_inner width=&#8220;1\/6&#8243;][vc_single_image image=&#8220;2948&#8243; img_size=&#8220;71*71&#8243; alignment=&#8220;center&#8220; css=&#8220;.vc_custom_1691058406069{padding-bottom: 10px !important;}&#8220;][vc_column_text]<\/p>\n<p style=\"text-align: center;\"><span style=\"color: #e84e1b;\"><strong>Gratisparkplatz<br \/>\n<\/strong><\/span><\/p>\n<p>[\/vc_column_text][\/vc_column_inner][vc_column_inner width=&#8220;1\/6&#8243;][vc_single_image image=&#8220;2952&#8243; img_size=&#8220;71*71&#8243; alignment=&#8220;center&#8220; css=&#8220;.vc_custom_1691058412562{padding-bottom: 10px !important;}&#8220;][vc_column_text]<\/p>\n<p style=\"text-align: center;\"><span style=\"color: #e84e1b;\"><strong>Bettw\u00e4sche und Handt\u00fccher<br \/>\n<\/strong>Inklusive oder gegen Aufpreis<\/span><\/p>\n<p>[\/vc_column_text][\/vc_column_inner][vc_column_inner width=&#8220;1\/6&#8243;][vc_single_image image=&#8220;2956&#8243; img_size=&#8220;71*71&#8243; alignment=&#8220;center&#8220; css=&#8220;.vc_custom_1691058419442{padding-bottom: 10px !important;}&#8220;][vc_column_text]<\/p>\n<p style=\"text-align: center;\"><span style=\"color: #e84e1b;\"><strong>Caf\u00e9-Restaurant und<br \/>\nkleiner Lebensmittelladen<\/strong><\/span><\/p>\n<p>[\/vc_column_text][\/vc_column_inner][vc_column_inner width=&#8220;1\/6&#8243;][vc_single_image image=&#8220;2960&#8243; img_size=&#8220;71*71&#8243; alignment=&#8220;center&#8220; css=&#8220;.vc_custom_1691058429735{padding-bottom: 10px !important;}&#8220;][vc_column_text]<\/p>\n<p style=\"text-align: center;\"><span style=\"color: #e84e1b;\"><strong>Fr\u00fchst\u00fcck<\/strong><\/span><\/p>\n<p>[\/vc_column_text][\/vc_column_inner][\/vc_row_inner][vc_empty_space height=&#8220;60px&#8220;][vc_column_text]<\/p>\n<h3 style=\"text-align: center;\"><strong><span style=\"color: #e84e1b;\">IDEAL GELEGEN<\/span><\/strong><\/h3>\n<p style=\"text-align: center;\">Ein St\u00fcck Natur in der N\u00e4he von Valkenburg und Maastricht<\/p>\n<p>[\/vc_column_text][vc_empty_space height=&#8220;30px&#8220;][vc_column_text]<\/p>\n<ul>\n<li>2 km von Valkenburg entfernt<\/li>\n<li>Ca. 15 Auto- bzw. Zugminuten von Maastricht entfernt<\/li>\n<\/ul>\n<p>[\/vc_column_text][vc_empty_space height=&#8220;50px&#8220;][vc_row_inner equal_height=&#8220;yes&#8220; gap=&#8220;15&#8243; css=&#8220;.vc_custom_1612523623513{margin-left: -0.5px !important;}&#8220;][vc_column_inner width=&#8220;1\/3&#8243; css=&#8220;.vc_custom_1612523483281{background-color: #e8e8e8 !important;}&#8220;][vc_icon icon_fontawesome=&#8220;far fa-map&#8220; color=&#8220;custom&#8220; size=&#8220;lg&#8220; align=&#8220;center&#8220; custom_color=&#8220;#e84e1b&#8220; css=&#8220;.vc_custom_1676306460587{margin-bottom: -10px !important;padding-top: 15px !important;}&#8220; link=&#8220;url:https%3A%2F%2Fmedia.huttopia.com%2Fdestinations%2Fvalkenburg-maastricht%2Fplan-citykamp-camping-valkenburg-maastricht.pdf&#8220;][vc_column_text css=&#8220;.vc_custom_1676306469074{padding-top: 25px !important;padding-right: 15px !important;padding-bottom: 15px !important;padding-left: 15px !important;}&#8220;]<\/p>\n<p style=\"text-align: center;\"><a href=\"https:\/\/media.huttopia.com\/destinations\/valkenburg-maastricht\/plan-citykamp-camping-valkenburg-maastricht.pdf\" target=\"_blank\" rel=\"noopener noreferrer\"><strong>Platzplan<\/strong><\/a><\/p>\n<p>[\/vc_column_text][\/vc_column_inner][vc_column_inner width=&#8220;1\/3&#8243; css=&#8220;.vc_custom_1612523488415{background-color: #e8e8e8 !important;}&#8220;][vc_icon icon_fontawesome=&#8220;far fa-envelope&#8220; color=&#8220;custom&#8220; size=&#8220;lg&#8220; align=&#8220;center&#8220; custom_color=&#8220;#e84e1b&#8220; css=&#8220;.vc_custom_1613384186826{margin-bottom: -10px !important;padding-top: 15px !important;}&#8220;][vc_column_text css=&#8220;.vc_custom_1613377795695{padding-top: 25px !important;padding-right: 15px !important;padding-bottom: 15px !important;padding-left: 15px !important;}&#8220;]<\/p>\n<p style=\"text-align: center;\"><strong><a href=\"https:\/\/www.camping-valkenburg.com\/de\/kontakt\/\">Kontakt<\/a><\/strong><\/p>\n<p>[\/vc_column_text][\/vc_column_inner][vc_column_inner width=&#8220;1\/3&#8243; css=&#8220;.vc_custom_1612523492977{background-color: #e8e8e8 !important;}&#8220;][vc_icon icon_fontawesome=&#8220;fas fa-map-marker-alt&#8220; color=&#8220;custom&#8220; size=&#8220;lg&#8220; align=&#8220;center&#8220; custom_color=&#8220;#e84e1b&#8220; css=&#8220;.vc_custom_1613384191531{margin-bottom: -10px !important;padding-top: 15px !important;}&#8220;][vc_column_text css=&#8220;.vc_custom_1613377805171{padding-top: 25px !important;padding-right: 15px !important;padding-bottom: 15px !important;padding-left: 15px !important;}&#8220;]<\/p>\n<p style=\"text-align: center;\"><a href=\"https:\/\/www.google.com\/maps\/place\/Camping+Valkenburg+-+Maastricht\/@50.8813096,5.8336073,15z\/data=!4m8!3m7!1s0x0:0x474dde9153135d13!5m2!4m1!1i2!8m2!3d50.8813096!4d5.8336073\" target=\"_blank\" rel=\"noopener noreferrer\"><strong>Reiseroute<\/strong><\/a><\/p>\n<p>[\/vc_column_text][\/vc_column_inner][\/vc_row_inner]<\/div>\n    <div id=\"map169587\" class=\"map\"><\/div>\n    <script type=\"text\/javascript\">\n        let iconType = L.icon({\n            iconUrl: baseDirectory + '\/img\/pin.png',\n            iconSize: [22, 48],\n            iconAnchor: [11, 46],\n            popupAnchor: [0, -46]\n        });\n        let map = L.map('map169587', {\n            center: L.latLng(50.86523, 5.83205),\n            zoom: 10.8,\n            layers: [L.tileLayer('https:\/\/cartodb-basemaps-b.global.ssl.fastly.net\/light_all\/{z}\/{x}\/{y}.png', {\n                attribution: '&copy; <a href=\"https:\/\/www.openstreetmap.org\/copyright\">OpenStreetMap<\/a>'\n            })],\n            zoomSnap: 0.2\n        });\n        setTimeout(map.invalidateSize.bind(map), 100);\n        let contentString = '<div id=\"content\">' +\n            '<div id=\"siteNotice\">' +\n            '<\/div>' +\n            '<h4 id=\"firstHeading\" class=\"firstHeading\">Camping Valkenburg - Maastricht<\/h4>' +\n            '<div id=\"bodyContent\">' +\n            '<p><\/p>' +\n            '<p>Stoepertweg 5 6301 WP Valkenburg<\/p>' +\n            '<\/div>' +\n            '<\/div>';\n        let marker = L.marker([50.86523, 5.83205], {icon: iconType}).addTo(map);\n        marker.bindPopup(contentString).openPopup();\n        let iwOuter = document.querySelector('.leaflet-popup-content-wrapper');\n        let iwArrow = document.querySelector('.leaflet-popup-tip');\n        iwOuter.style.backgroundColor = '#E84E1B';\n        iwArrow.style.backgroundColor = '#E84E1B';\n    <\/script>\n    [\/vc_column][\/vc_row]<\/p>\n<\/div>","protected":false},"excerpt":{"rendered":"<p>[vc_row][vc_column][vc_single_image image=&#8220;2315&#8243; img_size=&#8220;full&#8220; alignment=&#8220;center&#8220;][\/vc_column][\/vc_row]<\/p>\n","protected":false},"author":16,"featured_media":0,"parent":0,"menu_order":0,"comment_status":"closed","ping_status":"closed","template":"","meta":{"footnotes":""},"class_list":["post-1235","page","type-page","status-publish","hentry"],"yoast_head":"<!-- This site is optimized with the Yoast SEO plugin v25.6 - https:\/\/yoast.com\/wordpress\/plugins\/seo\/ -->\n<title>Gesch\u00e4ftsreisen - Camping Valkenburg - Maastricht<\/title>\n<meta name=\"description\" content=\"Reisen Sie nach Valeknburg oder Maastricht ? Bleiben Sie auf einem Campingplatz f\u00fcr Ihren beruflichen Aufenthalt: die alternative Natur, sich zu trennen, in der N\u00e4he von Valkenburg und Maastricht!\" \/>\n<meta name=\"robots\" content=\"index, follow, max-snippet:-1, max-image-preview:large, max-video-preview:-1\" \/>\n<link rel=\"canonical\" href=\"https:\/\/www.camping-valkenburg.com\/de\/professionnels\/\" \/>\n<meta property=\"og:locale\" content=\"de_DE\" \/>\n<meta property=\"og:type\" content=\"article\" \/>\n<meta property=\"og:title\" content=\"Gesch\u00e4ftsreisen - Camping Valkenburg - Maastricht\" \/>\n<meta property=\"og:description\" content=\"Reisen Sie nach Valeknburg oder Maastricht ? Bleiben Sie auf einem Campingplatz f\u00fcr Ihren beruflichen Aufenthalt: die alternative Natur, sich zu trennen, in der N\u00e4he von Valkenburg und Maastricht!\" \/>\n<meta property=\"og:url\" content=\"https:\/\/www.camping-valkenburg.com\/de\/professionnels\/\" \/>\n<meta property=\"og:site_name\" content=\"Camping Valkenburg - Maastricht\" \/>\n<meta property=\"article:modified_time\" content=\"2023-08-03T10:27:14+00:00\" \/>\n<meta name=\"twitter:card\" content=\"summary_large_image\" \/>\n<meta name=\"twitter:label1\" content=\"Est. reading time\" \/>\n\t<meta name=\"twitter:data1\" content=\"3 Minuten\" \/>\n<script type=\"application\/ld+json\" class=\"yoast-schema-graph\">{\"@context\":\"https:\/\/schema.org\",\"@graph\":[{\"@type\":\"WebPage\",\"@id\":\"https:\/\/www.camping-valkenburg.com\/de\/professionnels\/\",\"url\":\"https:\/\/www.camping-valkenburg.com\/de\/professionnels\/\",\"name\":\"Gesch\u00e4ftsreisen - Camping Valkenburg - Maastricht\",\"isPartOf\":{\"@id\":\"https:\/\/www.camping-valkenburg.com\/de\/#website\"},\"datePublished\":\"2021-02-05T11:08:33+00:00\",\"dateModified\":\"2023-08-03T10:27:14+00:00\",\"description\":\"Reisen Sie nach Valeknburg oder Maastricht ? Bleiben Sie auf einem Campingplatz f\u00fcr Ihren beruflichen Aufenthalt: die alternative Natur, sich zu trennen, in der N\u00e4he von Valkenburg und Maastricht!\",\"breadcrumb\":{\"@id\":\"https:\/\/www.camping-valkenburg.com\/de\/professionnels\/#breadcrumb\"},\"inLanguage\":\"de-DE\",\"potentialAction\":[{\"@type\":\"ReadAction\",\"target\":[\"https:\/\/www.camping-valkenburg.com\/de\/professionnels\/\"]}]},{\"@type\":\"BreadcrumbList\",\"@id\":\"https:\/\/www.camping-valkenburg.com\/de\/professionnels\/#breadcrumb\",\"itemListElement\":[{\"@type\":\"ListItem\",\"position\":1,\"name\":\"Accueil\",\"item\":\"https:\/\/www.camping-valkenburg.com\/de\/\"},{\"@type\":\"ListItem\",\"position\":2,\"name\":\"Firmentarife\"}]},{\"@type\":\"WebSite\",\"@id\":\"https:\/\/www.camping-valkenburg.com\/de\/#website\",\"url\":\"https:\/\/www.camping-valkenburg.com\/de\/\",\"name\":\"Camping Valkenburg - Maastricht\",\"description\":\"Un site utilisant Citykamp\",\"potentialAction\":[{\"@type\":\"SearchAction\",\"target\":{\"@type\":\"EntryPoint\",\"urlTemplate\":\"https:\/\/www.camping-valkenburg.com\/de\/?s={search_term_string}\"},\"query-input\":{\"@type\":\"PropertyValueSpecification\",\"valueRequired\":true,\"valueName\":\"search_term_string\"}}],\"inLanguage\":\"de-DE\"}]}<\/script>\n<!-- \/ Yoast SEO plugin. -->","yoast_head_json":{"title":"Gesch\u00e4ftsreisen - Camping Valkenburg - Maastricht","description":"Reisen Sie nach Valeknburg oder Maastricht ? Bleiben Sie auf einem Campingplatz f\u00fcr Ihren beruflichen Aufenthalt: die alternative Natur, sich zu trennen, in der N\u00e4he von Valkenburg und Maastricht!","robots":{"index":"index","follow":"follow","max-snippet":"max-snippet:-1","max-image-preview":"max-image-preview:large","max-video-preview":"max-video-preview:-1"},"canonical":"https:\/\/www.camping-valkenburg.com\/de\/professionnels\/","og_locale":"de_DE","og_type":"article","og_title":"Gesch\u00e4ftsreisen - Camping Valkenburg - Maastricht","og_description":"Reisen Sie nach Valeknburg oder Maastricht ? Bleiben Sie auf einem Campingplatz f\u00fcr Ihren beruflichen Aufenthalt: die alternative Natur, sich zu trennen, in der N\u00e4he von Valkenburg und Maastricht!","og_url":"https:\/\/www.camping-valkenburg.com\/de\/professionnels\/","og_site_name":"Camping Valkenburg - Maastricht","article_modified_time":"2023-08-03T10:27:14+00:00","twitter_card":"summary_large_image","twitter_misc":{"Est. reading time":"3 Minuten"},"schema":{"@context":"https:\/\/schema.org","@graph":[{"@type":"WebPage","@id":"https:\/\/www.camping-valkenburg.com\/de\/professionnels\/","url":"https:\/\/www.camping-valkenburg.com\/de\/professionnels\/","name":"Gesch\u00e4ftsreisen - Camping Valkenburg - Maastricht","isPartOf":{"@id":"https:\/\/www.camping-valkenburg.com\/de\/#website"},"datePublished":"2021-02-05T11:08:33+00:00","dateModified":"2023-08-03T10:27:14+00:00","description":"Reisen Sie nach Valeknburg oder Maastricht ? Bleiben Sie auf einem Campingplatz f\u00fcr Ihren beruflichen Aufenthalt: die alternative Natur, sich zu trennen, in der N\u00e4he von Valkenburg und Maastricht!","breadcrumb":{"@id":"https:\/\/www.camping-valkenburg.com\/de\/professionnels\/#breadcrumb"},"inLanguage":"de-DE","potentialAction":[{"@type":"ReadAction","target":["https:\/\/www.camping-valkenburg.com\/de\/professionnels\/"]}]},{"@type":"BreadcrumbList","@id":"https:\/\/www.camping-valkenburg.com\/de\/professionnels\/#breadcrumb","itemListElement":[{"@type":"ListItem","position":1,"name":"Accueil","item":"https:\/\/www.camping-valkenburg.com\/de\/"},{"@type":"ListItem","position":2,"name":"Firmentarife"}]},{"@type":"WebSite","@id":"https:\/\/www.camping-valkenburg.com\/de\/#website","url":"https:\/\/www.camping-valkenburg.com\/de\/","name":"Camping Valkenburg - Maastricht","description":"Un site utilisant Citykamp","potentialAction":[{"@type":"SearchAction","target":{"@type":"EntryPoint","urlTemplate":"https:\/\/www.camping-valkenburg.com\/de\/?s={search_term_string}"},"query-input":{"@type":"PropertyValueSpecification","valueRequired":true,"valueName":"search_term_string"}}],"inLanguage":"de-DE"}]}},"_links":{"self":[{"href":"https:\/\/www.camping-valkenburg.com\/de\/wp-json\/wp\/v2\/pages\/1235","targetHints":{"allow":["GET"]}}],"collection":[{"href":"https:\/\/www.camping-valkenburg.com\/de\/wp-json\/wp\/v2\/pages"}],"about":[{"href":"https:\/\/www.camping-valkenburg.com\/de\/wp-json\/wp\/v2\/types\/page"}],"author":[{"embeddable":true,"href":"https:\/\/www.camping-valkenburg.com\/de\/wp-json\/wp\/v2\/users\/16"}],"replies":[{"embeddable":true,"href":"https:\/\/www.camping-valkenburg.com\/de\/wp-json\/wp\/v2\/comments?post=1235"}],"version-history":[{"count":2,"href":"https:\/\/www.camping-valkenburg.com\/de\/wp-json\/wp\/v2\/pages\/1235\/revisions"}],"predecessor-version":[{"id":3013,"href":"https:\/\/www.camping-valkenburg.com\/de\/wp-json\/wp\/v2\/pages\/1235\/revisions\/3013"}],"wp:attachment":[{"href":"https:\/\/www.camping-valkenburg.com\/de\/wp-json\/wp\/v2\/media?parent=1235"}],"curies":[{"name":"wp","href":"https:\/\/api.w.org\/{rel}","templated":true}]}}