{"id":1233,"date":"2021-02-05T09:30:17","date_gmt":"2021-02-05T08:30:17","guid":{"rendered":"https:\/\/www.camping-valkenburg.com\/?page_id=1233"},"modified":"2024-05-27T16:29:14","modified_gmt":"2024-05-27T14:29:14","slug":"region","status":"publish","type":"page","link":"https:\/\/www.camping-valkenburg.com\/de\/region\/","title":{"rendered":"Region"},"content":{"rendered":"<div class=\"wpb-content-wrapper\"><p>[vc_row][vc_column][vc_single_image image=&#8220;3318&#8243; img_size=&#8220;1900&#215;500&#8243; alignment=&#8220;center&#8220;][\/vc_column][\/vc_row][vc_row css=&#8220;.vc_custom_1713269605694{background-color: #e8e8e8 !important;}&#8220;][vc_column]<div class=\"wrappedcontent\">[vc_column_text]<\/p>\n<h3>Entdecken Sie die s\u00fcdlichste und sonnigste Provinz der Niederlande &#8211; Willkommen in Limburg!<\/h3>\n<p>Der Campingplatz Valkenburg-Maastricht ist der ideale Ausgangspunkt, um die landschaftlich vielseitige Region sowie ihre kulinarischen Reicht\u00fcmer kennenzulernen. Entdecken Sie in unmittelbarer N\u00e4he vom Campingplatz H\u00f6hlen, Burgruinen, Weinanbaugebiete oder verbringen Sie einen Tag im Spa.<\/p>\n<p>Wer Lust auf historische Sehensw\u00fcrdigkeiten und Kultur hat, sollte einen Tagesausflug in die lebendige Universit\u00e4tsstadt Maastricht einplanen, eine der \u00e4ltesten St\u00e4dte der Niederlande. Auf dem Programm stehen architektonische Highlights, historische Denkm\u00e4ler, spannende Museen, gem\u00fctliche Caf\u00e9s, Feinkostl\u00e4den und regionale M\u00e4rkte,\u2026 [\/vc_column_text]<\/div>[\/vc_column][\/vc_row][vc_row][vc_column]<div class=\"wrappedcontent\">[vc_column_text]<\/p>\n<h4 style=\"text-align: center;\"><span style=\"color: #e84e1b;\">\u2014 Besuchen Sie Valkenburg \u2014<\/span><\/h4>\n<p>[\/vc_column_text][vc_empty_space height=&#8220;40px&#8220;][vc_column_text]Valkenburg ist ein echter Geheimtipp. Entdecken Sie die zauberhafte Umgebung und die reiche historische Tradition der charmanten Stadt. Zwischen moosgr\u00fcnen H\u00fcgeln gelegen, bietet Valkenburg eine Vielzahl an Sehensw\u00fcrdigkeiten f\u00fcr Besucher jeden Alters.<\/p>\n<p>Erkunden Sie die faszinierenden unterirdischen Grotten von Valkenburg, die eine faszinierende Welt aus H\u00f6hlen und Tunneln bieten. Die imposante Burgruine l\u00e4dt ebenfalls zu einem Besuch ein und gew\u00e4hrt Einblicke in vergangene Zeiten. Der Freizeitpark \u201eKabelbaan Valkenburg\u201c bietet aufregende Abenteuer f\u00fcr Besucher jeden Alters. Schweben Sie hoch \u00fcber den malerischen H\u00fcgeln von Valkenburg und genie\u00dfen Sie spektakul\u00e4re Ausblicke auf die umliegende Landschaft. F\u00fcr diejenigen, die sich nach Entspannung sehnen, bieten die Thermalb\u00e4der von \u201eThermae 2000\u201c in Valkenburg die perfekte Gelegenheit, sich zu erholen und zu regenerieren.<\/p>\n<p>In den Wintermonaten erstrahlt Valkenburg in festlichem Glanz und wird zur gr\u00f6\u00dften und erlebnisreichsten Weihnachtsstadt der Niederlande. Tauchen Sie ein in die festliche Atmosph\u00e4re und genie\u00dfen Sie das einzigartige Ambiente dieser bezaubernden Stadt.[\/vc_column_text][vc_empty_space height=&#8220;40px&#8220;][vc_masonry_media_grid element_width=&#8220;3&#8243; gap=&#8220;25&#8243; item=&#8220;931&#8243; grid_id=&#8220;vc_gid:1716819577974-c9ccd626-b3cd-8&#8243; include=&#8220;3327,3331,3335,3339&#8243; css=&#8220;.vc_custom_1713269786241{margin-left: -0.5px !important;}&#8220;][vc_empty_space height=&#8220;40px&#8220;][vc_masonry_media_grid element_width=&#8220;3&#8243; gap=&#8220;25&#8243; item=&#8220;931&#8243; grid_id=&#8220;vc_gid:1716819577976-b645056c-d1af-9&#8243; include=&#8220;926,3323,930,922&#8243; css=&#8220;.vc_custom_1712923723597{margin-left: -0.5px !important;}&#8220;]<\/div>[\/vc_column][\/vc_row][vc_row css=&#8220;.vc_custom_1612514287937{background-color: #e8e8e8 !important;}&#8220;][vc_column]<div class=\"wrappedcontent\">[vc_column_text]<\/p>\n<h4 style=\"text-align: center;\"><span style=\"color: #e84e1b;\">\u2014 Tagesausflug nach Maastricht \u2014<\/span><\/h4>\n<p>[\/vc_column_text][vc_empty_space height=&#8220;40px&#8220;][vc_column_text]Besuchen Sie Maastricht, die Hauptstadt der Provinz Limburg, nur 15 Minuten vom Campingplatz Valkenburg &#8211; Maastricht entfernt. Diese lebendige Stadt, die am Ufer der Maas liegt, bietet eine F\u00fclle von Sehensw\u00fcrdigkeiten und Aktivit\u00e4ten f\u00fcr Besucher jeden Alters.<\/p>\n<p>Beginnen Sie Ihre Erkundungstour mit einem Besuch der historischen Altstadt, die mit ihren malerischen Kopfsteinpflasterstra\u00dfen, gotischen Kirchen und h\u00fcbschen Pl\u00e4tzen begeistert. Der Marktplatz ist ein pulsierender Treffpunkt, wo Sie lokale Delikatessen probieren und das lebendige Treiben genie\u00dfen k\u00f6nnen.<\/p>\n<p>Nehmen Sie sich Zeit, um entlang der Uferpromenade zu schlendern und die atemberaubende Aussicht auf die Maas zu genie\u00dfen. Eine Bootsfahrt auf dem Fluss ist eine gro\u00dfartige M\u00f6glichkeit, die Stadt aus einer anderen Perspektive zu erleben.[\/vc_column_text][vc_empty_space height=&#8220;30px&#8220;][vc_row_inner equal_height=&#8220;yes&#8220; gap=&#8220;10&#8243; css=&#8220;.vc_custom_1612517441162{margin-left: -0.5px !important;}&#8220;][vc_column_inner width=&#8220;2\/3&#8243;][vc_masonry_media_grid element_width=&#8220;12&#8243; gap=&#8220;25&#8243; item=&#8220;950&#8243; grid_id=&#8220;vc_gid:1716819577978-d9fe82d1-92db-0&#8243; include=&#8220;3344&#8243; css=&#8220;.vc_custom_1713269557580{margin-left: -0.5px !important;}&#8220;][\/vc_column_inner][vc_column_inner width=&#8220;1\/3&#8243;][vc_masonry_media_grid element_width=&#8220;12&#8243; gap=&#8220;25&#8243; item=&#8220;950&#8243; grid_id=&#8220;vc_gid:1716819577980-0a74201a-67ff-2&#8243; include=&#8220;3348&#8243; css=&#8220;.vc_custom_1713269567182{margin-left: -0.5px !important;}&#8220;][\/vc_column_inner][\/vc_row_inner][vc_row_inner equal_height=&#8220;yes&#8220; gap=&#8220;10&#8243; css=&#8220;.vc_custom_1612517446562{margin-left: -0.5px !important;}&#8220;][vc_column_inner width=&#8220;1\/3&#8243;][vc_masonry_media_grid element_width=&#8220;12&#8243; gap=&#8220;25&#8243; item=&#8220;950&#8243; grid_id=&#8220;vc_gid:1716819577981-0c56e0a5-8108-8&#8243; include=&#8220;1524&#8243; css=&#8220;.vc_custom_1614266412637{margin-left: -0.5px !important;}&#8220;][\/vc_column_inner][vc_column_inner width=&#8220;2\/3&#8243;][vc_masonry_media_grid element_width=&#8220;12&#8243; gap=&#8220;25&#8243; item=&#8220;950&#8243; grid_id=&#8220;vc_gid:1716819577982-33109f17-2b90-10&#8243; include=&#8220;945&#8243; css=&#8220;.vc_custom_1613378194267{margin-left: -0.5px !important;}&#8220;][\/vc_column_inner][\/vc_row_inner][vc_empty_space height=&#8220;50px&#8220;]<\/div>[\/vc_column][\/vc_row][vc_row gap=&#8220;15&#8243; equal_height=&#8220;yes&#8220; css=&#8220;.vc_custom_1613038221704{margin-left: -0.5px !important;}&#8220;][vc_column]<div class=\"wrappedcontent\">[vc_row_inner equal_height=&#8220;yes&#8220; gap=&#8220;15&#8243; css=&#8220;.vc_custom_1612514937602{margin-left: -0.5px !important;}&#8220;][vc_column_inner width=&#8220;1\/3&#8243; css=&#8220;.vc_custom_1612514640045{background-color: #e8e8e8 !important;}&#8220;][vc_icon icon_fontawesome=&#8220;far fa-map&#8220; color=&#8220;custom&#8220; size=&#8220;lg&#8220; align=&#8220;center&#8220; custom_color=&#8220;#e84e1b&#8220; css=&#8220;.vc_custom_1676306693011{margin-bottom: -10px !important;padding-top: 15px !important;}&#8220; link=&#8220;url:https%3A%2F%2Fmedia.huttopia.com%2Fdestinations%2Fvalkenburg-maastricht%2Fplan-citykamp-camping-valkenburg-maastricht.pdf&#8220;][vc_column_text css=&#8220;.vc_custom_1676306702533{padding-top: 25px !important;padding-right: 15px !important;padding-bottom: 15px !important;padding-left: 15px !important;}&#8220;]<\/p>\n<p style=\"text-align: center;\"><a href=\"https:\/\/media.huttopia.com\/destinations\/valkenburg-maastricht\/plan-citykamp-camping-valkenburg-maastricht.pdf\" target=\"_blank\" rel=\"noopener noreferrer\"><strong>Platzplan<\/strong><\/a><\/p>\n<p>[\/vc_column_text][\/vc_column_inner][vc_column_inner width=&#8220;1\/3&#8243; css=&#8220;.vc_custom_1612514647701{background-color: #e8e8e8 !important;}&#8220;][vc_icon icon_fontawesome=&#8220;far fa-envelope&#8220; color=&#8220;custom&#8220; size=&#8220;lg&#8220; align=&#8220;center&#8220; custom_color=&#8220;#e84e1b&#8220; css=&#8220;.vc_custom_1612514723744{margin-bottom: -10px !important;padding-top: 15px !important;}&#8220;][vc_column_text css=&#8220;.vc_custom_1613378223362{padding-top: 25px !important;padding-right: 15px !important;padding-bottom: 15px !important;padding-left: 15px !important;}&#8220;]<\/p>\n<p style=\"text-align: center;\"><strong><a href=\"https:\/\/www.camping-valkenburg.com\/de\/kontakt\/\">Kontakt<\/a><\/strong><\/p>\n<p>[\/vc_column_text][\/vc_column_inner][vc_column_inner width=&#8220;1\/3&#8243; css=&#8220;.vc_custom_1612514658085{background-color: #e8e8e8 !important;}&#8220;][vc_icon icon_fontawesome=&#8220;fas fa-map-marker-alt&#8220; color=&#8220;custom&#8220; size=&#8220;lg&#8220; align=&#8220;center&#8220; custom_color=&#8220;#e84e1b&#8220; css=&#8220;.vc_custom_1612514735094{margin-bottom: -10px !important;padding-top: 15px !important;}&#8220;][vc_column_text css=&#8220;.vc_custom_1613378231605{padding-top: 25px !important;padding-right: 15px !important;padding-bottom: 15px !important;padding-left: 15px !important;}&#8220;]<\/p>\n<p style=\"text-align: center;\"><a href=\"https:\/\/www.google.com\/maps\/place\/Camping+Valkenburg+-+Maastricht\/@50.8813096,5.8336073,15z\/data=!4m8!3m7!1s0x0:0x474dde9153135d13!5m2!4m1!1i2!8m2!3d50.8813096!4d5.8336073\" target=\"_blank\" rel=\"noopener noreferrer\"><strong>Reiseroute<\/strong><\/a><\/p>\n<p>[\/vc_column_text][\/vc_column_inner][\/vc_row_inner]<\/div>[\/vc_column][\/vc_row]<\/p>\n<\/div>","protected":false},"excerpt":{"rendered":"<p>[vc_row][vc_column][vc_single_image image=&#8220;3318&#8243; img_size=&#8220;1900&#215;500&#8243; alignment=&#8220;center&#8220;][\/vc_column][\/vc_row][vc_row css=&#8220;.vc_custom_1713269605694{background-color: #e8e8e8 !important;}&#8220;][vc_column][\/vc_column][\/vc_row][vc_row][vc_column][\/vc_column][\/vc_row][vc_row css=&#8220;.vc_custom_1612514287937{background-color: #e8e8e8 !important;}&#8220;][vc_column][\/vc_column][\/vc_row][vc_row gap=&#8220;15&#8243; equal_height=&#8220;yes&#8220; css=&#8220;.vc_custom_1613038221704{margin-left: -0.5px !important;}&#8220;][vc_column][\/vc_column][\/vc_row]<\/p>\n","protected":false},"author":1,"featured_media":0,"parent":0,"menu_order":0,"comment_status":"closed","ping_status":"closed","template":"","meta":{"footnotes":""},"class_list":["post-1233","page","type-page","status-publish","hentry"],"yoast_head":"<!-- This site is optimized with the Yoast SEO plugin v25.6 - https:\/\/yoast.com\/wordpress\/plugins\/seo\/ -->\n<title>Entdecken Sie die Region Limburg - Der Valkenburg - Maastricht Campingplatz<\/title>\n<meta name=\"description\" content=\"Camping Valkenburg - Maastricht Ist ein Campingplatz im S\u00fcden von Limburg. Der Campingplatz liegt in der Regel im H\u00fcgelland am Rande von Ravensbosch.\" \/>\n<meta name=\"robots\" content=\"index, follow, max-snippet:-1, max-image-preview:large, max-video-preview:-1\" \/>\n<link rel=\"canonical\" href=\"https:\/\/www.camping-valkenburg.com\/de\/region\/\" \/>\n<meta property=\"og:locale\" content=\"de_DE\" \/>\n<meta property=\"og:type\" content=\"article\" \/>\n<meta property=\"og:title\" content=\"Entdecken Sie die Region Limburg - Der Valkenburg - Maastricht Campingplatz\" \/>\n<meta property=\"og:description\" content=\"Camping Valkenburg - Maastricht Ist ein Campingplatz im S\u00fcden von Limburg. Der Campingplatz liegt in der Regel im H\u00fcgelland am Rande von Ravensbosch.\" \/>\n<meta property=\"og:url\" content=\"https:\/\/www.camping-valkenburg.com\/de\/region\/\" \/>\n<meta property=\"og:site_name\" content=\"Camping Valkenburg - Maastricht\" \/>\n<meta property=\"article:modified_time\" content=\"2024-05-27T14:29:14+00:00\" \/>\n<meta name=\"twitter:card\" content=\"summary_large_image\" \/>\n<meta name=\"twitter:label1\" content=\"Est. reading time\" \/>\n\t<meta name=\"twitter:data1\" content=\"3 Minuten\" \/>\n<script type=\"application\/ld+json\" class=\"yoast-schema-graph\">{\"@context\":\"https:\/\/schema.org\",\"@graph\":[{\"@type\":\"WebPage\",\"@id\":\"https:\/\/www.camping-valkenburg.com\/de\/region\/\",\"url\":\"https:\/\/www.camping-valkenburg.com\/de\/region\/\",\"name\":\"Entdecken Sie die Region Limburg - Der Valkenburg - Maastricht Campingplatz\",\"isPartOf\":{\"@id\":\"https:\/\/www.camping-valkenburg.com\/de\/#website\"},\"datePublished\":\"2021-02-05T08:30:17+00:00\",\"dateModified\":\"2024-05-27T14:29:14+00:00\",\"description\":\"Camping Valkenburg - Maastricht Ist ein Campingplatz im S\u00fcden von Limburg. Der Campingplatz liegt in der Regel im H\u00fcgelland am Rande von Ravensbosch.\",\"breadcrumb\":{\"@id\":\"https:\/\/www.camping-valkenburg.com\/de\/region\/#breadcrumb\"},\"inLanguage\":\"de-DE\",\"potentialAction\":[{\"@type\":\"ReadAction\",\"target\":[\"https:\/\/www.camping-valkenburg.com\/de\/region\/\"]}]},{\"@type\":\"BreadcrumbList\",\"@id\":\"https:\/\/www.camping-valkenburg.com\/de\/region\/#breadcrumb\",\"itemListElement\":[{\"@type\":\"ListItem\",\"position\":1,\"name\":\"Accueil\",\"item\":\"https:\/\/www.camping-valkenburg.com\/de\/\"},{\"@type\":\"ListItem\",\"position\":2,\"name\":\"Region\"}]},{\"@type\":\"WebSite\",\"@id\":\"https:\/\/www.camping-valkenburg.com\/de\/#website\",\"url\":\"https:\/\/www.camping-valkenburg.com\/de\/\",\"name\":\"Camping Valkenburg - Maastricht\",\"description\":\"Un site utilisant Citykamp\",\"potentialAction\":[{\"@type\":\"SearchAction\",\"target\":{\"@type\":\"EntryPoint\",\"urlTemplate\":\"https:\/\/www.camping-valkenburg.com\/de\/?s={search_term_string}\"},\"query-input\":{\"@type\":\"PropertyValueSpecification\",\"valueRequired\":true,\"valueName\":\"search_term_string\"}}],\"inLanguage\":\"de-DE\"}]}<\/script>\n<!-- \/ Yoast SEO plugin. -->","yoast_head_json":{"title":"Entdecken Sie die Region Limburg - Der Valkenburg - Maastricht Campingplatz","description":"Camping Valkenburg - Maastricht Ist ein Campingplatz im S\u00fcden von Limburg. Der Campingplatz liegt in der Regel im H\u00fcgelland am Rande von Ravensbosch.","robots":{"index":"index","follow":"follow","max-snippet":"max-snippet:-1","max-image-preview":"max-image-preview:large","max-video-preview":"max-video-preview:-1"},"canonical":"https:\/\/www.camping-valkenburg.com\/de\/region\/","og_locale":"de_DE","og_type":"article","og_title":"Entdecken Sie die Region Limburg - Der Valkenburg - Maastricht Campingplatz","og_description":"Camping Valkenburg - Maastricht Ist ein Campingplatz im S\u00fcden von Limburg. Der Campingplatz liegt in der Regel im H\u00fcgelland am Rande von Ravensbosch.","og_url":"https:\/\/www.camping-valkenburg.com\/de\/region\/","og_site_name":"Camping Valkenburg - Maastricht","article_modified_time":"2024-05-27T14:29:14+00:00","twitter_card":"summary_large_image","twitter_misc":{"Est. reading time":"3 Minuten"},"schema":{"@context":"https:\/\/schema.org","@graph":[{"@type":"WebPage","@id":"https:\/\/www.camping-valkenburg.com\/de\/region\/","url":"https:\/\/www.camping-valkenburg.com\/de\/region\/","name":"Entdecken Sie die Region Limburg - Der Valkenburg - Maastricht Campingplatz","isPartOf":{"@id":"https:\/\/www.camping-valkenburg.com\/de\/#website"},"datePublished":"2021-02-05T08:30:17+00:00","dateModified":"2024-05-27T14:29:14+00:00","description":"Camping Valkenburg - Maastricht Ist ein Campingplatz im S\u00fcden von Limburg. Der Campingplatz liegt in der Regel im H\u00fcgelland am Rande von Ravensbosch.","breadcrumb":{"@id":"https:\/\/www.camping-valkenburg.com\/de\/region\/#breadcrumb"},"inLanguage":"de-DE","potentialAction":[{"@type":"ReadAction","target":["https:\/\/www.camping-valkenburg.com\/de\/region\/"]}]},{"@type":"BreadcrumbList","@id":"https:\/\/www.camping-valkenburg.com\/de\/region\/#breadcrumb","itemListElement":[{"@type":"ListItem","position":1,"name":"Accueil","item":"https:\/\/www.camping-valkenburg.com\/de\/"},{"@type":"ListItem","position":2,"name":"Region"}]},{"@type":"WebSite","@id":"https:\/\/www.camping-valkenburg.com\/de\/#website","url":"https:\/\/www.camping-valkenburg.com\/de\/","name":"Camping Valkenburg - Maastricht","description":"Un site utilisant Citykamp","potentialAction":[{"@type":"SearchAction","target":{"@type":"EntryPoint","urlTemplate":"https:\/\/www.camping-valkenburg.com\/de\/?s={search_term_string}"},"query-input":{"@type":"PropertyValueSpecification","valueRequired":true,"valueName":"search_term_string"}}],"inLanguage":"de-DE"}]}},"_links":{"self":[{"href":"https:\/\/www.camping-valkenburg.com\/de\/wp-json\/wp\/v2\/pages\/1233","targetHints":{"allow":["GET"]}}],"collection":[{"href":"https:\/\/www.camping-valkenburg.com\/de\/wp-json\/wp\/v2\/pages"}],"about":[{"href":"https:\/\/www.camping-valkenburg.com\/de\/wp-json\/wp\/v2\/types\/page"}],"author":[{"embeddable":true,"href":"https:\/\/www.camping-valkenburg.com\/de\/wp-json\/wp\/v2\/users\/1"}],"replies":[{"embeddable":true,"href":"https:\/\/www.camping-valkenburg.com\/de\/wp-json\/wp\/v2\/comments?post=1233"}],"version-history":[{"count":6,"href":"https:\/\/www.camping-valkenburg.com\/de\/wp-json\/wp\/v2\/pages\/1233\/revisions"}],"predecessor-version":[{"id":3417,"href":"https:\/\/www.camping-valkenburg.com\/de\/wp-json\/wp\/v2\/pages\/1233\/revisions\/3417"}],"wp:attachment":[{"href":"https:\/\/www.camping-valkenburg.com\/de\/wp-json\/wp\/v2\/media?parent=1233"}],"curies":[{"name":"wp","href":"https:\/\/api.w.org\/{rel}","templated":true}]}}