{"id":108,"date":"2020-02-06T10:10:20","date_gmt":"2020-02-06T09:10:20","guid":{"rendered":"https:\/\/www.camping-valkenburg.com\/?page_id=108"},"modified":"2026-02-24T15:21:46","modified_gmt":"2026-02-24T14:21:46","slug":"home","status":"publish","type":"page","link":"https:\/\/www.camping-valkenburg.com\/de\/","title":{"rendered":"Home"},"content":{"rendered":"<div class=\"wpb-content-wrapper\"><p>[vc_row css=&#8220;.vc_custom_1580979973411{margin-left: -0.5px !important;}&#8220;][vc_column]<div class=\"wrappedcontent\">[vc_empty_space height=&#8220;35px&#8220;][vc_column_text css=&#8220;&#8220;]<\/p>\n<h2 style=\"text-align: center;\"><span style=\"font-size: 24pt;\"><strong>CAMPING IN DER NIEDERL\u00c4NDISCHEN PROVINZ LIMBURG <\/strong><\/span><\/h2>\n<h2 style=\"text-align: center;\"><span style=\"font-size: 24pt;\"><strong>STADTNAH UND MITTEN IM GR\u00dcNEN<\/strong><\/span><\/h2>\n<p style=\"text-align: center;\"><span style=\"font-size: 12pt;\"><em><span style=\"color: #e84e1b;\">Ge\u00f6ffnet vom 02\/04\/2026 bis 03\/01\/2027<br \/>\n<\/span><\/em><\/span><\/p>\n<p style=\"text-align: center;\" align=\"justify\">Herzlich willkommen auf dem Campingplatz Valkenburg &#8211; Maastricht im S\u00fcden der Niederlande!<\/p>\n<p style=\"text-align: center;\">Der Campingplatz liegt idyllisch eingebettet in der atemberaubenden Landschaft Limburgs, gepr\u00e4gt von sanften H\u00fcgeln, \u00fcppigen W\u00e4ldern und malerischen Fl\u00fcssen. Besuchen Sie die lebendigen St\u00e4dte Valkenburg und Maastricht, nur wenige Kilometer entfernt.<\/p>\n<p style=\"text-align: center;\">Hier k\u00f6nnen Sie das Beste aus beiden Welten genie\u00dfen:<br \/>\nErleben Sie Ruhe und Natur und nutzen Sie gleichzeitig die N\u00e4he zu den Sehensw\u00fcrdigkeiten und kulturellen Highlights der Region.<\/p>\n<p style=\"text-align: center;\">Mit nur 2 km bis nach Valkenburg und 15 km bis nach Maastricht ist der Campingplatz Valkenburg \u2013 Maastricht ideal gelegen f\u00fcr einen abwechslungsreichen Urlaub.<\/p>\n<p>[\/vc_column_text][vc_empty_space][vc_column_text]<\/p>\n<h2 style=\"text-align: center;\"><span style=\"color: #e94e1b;\">Was spricht f\u00fcr einen Aufenthalt auf dem Campingplatz Valkenburg \u2013 Maastricht?<\/span><\/h2>\n<p>[\/vc_column_text][vc_empty_space height=&#8220;20px&#8220;][vc_row_inner gap=&#8220;20&#8243; css=&#8220;.vc_custom_1666176350825{margin-left: -0.5px !important;}&#8220;][vc_column_inner width=&#8220;1\/4&#8243;][vc_single_image image=&#8220;2409&#8243; img_size=&#8220;600*400&#8243;][vc_empty_space height=&#8220;15px&#8220;][vc_column_text]<\/p>\n<p style=\"text-align: center;\"><span style=\"color: #e94e1b; font-size: 14pt;\"><strong>Der ideale Ausgangspunkt,<br \/>\num Valkenburg und Maastricht zu besuchen<\/strong><\/span><\/p>\n<p>[\/vc_column_text][vc_column_text css=&#8220;.vc_custom_1712829044884{padding-top: 10px !important;}&#8220;]Entdecken Sie die H\u00f6hlen und die Burgruine von Valkenburg, die historische Altstadt von Maastricht, sowie die k\u00f6stlichen Spezialit\u00e4ten der Region.[\/vc_column_text][\/vc_column_inner][vc_column_inner width=&#8220;1\/4&#8243;][vc_single_image image=&#8220;3235&#8243; img_size=&#8220;600*400&#8243;][vc_empty_space height=&#8220;15px&#8220;][vc_column_text]<\/p>\n<p style=\"text-align: center;\"><span style=\"color: #e94e1b; font-size: 14pt;\"><strong>Raus in die Natur:<br \/>\nEntdecken Sie die Provinz Limburg<\/strong><\/span><\/p>\n<p>[\/vc_column_text][vc_column_text css=&#8220;.vc_custom_1712829062748{padding-top: 10px !important;}&#8220;]Limburg bietet eine F\u00fclle von M\u00f6glichkeiten zum Wandern, Radfahren und Erkunden. Unternehmen Sie eine Fahrradtour durch idyllische Landschaften und charmante D\u00f6rfer.[\/vc_column_text][\/vc_column_inner][vc_column_inner width=&#8220;1\/4&#8243;][vc_single_image image=&#8220;2356&#8243; img_size=&#8220;600*400&#8243;][vc_empty_space height=&#8220;15px&#8220;][vc_column_text]<\/p>\n<p style=\"text-align: center;\"><span style=\"color: #e94e1b; font-size: 14pt;\"><strong>Unterk\u00fcnfte und Stellpl\u00e4tze<br \/>\nmit allem Komfort<\/strong><\/span><\/p>\n<p>[\/vc_column_text][vc_column_text css=&#8220;.vc_custom_1712932410632{padding-top: 10px !important;}&#8220;]Machen Sie es sich mit Ihrem Wohnwagen, Wohnmobil oder Zelt auf einem unserer sch\u00f6nen Stellpl\u00e4tze gem\u00fctlich oder mieten Sie eine Unterkunft mit allem Komfort: Chalets, Schindelwagen oder Lodgezelte aus Zelttuch und Holz![\/vc_column_text][\/vc_column_inner][vc_column_inner width=&#8220;1\/4&#8243;][vc_single_image image=&#8220;2360&#8243; img_size=&#8220;600*400&#8243;][vc_empty_space height=&#8220;15px&#8220;][vc_column_text]<\/p>\n<p style=\"text-align: center;\"><span style=\"color: #e94e1b; font-size: 14pt;\"><strong>Hochwertige Ausstattung<\/strong><\/span><\/p>\n<p>[\/vc_column_text][vc_column_text css=&#8220;.vc_custom_1712932459526{padding-top: 10px !important;}&#8220;]Genie\u00dfen Sie vor Ort unsere hochwertigen Einrichtungen f\u00fcr die ganze Familie. Einen Foodtruck f\u00fcr gro\u00dfe und kleine Genie\u00dfer, ein kleiner Minimarkt mit den wichtigsten Produkten. Bettw\u00e4sche und Handt\u00fccher sind inbegriffen und liegen in Ihrer Mietunterkunft f\u00fcr Sie bereit.[\/vc_column_text][\/vc_column_inner][\/vc_row_inner][vc_empty_space height=&#8220;20px&#8220;][vc_btn title=&#8220;AUFENTHALT BUCHEN&#8220; style=&#8220;custom&#8220; custom_background=&#8220;#e94e1b&#8220; custom_text=&#8220;#ffffff&#8220; link=&#8220;url:http%3A%2F%2Fcheckout.citykamp.com%2Fsite%2Fde%2F933&#8243;][vc_empty_space][vc_row_inner gap=&#8220;20&#8243; css=&#8220;.vc_custom_1613058520803{margin-left: -0.5px !important;}&#8220;][vc_column_inner width=&#8220;1\/4&#8243;][vc_masonry_media_grid element_width=&#8220;12&#8243; gap=&#8220;0&#8243; item=&#8220;1239&#8243; grid_id=&#8220;vc_gid:1769685576105-d1ff378c-6e2e-2&#8243; include=&#8220;2601&#8243;][\/vc_column_inner][vc_column_inner width=&#8220;1\/4&#8243;][vc_masonry_media_grid element_width=&#8220;12&#8243; gap=&#8220;0&#8243; item=&#8220;1240&#8243; grid_id=&#8220;vc_gid:1769685576108-7d200122-e86f-1&#8243; include=&#8220;2385&#8243;][\/vc_column_inner][vc_column_inner width=&#8220;1\/4&#8243;][vc_masonry_media_grid element_width=&#8220;12&#8243; gap=&#8220;0&#8243; item=&#8220;1241&#8243; grid_id=&#8220;vc_gid:1769685576112-267f4adc-cd84-9&#8243; include=&#8220;2605&#8243;][\/vc_column_inner][vc_column_inner width=&#8220;1\/4&#8243;][vc_masonry_media_grid element_width=&#8220;12&#8243; gap=&#8220;0&#8243; item=&#8220;1242&#8243; grid_id=&#8220;vc_gid:1769685576116-4ae0881a-36c8-6&#8243; include=&#8220;2609&#8243;][\/vc_column_inner][\/vc_row_inner][vc_empty_space height=&#8220;50px&#8220;]<\/div>[\/vc_column][\/vc_row][vc_row][vc_column css=&#8220;.vc_custom_1680084980463{background-color: rgba(233,78,27,0.2) !important;*background-color: rgb(233,78,27) !important;}&#8220;]<div class=\"wrappedcontent\">[vc_column_text]<\/p>\n<h2 style=\"text-align: center;\"><span style=\"font-size: 20pt;\"><strong>PROFITIEREN SIE VON HOCHWERTIGEN SERVICELEISTUNGEN UND AUSSTATTUNGEN<\/strong><\/span><\/h2>\n<p>[\/vc_column_text][vc_empty_space][vc_row_inner][vc_column_inner width=&#8220;1\/5&#8243;][vc_single_image image=&#8220;2666&#8243; img_size=&#8220;60*60&#8243; alignment=&#8220;center&#8220;][vc_empty_space height=&#8220;20px&#8220;][vc_column_text]<\/p>\n<p style=\"text-align: center;\">Gratis WLAN<\/p>\n<p>[\/vc_column_text][\/vc_column_inner][vc_column_inner width=&#8220;1\/5&#8243;][vc_single_image image=&#8220;2686&#8243; img_size=&#8220;60*60&#8243; alignment=&#8220;center&#8220;][vc_empty_space height=&#8220;20px&#8220;][vc_column_text]<\/p>\n<p style=\"text-align: center;\">Gratisparkplatz<\/p>\n<p>[\/vc_column_text][\/vc_column_inner][vc_column_inner width=&#8220;1\/5&#8243;][vc_single_image image=&#8220;2674&#8243; img_size=&#8220;60*60&#8243; alignment=&#8220;center&#8220;][vc_empty_space height=&#8220;20px&#8220;][vc_column_text]<\/p>\n<p style=\"text-align: center;\">Verpflegung<\/p>\n<p>[\/vc_column_text][\/vc_column_inner][vc_column_inner width=&#8220;1\/5&#8243;][vc_single_image image=&#8220;2678&#8243; img_size=&#8220;60*60&#8243; alignment=&#8220;center&#8220;][vc_empty_space height=&#8220;20px&#8220;][vc_column_text]<\/p>\n<p style=\"text-align: center;\">Bettw\u00e4sche- und Handt\u00fccher inkl.<\/p>\n<p>[\/vc_column_text][\/vc_column_inner][vc_column_inner width=&#8220;1\/5&#8243;][vc_single_image image=&#8220;2682&#8243; img_size=&#8220;60*60&#8243; alignment=&#8220;center&#8220;][vc_empty_space height=&#8220;20px&#8220;][vc_column_text]<\/p>\n<p style=\"text-align: center;\">2 Beheizte Schwimmb\u00e4der<\/p>\n<p>[\/vc_column_text][\/vc_column_inner][\/vc_row_inner]<\/div>[\/vc_column][\/vc_row][vc_row][vc_column]<div class=\"wrappedcontent\">[vc_row_inner gap=&#8220;30&#8243;][vc_column_inner width=&#8220;1\/3&#8243;][vc_masonry_media_grid element_width=&#8220;12&#8243; gap=&#8220;0&#8243; grid_id=&#8220;vc_gid:1769685576266-a852012a-22b8-3&#8243; include=&#8220;2724&#8243;][\/vc_column_inner][vc_column_inner width=&#8220;2\/3&#8243;][vc_empty_space height=&#8220;40px&#8220;][vc_column_text]<\/p>\n<h2><span style=\"color: #e94e1b;\">CAMPING CARD<\/span><\/h2>\n<p><span style=\"font-size: 12pt;\">Campen Sie ab <span style=\"color: #e84e1b;\"><strong>15\u20ac<\/strong><\/span>* pro \u00dcbernachtung mit der <span style=\"color: #e94e1b;\"><a style=\"color: #e94e1b;\" href=\"https:\/\/www.citykamp.com\/de\/camping-card\/\"><span style=\"text-decoration: underline;\">Camping Card<\/span><\/a><\/span>\u00a0Huttopia.<\/span><br \/>\n<span style=\"font-size: 12pt;\">Profitieren Sie von reduzierten Preisen und Gratis\u00fcbernachtungen in der Vor- und Nachsaison auf allen <span style=\"text-decoration: underline; color: #e94e1b;\"><a style=\"color: #e94e1b; text-decoration: underline;\" href=\"https:\/\/www.citykamp.com\/de\/reiseziele\/\">CityKamp<\/a><\/span> Campingpl\u00e4tzen, <span style=\"text-decoration: underline; color: #e94e1b;\"><a style=\"color: #e94e1b; text-decoration: underline;\" href=\"https:\/\/www.onlycamp.fr\/en\/\">Onlycamp<\/a><\/span> und <span style=\"text-decoration: underline; color: #e94e1b;\"><a style=\"color: #e94e1b; text-decoration: underline;\" href=\"https:\/\/europe.huttopia.com\/de\/destinations\/campings\/\">Huttopia Campingpl\u00e4tzen<\/a><\/span>.<\/span><\/p>\n<p><em><span style=\"font-size: 10pt;\">*Preis beinhaltet 1 Stellplatz f\u00fcr 2 Personen mit Stromanschluss (+ Haustier gratis)<\/span><\/em>[\/vc_column_text][vc_empty_space][vc_btn title=&#8220;MEHR ERFAHREN&#8220; style=&#8220;custom&#8220; custom_background=&#8220;#e94e1b&#8220; custom_text=&#8220;#ffffff&#8220; align=&#8220;left&#8220; link=&#8220;url:https%3A%2F%2Fwww.citykamp.com%2Fde%2Fcamping-card%2F&#8220;][\/vc_column_inner][\/vc_row_inner]<\/div>[\/vc_column][\/vc_row][vc_row][vc_column css=&#8220;.vc_custom_1680084980463{background-color: rgba(233,78,27,0.2) !important;*background-color: rgb(233,78,27) !important;}&#8220;]<div class=\"wrappedcontent\">[vc_row_inner][vc_column_inner width=&#8220;1\/3&#8243;][vc_single_image image=&#8220;2691&#8243; img_size=&#8220;71*71&#8243; alignment=&#8220;center&#8220;][vc_empty_space height=&#8220;20px&#8220;][vc_column_text]<\/p>\n<p style=\"text-align: center;\"><span style=\"text-decoration: underline; color: #000000;\"><a style=\"color: #000000;\" href=\"https:\/\/media.huttopia.com\/destinations\/valkenburg-maastricht\/plan-citykamp-camping-valkenburg-maastricht.pdf\" target=\"_blank\" rel=\"noopener noreferrer\"><strong>Platzplan<\/strong><\/a><\/span><\/p>\n<p>[\/vc_column_text][\/vc_column_inner][vc_column_inner width=&#8220;1\/3&#8243;][vc_single_image image=&#8220;2695&#8243; img_size=&#8220;71*71&#8243; alignment=&#8220;center&#8220;][vc_empty_space height=&#8220;20px&#8220;][vc_column_text]<\/p>\n<p style=\"text-align: center;\"><span style=\"text-decoration: underline; color: #000000;\"><strong><a style=\"color: #000000; text-decoration: underline;\" href=\"https:\/\/www.camping-valkenburg.com\/de\/kontakt\/\">Kontakt<\/a><\/strong><\/span><\/p>\n<p>[\/vc_column_text][\/vc_column_inner][vc_column_inner width=&#8220;1\/3&#8243;][vc_single_image image=&#8220;2699&#8243; img_size=&#8220;71*71&#8243; alignment=&#8220;center&#8220;][vc_empty_space height=&#8220;20px&#8220;][vc_column_text]<\/p>\n<p style=\"text-align: center;\"><span style=\"text-decoration: underline; color: #000000;\"><strong><a style=\"color: #000000; text-decoration: underline;\" href=\"https:\/\/www.google.com\/maps\/place\/Camping+Valkenburg+-+Maastricht\/@50.8813096,5.8336073,15z\/data=!4m2!3m1!1s0x0:0x474dde9153135d13?sa=X&amp;ved=2ahUKEwiK-9a27M_uAhWl8uAKHXfFBhcQ_BIwC3oECBcQBQ\">Reiseroute<\/a><\/strong><\/span><\/p>\n<p>[\/vc_column_text][\/vc_column_inner][\/vc_row_inner]<\/div>[\/vc_column][\/vc_row][vc_row css=&#8220;.vc_custom_1680086161780{margin-left: -0.5px !important;}&#8220;][vc_column]<div class=\"wrappedcontent\">[vc_column_text]<\/p>\n<h2 style=\"text-align: center;\"><span style=\"font-size: 20pt;\">WIE KOMME ICH ZUM CAMPINGPLATZ VALKENBURG &#8211; MAASTRICHT ?<\/span><\/h2>\n<p>[\/vc_column_text][vc_empty_space height=&#8220;40px&#8220;][vc_row_inner][vc_column_inner width=&#8220;1\/3&#8243;][vc_column_text]<\/p>\n<h3 style=\"text-align: center;\"><span style=\"font-size: 14pt; color: #000000;\"><strong>Mit dem Auto<\/strong><\/span><\/h3>\n<p style=\"text-align: center;\">Von Eindhoven kommend: Auf der A2 bis zur Ausfahrt 49 (Elsloo). Dann weiter auf der Stationstraat, Adsteeg, Schimmerterweg, Haagstraat\u2026 und danach Ravensbos in Richtung Stoepertweg in Valkenburg<\/p>\n<p>[\/vc_column_text][\/vc_column_inner][vc_column_inner width=&#8220;1\/3&#8243;][vc_column_text]<\/p>\n<h3 style=\"text-align: center;\"><span style=\"font-size: 14pt; color: #000000;\"><strong>Mit dem Zug<\/strong><\/span><\/h3>\n<p style=\"text-align: center;\">Station Valkenburg<\/p>\n<p>[\/vc_column_text][\/vc_column_inner][vc_column_inner width=&#8220;1\/3&#8243;][vc_column_text]<\/p>\n<h3 style=\"text-align: center;\"><span style=\"font-size: 14pt; color: #000000;\"><strong>Mit dem Flugzeug<\/strong><\/span><\/h3>\n<p style=\"text-align: center;\">Flughafen Maastricht (10 km)<\/p>\n<p>[\/vc_column_text][\/vc_column_inner][\/vc_row_inner]<\/div>[\/vc_column][\/vc_row][vc_row][vc_column css=&#8220;.vc_custom_1680086184918{background-color: rgba(233,78,27,0.2) !important;*background-color: rgb(233,78,27) !important;}&#8220;]<div class=\"wrappedcontent\">[vc_row_inner css=&#8220;.vc_custom_1613057767908{margin-bottom: -30px !important;}&#8220;][vc_column_inner width=&#8220;1\/4&#8243;][vc_single_image image=&#8220;2703&#8243; img_size=&#8220;60*60&#8243; alignment=&#8220;center&#8220;][vc_empty_space height=&#8220;20px&#8220;][vc_column_text]<\/p>\n<p style=\"text-align: center;\">4 Sterne<\/p>\n<p>[\/vc_column_text][\/vc_column_inner][vc_column_inner width=&#8220;1\/4&#8243;][vc_single_image image=&#8220;2707&#8243; img_size=&#8220;60*60&#8243; alignment=&#8220;center&#8220;][vc_empty_space height=&#8220;20px&#8220;][vc_column_text]<\/p>\n<p style=\"text-align: center;\">Gesamtfl\u00e4che: 12 ha<\/p>\n<p>[\/vc_column_text][\/vc_column_inner][vc_column_inner width=&#8220;1\/4&#8243;][vc_single_image image=&#8220;2711&#8243; img_size=&#8220;60*60&#8243; alignment=&#8220;center&#8220;][vc_empty_space height=&#8220;20px&#8220;][vc_column_text]<\/p>\n<p style=\"text-align: center;\">185 Stellpl\u00e4tze<\/p>\n<p>[\/vc_column_text][\/vc_column_inner][vc_column_inner width=&#8220;1\/4&#8243;][vc_single_image image=&#8220;2715&#8243; img_size=&#8220;60*60&#8243; alignment=&#8220;center&#8220;][vc_empty_space height=&#8220;20px&#8220;][vc_column_text]<\/p>\n<p style=\"text-align: center;\">Barrierefreier Campingplatz<\/p>\n<p>[\/vc_column_text][\/vc_column_inner][\/vc_row_inner]<\/div>[\/vc_column][\/vc_row][vc_row][vc_column]\n    <div id=\"map886911\" class=\"map\"><\/div>\n    <script type=\"text\/javascript\">\n        let iconType = L.icon({\n            iconUrl: baseDirectory + '\/img\/pin.png',\n            iconSize: [22, 48],\n            iconAnchor: [11, 46],\n            popupAnchor: [0, -46]\n        });\n        let map = L.map('map886911', {\n            center: L.latLng(50.88073154876846, 5.833451568687647),\n            zoom: 10.8,\n            layers: [L.tileLayer('https:\/\/cartodb-basemaps-b.global.ssl.fastly.net\/light_all\/{z}\/{x}\/{y}.png', {\n                attribution: '&copy; <a href=\"https:\/\/www.openstreetmap.org\/copyright\">OpenStreetMap<\/a>'\n            })],\n            zoomSnap: 0.2\n        });\n        setTimeout(map.invalidateSize.bind(map), 100);\n        let contentString = '<div id=\"content\">' +\n            '<div id=\"siteNotice\">' +\n            '<\/div>' +\n            '<h4 id=\"firstHeading\" class=\"firstHeading\">Camping Valkenburg - Maastricht<\/h4>' +\n            '<div id=\"bodyContent\">' +\n            '<p><\/p>' +\n            '<p>Stoepertweg 5 6301 WP Valkenburg<\/p>' +\n            '<\/div>' +\n            '<\/div>';\n        let marker = L.marker([50.88073154876846, 5.833451568687647], {icon: iconType}).addTo(map);\n        marker.bindPopup(contentString).openPopup();\n        let iwOuter = document.querySelector('.leaflet-popup-content-wrapper');\n        let iwArrow = document.querySelector('.leaflet-popup-tip');\n        iwOuter.style.backgroundColor = '#E84E1B';\n        iwArrow.style.backgroundColor = '#E84E1B';\n    <\/script>\n    [\/vc_column][\/vc_row]<\/p>\n<\/div>","protected":false},"excerpt":{"rendered":"<p>[vc_row css=&#8220;.vc_custom_1580979973411{margin-left: -0.5px !important;}&#8220;][vc_column][\/vc_column][\/vc_row][vc_row][vc_column css=&#8220;.vc_custom_1680084980463{background-color: rgba(233,78,27,0.2) !important;*background-color: rgb(233,78,27) !important;}&#8220;][\/vc_column][\/vc_row][vc_row][vc_column][\/vc_column][\/vc_row][vc_row][vc_column css=&#8220;.vc_custom_1680084980463{background-color: rgba(233,78,27,0.2) !important;*background-color: rgb(233,78,27) !important;}&#8220;][\/vc_column][\/vc_row][vc_row css=&#8220;.vc_custom_1680086161780{margin-left: -0.5px !important;}&#8220;][vc_column][\/vc_column][\/vc_row][vc_row][vc_column css=&#8220;.vc_custom_1680086184918{background-color: rgba(233,78,27,0.2) !important;*background-color: rgb(233,78,27) !important;}&#8220;][\/vc_column][\/vc_row][vc_row][vc_column][\/vc_column][\/vc_row]<\/p>\n","protected":false},"author":4,"featured_media":0,"parent":0,"menu_order":0,"comment_status":"closed","ping_status":"closed","template":"templates\/page-home.php","meta":{"footnotes":""},"class_list":["post-108","page","type-page","status-publish","hentry"],"yoast_head":"<!-- This site is optimized with the Yoast SEO plugin v25.6 - https:\/\/yoast.com\/wordpress\/plugins\/seo\/ -->\n<title>Campingplatz Valkenburg - Maastricht | Limburg, Niederlande<\/title>\n<meta name=\"description\" content=\"Verbringen Sie einen abwechslungsreichen Urlaub auf dem Campingplatz Valkenburg - Maastricht im niederl\u00e4ndischen Limburg.\" \/>\n<meta name=\"robots\" content=\"index, follow, max-snippet:-1, max-image-preview:large, max-video-preview:-1\" \/>\n<link rel=\"canonical\" href=\"https:\/\/www.camping-valkenburg.com\/de\/\" \/>\n<meta property=\"og:locale\" content=\"de_DE\" \/>\n<meta property=\"og:type\" content=\"article\" \/>\n<meta property=\"og:title\" content=\"Campingplatz Valkenburg - Maastricht | Limburg, Niederlande\" \/>\n<meta property=\"og:description\" content=\"Verbringen Sie einen abwechslungsreichen Urlaub auf dem Campingplatz Valkenburg - Maastricht im niederl\u00e4ndischen Limburg.\" \/>\n<meta property=\"og:url\" content=\"https:\/\/www.camping-valkenburg.com\/de\/\" \/>\n<meta property=\"og:site_name\" content=\"Camping Valkenburg - Maastricht\" \/>\n<meta property=\"article:modified_time\" content=\"2026-02-24T14:21:46+00:00\" \/>\n<meta property=\"og:image\" content=\"https:\/\/www.camping-valkenburg.com\/uploads\/sites\/35\/2025\/01\/header_accueil_2-1.jpg\" \/>\n\t<meta property=\"og:image:width\" content=\"1440\" \/>\n\t<meta property=\"og:image:height\" content=\"718\" \/>\n\t<meta property=\"og:image:type\" content=\"image\/jpeg\" \/>\n<meta name=\"twitter:card\" content=\"summary_large_image\" \/>\n<meta name=\"twitter:label1\" content=\"Est. reading time\" \/>\n\t<meta name=\"twitter:data1\" content=\"4 Minuten\" \/>\n<script type=\"application\/ld+json\" class=\"yoast-schema-graph\">{\"@context\":\"https:\/\/schema.org\",\"@graph\":[{\"@type\":\"WebPage\",\"@id\":\"https:\/\/www.camping-valkenburg.com\/de\/\",\"url\":\"https:\/\/www.camping-valkenburg.com\/de\/\",\"name\":\"Campingplatz Valkenburg - Maastricht | Limburg, Niederlande\",\"isPartOf\":{\"@id\":\"https:\/\/www.camping-valkenburg.com\/de\/#website\"},\"datePublished\":\"2020-02-06T09:10:20+00:00\",\"dateModified\":\"2026-02-24T14:21:46+00:00\",\"description\":\"Verbringen Sie einen abwechslungsreichen Urlaub auf dem Campingplatz Valkenburg - Maastricht im niederl\u00e4ndischen Limburg.\",\"breadcrumb\":{\"@id\":\"https:\/\/www.camping-valkenburg.com\/de\/#breadcrumb\"},\"inLanguage\":\"de-DE\",\"potentialAction\":[{\"@type\":\"ReadAction\",\"target\":[\"https:\/\/www.camping-valkenburg.com\/de\/\"]}]},{\"@type\":\"BreadcrumbList\",\"@id\":\"https:\/\/www.camping-valkenburg.com\/de\/#breadcrumb\",\"itemListElement\":[{\"@type\":\"ListItem\",\"position\":1,\"name\":\"Accueil\",\"item\":\"https:\/\/www.camping-valkenburg.com\/de\/\"},{\"@type\":\"ListItem\",\"position\":2,\"name\":\"Home\"}]},{\"@type\":\"WebSite\",\"@id\":\"https:\/\/www.camping-valkenburg.com\/de\/#website\",\"url\":\"https:\/\/www.camping-valkenburg.com\/de\/\",\"name\":\"Camping Valkenburg - Maastricht\",\"description\":\"Un site utilisant Citykamp\",\"potentialAction\":[{\"@type\":\"SearchAction\",\"target\":{\"@type\":\"EntryPoint\",\"urlTemplate\":\"https:\/\/www.camping-valkenburg.com\/de\/?s={search_term_string}\"},\"query-input\":{\"@type\":\"PropertyValueSpecification\",\"valueRequired\":true,\"valueName\":\"search_term_string\"}}],\"inLanguage\":\"de-DE\"}]}<\/script>\n<!-- \/ Yoast SEO plugin. -->","yoast_head_json":{"title":"Campingplatz Valkenburg - Maastricht | Limburg, Niederlande","description":"Verbringen Sie einen abwechslungsreichen Urlaub auf dem Campingplatz Valkenburg - Maastricht im niederl\u00e4ndischen Limburg.","robots":{"index":"index","follow":"follow","max-snippet":"max-snippet:-1","max-image-preview":"max-image-preview:large","max-video-preview":"max-video-preview:-1"},"canonical":"https:\/\/www.camping-valkenburg.com\/de\/","og_locale":"de_DE","og_type":"article","og_title":"Campingplatz Valkenburg - Maastricht | Limburg, Niederlande","og_description":"Verbringen Sie einen abwechslungsreichen Urlaub auf dem Campingplatz Valkenburg - Maastricht im niederl\u00e4ndischen Limburg.","og_url":"https:\/\/www.camping-valkenburg.com\/de\/","og_site_name":"Camping Valkenburg - Maastricht","article_modified_time":"2026-02-24T14:21:46+00:00","og_image":[{"width":1440,"height":718,"url":"https:\/\/www.camping-valkenburg.com\/uploads\/sites\/35\/2025\/01\/header_accueil_2-1.jpg","type":"image\/jpeg"}],"twitter_card":"summary_large_image","twitter_misc":{"Est. reading time":"4 Minuten"},"schema":{"@context":"https:\/\/schema.org","@graph":[{"@type":"WebPage","@id":"https:\/\/www.camping-valkenburg.com\/de\/","url":"https:\/\/www.camping-valkenburg.com\/de\/","name":"Campingplatz Valkenburg - Maastricht | Limburg, Niederlande","isPartOf":{"@id":"https:\/\/www.camping-valkenburg.com\/de\/#website"},"datePublished":"2020-02-06T09:10:20+00:00","dateModified":"2026-02-24T14:21:46+00:00","description":"Verbringen Sie einen abwechslungsreichen Urlaub auf dem Campingplatz Valkenburg - Maastricht im niederl\u00e4ndischen Limburg.","breadcrumb":{"@id":"https:\/\/www.camping-valkenburg.com\/de\/#breadcrumb"},"inLanguage":"de-DE","potentialAction":[{"@type":"ReadAction","target":["https:\/\/www.camping-valkenburg.com\/de\/"]}]},{"@type":"BreadcrumbList","@id":"https:\/\/www.camping-valkenburg.com\/de\/#breadcrumb","itemListElement":[{"@type":"ListItem","position":1,"name":"Accueil","item":"https:\/\/www.camping-valkenburg.com\/de\/"},{"@type":"ListItem","position":2,"name":"Home"}]},{"@type":"WebSite","@id":"https:\/\/www.camping-valkenburg.com\/de\/#website","url":"https:\/\/www.camping-valkenburg.com\/de\/","name":"Camping Valkenburg - Maastricht","description":"Un site utilisant Citykamp","potentialAction":[{"@type":"SearchAction","target":{"@type":"EntryPoint","urlTemplate":"https:\/\/www.camping-valkenburg.com\/de\/?s={search_term_string}"},"query-input":{"@type":"PropertyValueSpecification","valueRequired":true,"valueName":"search_term_string"}}],"inLanguage":"de-DE"}]}},"_links":{"self":[{"href":"https:\/\/www.camping-valkenburg.com\/de\/wp-json\/wp\/v2\/pages\/108","targetHints":{"allow":["GET"]}}],"collection":[{"href":"https:\/\/www.camping-valkenburg.com\/de\/wp-json\/wp\/v2\/pages"}],"about":[{"href":"https:\/\/www.camping-valkenburg.com\/de\/wp-json\/wp\/v2\/types\/page"}],"author":[{"embeddable":true,"href":"https:\/\/www.camping-valkenburg.com\/de\/wp-json\/wp\/v2\/users\/4"}],"replies":[{"embeddable":true,"href":"https:\/\/www.camping-valkenburg.com\/de\/wp-json\/wp\/v2\/comments?post=108"}],"version-history":[{"count":10,"href":"https:\/\/www.camping-valkenburg.com\/de\/wp-json\/wp\/v2\/pages\/108\/revisions"}],"predecessor-version":[{"id":3663,"href":"https:\/\/www.camping-valkenburg.com\/de\/wp-json\/wp\/v2\/pages\/108\/revisions\/3663"}],"wp:attachment":[{"href":"https:\/\/www.camping-valkenburg.com\/de\/wp-json\/wp\/v2\/media?parent=108"}],"curies":[{"name":"wp","href":"https:\/\/api.w.org\/{rel}","templated":true}]}}